{"id":8377,"date":"2026-05-08T09:28:16","date_gmt":"2026-05-08T09:28:16","guid":{"rendered":"https:\/\/lowolfcraftbeer.com\/?post_type=product&#038;p=8377"},"modified":"2026-05-08T10:27:46","modified_gmt":"2026-05-08T10:27:46","slug":"hazy-breezy","status":"publish","type":"product","link":"https:\/\/lowolfcraftbeer.com\/hu\/product\/hazy-breezy\/","title":{"rendered":"HAZY BREEZY"},"content":{"rendered":"<p style=\"text-align: center;\">MENNYIS\u00c9GI KEDVEZM\u00c9NY<\/p>\n<p>Hamarosan&#8230;<\/p>\n","protected":false},"excerpt":{"rendered":"<p data-start=\"103\" data-end=\"135\"><strong data-start=\"103\" data-end=\"135\">Style: DDH American HAZY IPA<\/strong><\/p>\n<p data-start=\"137\" data-end=\"752\"><em><strong>A L\u00f6WOLF &#8220;HOPPY JUICE&#8221; (koml\u00f3 dzs\u00faz) sorozat 9. tagja egy igazi tr\u00f3pusi hangulat\u00fa, k\u00f6nnyed, kellemesen koml\u00f3arom\u00e1s, illatos HAZY IPA, amely a HAZY BREEZY nevet kapta. Egy olyan cs\u00fazos s\u00f6r, ami egyszerre friss\u00edt\u0151, gy\u00fcm\u00f6lcs\u00f6s \u00e9s elk\u00e9peszt\u0151en j\u00f3l ihat\u00f3 \u2013 amit kortyolgatva szinte egy p\u00e1lmafa alatt \u00e9rzed magad, az \u00f3ce\u00e1n partj\u00e1n.<\/strong><\/em><br data-start=\"462\" data-end=\"465\" \/>Ez\u00fattal egy klasszikus, m\u00e9gis zseni\u00e1lis amerikai koml\u00f3tri\u00f3hoz ny\u00faltunk: Amarillo, Citra, Centennial. C\u00e9lunk az volt, hogy egy letisztult, de maxim\u00e1lisan juicy karaktert hozzunk ki bel\u0151l\u00fck, ahol a citrusos \u00e9s tr\u00f3pusi jegyek domin\u00e1lnak.<br data-start=\"699\" data-end=\"702\" \/>K\u00f3stold meg! K\u00f6telez\u0151 t\u00e9tel a m\u0171faj kedvel\u0151inek.<\/p>\n<p data-start=\"754\" data-end=\"1206\">\u26a0\ufe0f FIGYELEM:<br data-start=\"766\" data-end=\"769\" \/>Ez a t\u00e9tel annyira j\u00f3l siker\u00fclt, hogy a CAN-ek gyakorlatilag m\u00e1r el\u0151v\u00e9telben elfogytak! A L\u00f6WOLF-t\u00f3l szokatlan m\u00f3don ez\u00e9rt \u00fajraf\u0151zz\u00fck! Addig az els\u0151 k\u00f6r m\u00e1r most vad\u00e1szott darab lett.<br data-start=\"952\" data-end=\"955\" \/>\u2022 Ha valahol szembej\u00f6n, ne gondolkodj sok\u00e1ig, csapj le r\u00e1!<br data-start=\"1014\" data-end=\"1017\" \/>\u2022 K\u00e9rdezz r\u00e1 a kedvenc craft helyeden \u2013 k\u00f6nnyen lehet, hogy \u0151k is a szemf\u00fcles partnereink egyike\u2026<br data-start=\"1115\" data-end=\"1118\" \/>\u2022 A k\u00f6vetkez\u0151 f\u0151zet (CAN) \u00e9rkez\u00e9s\u00e9ig pedig a csapolt lehet\u0151s\u00e9gekr\u0151l se feledkezz meg!<\/p>\n<h3 style=\"text-align: left;\"><span style=\"color: #808080;\"><span style=\"color: #333333;\"><strong>St\u00edlus:<\/strong><\/span> DDH American HAZY IPA<\/span><\/h3>\n<p><strong>KOML\u00d3K<\/strong>: Amarillo (USA), Citra (USA), Centennial (USA)<\/p>\n<p style=\"text-align: left;\"><span style=\"color: #808080;\"><span style=\"color: #333333;\"><strong>PLUSSZ HOZZ\u00c1ADVA: <\/strong><\/span>&#8211;<\/span><\/p>\n<p style=\"text-align: left;\"><span style=\"color: #808080;\"><span style=\"color: #333333;\"><strong>CAN<\/strong><\/span> | 0,44l | <span style=\"color: #333333;\"><strong>B<\/strong><\/span> 15,4 | <span style=\"color: #333333;\"><strong>IBU<\/strong><\/span> 13 | <span style=\"color: #333333;\"><strong>EBC<\/strong><\/span> 8 | <span style=\"color: #333333;\"><strong>ALC.<\/strong><\/span> 6,2% (V\/V)<\/span><\/p>\n<h3><span style=\"color: #ffcc00;\"><a style=\"color: #ffcc00;\" href=\"https:\/\/untappd.com\/b\/lowolf-craft-beer-co-hazy-breezy\/6674119\/photos\">UNTAPPD: L\u00f6WOLF &#8211; HAZY BREEZY<\/a><\/span><\/h3>\n<h3><\/h3>\n","protected":false},"featured_media":8378,"comment_status":"open","ping_status":"closed","template":"","meta":{"spay_email":""},"etheme_brands":[],"_links":{"self":[{"href":"https:\/\/lowolfcraftbeer.com\/hu\/wp-json\/wp\/v2\/product\/8377"}],"collection":[{"href":"https:\/\/lowolfcraftbeer.com\/hu\/wp-json\/wp\/v2\/product"}],"about":[{"href":"https:\/\/lowolfcraftbeer.com\/hu\/wp-json\/wp\/v2\/types\/product"}],"replies":[{"embeddable":true,"href":"https:\/\/lowolfcraftbeer.com\/hu\/wp-json\/wp\/v2\/comments?post=8377"}],"version-history":[{"count":2,"href":"https:\/\/lowolfcraftbeer.com\/hu\/wp-json\/wp\/v2\/product\/8377\/revisions"}],"predecessor-version":[{"id":8384,"href":"https:\/\/lowolfcraftbeer.com\/hu\/wp-json\/wp\/v2\/product\/8377\/revisions\/8384"}],"wp:featuredmedia":[{"embeddable":true,"href":"https:\/\/lowolfcraftbeer.com\/hu\/wp-json\/wp\/v2\/media\/8378"}],"wp:attachment":[{"href":"https:\/\/lowolfcraftbeer.com\/hu\/wp-json\/wp\/v2\/media?parent=8377"}],"wp:term":[{"taxonomy":"brand","embeddable":true,"href":"https:\/\/lowolfcraftbeer.com\/hu\/wp-json\/wp\/v2\/etheme_brands?post=8377"}],"curies":[{"name":"wp","href":"https:\/\/api.w.org\/{rel}","templated":true}]}}