{"id":8352,"date":"2025-12-17T16:15:30","date_gmt":"2025-12-17T16:15:30","guid":{"rendered":"https:\/\/lowolfcraftbeer.com\/?post_type=product&#038;p=8352"},"modified":"2025-12-17T16:44:45","modified_gmt":"2025-12-17T16:44:45","slug":"puszilva-liquid-plum-pie-12-pack","status":"publish","type":"product","link":"https:\/\/lowolfcraftbeer.com\/hu\/product\/puszilva-liquid-plum-pie-12-pack\/","title":{"rendered":"PUSZILVA &#8211; Liquid Plum Pie #12 Pack"},"content":{"rendered":"<p style=\"text-align: center;\">MENNYIS\u00c9GI KEDVEZM\u00c9NY<\/p>\n<p>Hamarosan&#8230;<\/p>\n","protected":false},"excerpt":{"rendered":"<h3>Szuper Pastry 12 Pack<\/h3>\n<p><strong>9+3 AJ\u00c1ND\u00c9K, tankolj fel!<\/strong><\/p>\n<p><strong>INGYEN SZ\u00c1LL\u00cdT\u00c1S<\/strong> \u2013 FOXPOST automat\u00e1ba \u2013 15.900 Ft v\u00e1s\u00e1rl\u00e1si \u00e9rt\u00e9k felett!<\/p>\n<h3>Style: (Szilv\u00e1spite inspir\u00e1lta) PASTRY <em>Sour Ale<\/em> + Tonkabab<\/h3>\n<p style=\"font-weight: 400;\"><em><strong>Gondolkodt\u00e1l m\u00e1r azon, hogy a s\u00fctiket nem csak enni, hanem inni is lehet? Mi most a szilv\u00e1spit\u00e9t hoztuk el megk\u00f3stol\u00e1sra, amelyet megL\u00f6WOLFoztunk egy kis tonkababbal.<\/strong><\/em><\/p>\n<p>Az alm\u00e1s ut\u00e1n a Liquid Cake sorozatunk m\u00e1sodik tagja a PUSZILVA lett, amely elk\u00e9sz\u00edt\u00e9s\u00e9t a szilv\u00e1spite inspir\u00e1lta. A legfinomabb szilv\u00e1k \u00edzeit j\u00f3l kieg\u00e9sz\u00edti a van\u00edlia \u00e9s egy csipetnyi fah\u00e9j, amelyhez adtunk m\u00e9g egy kis tonkababot is, hogy m\u00e9g L\u00f6WOLF-osabb legyen. A gondosan megv\u00e1lasztott mal\u00e1t\u00e1k a kekszes \u00edz\u00e9rzetet t\u00e1mogatj\u00e1k, m\u00edg a lakt\u00f3z az \u00e9desk\u00e9s, selymesebb korty\u00e9rzet biztos\u00edtj\u00e1k. Ha te is szereted a Pastry s\u00f6r\u00f6ket, csak aj\u00e1nlani tudjuk!<\/p>\n<p>&nbsp;<\/p>\n<p><strong>St\u00edlus<\/strong>:\u00a0<strong>Pastry<\/strong> Sour Ale<\/p>\n<p style=\"font-weight: 400;\"><strong>PLUSSZ HOZZ\u00c1ADVA<\/strong>:\u00a0Szilva, Tonkabab, Fah\u00e9j, Van\u00edlia, Lakt\u00f3z<\/p>\n<p><strong>CAN<\/strong> | 0,33l | <strong>B<\/strong>\u00a024,1 | <strong>IBU<\/strong>\u00a06 | <strong>EBC<\/strong>\u00a0who cares | <strong>ALC<\/strong>.\u00a08 % (V\/V)<\/p>\n<h3><a href=\"https:\/\/untappd.com\/LWOLFCraftBeerCo\"><span style=\"color: #ffcc00;\">UNTAPPED: L\u00f6WOLF &#8211; PUSZILVA<\/span><\/a><\/h3>\n","protected":false},"featured_media":8353,"comment_status":"open","ping_status":"closed","template":"","meta":{"spay_email":""},"etheme_brands":[],"_links":{"self":[{"href":"https:\/\/lowolfcraftbeer.com\/hu\/wp-json\/wp\/v2\/product\/8352"}],"collection":[{"href":"https:\/\/lowolfcraftbeer.com\/hu\/wp-json\/wp\/v2\/product"}],"about":[{"href":"https:\/\/lowolfcraftbeer.com\/hu\/wp-json\/wp\/v2\/types\/product"}],"replies":[{"embeddable":true,"href":"https:\/\/lowolfcraftbeer.com\/hu\/wp-json\/wp\/v2\/comments?post=8352"}],"version-history":[{"count":1,"href":"https:\/\/lowolfcraftbeer.com\/hu\/wp-json\/wp\/v2\/product\/8352\/revisions"}],"predecessor-version":[{"id":8354,"href":"https:\/\/lowolfcraftbeer.com\/hu\/wp-json\/wp\/v2\/product\/8352\/revisions\/8354"}],"wp:featuredmedia":[{"embeddable":true,"href":"https:\/\/lowolfcraftbeer.com\/hu\/wp-json\/wp\/v2\/media\/8353"}],"wp:attachment":[{"href":"https:\/\/lowolfcraftbeer.com\/hu\/wp-json\/wp\/v2\/media?parent=8352"}],"wp:term":[{"taxonomy":"brand","embeddable":true,"href":"https:\/\/lowolfcraftbeer.com\/hu\/wp-json\/wp\/v2\/etheme_brands?post=8352"}],"curies":[{"name":"wp","href":"https:\/\/api.w.org\/{rel}","templated":true}]}}