{"id":8334,"date":"2025-12-16T17:32:15","date_gmt":"2025-12-16T17:32:15","guid":{"rendered":"https:\/\/lowolfcraftbeer.com\/?post_type=product&#038;p=8334"},"modified":"2026-04-11T14:40:39","modified_gmt":"2026-04-11T14:40:39","slug":"almost-hawaii-12-pack","status":"publish","type":"product","link":"https:\/\/lowolfcraftbeer.com\/hu\/product\/almost-hawaii-12-pack\/","title":{"rendered":"ALMOST HAWAII #12 Pack"},"content":{"rendered":"<p style=\"text-align: center;\">MENNYIS\u00c9GI KEDVEZM\u00c9NY<\/p>\n<p>Hamarosan&#8230;<\/p>\n","protected":false},"excerpt":{"rendered":"<h2><span style=\"color: #ff9900;\"><strong>SZUPER AJ\u00c1NLAT!<\/strong><\/span><\/h2>\n<p><span style=\"color: #ff9900;\"><strong>INGYEN SZ\u00c1LL\u00cdT\u00c1S<\/strong> &#8211; FOXPOST\u00a0automat\u00e1ba &#8211; 15.900 Ft v\u00e1s\u00e1rl\u00e1si \u00e9rt\u00e9k felett!<\/span><\/p>\n<h3><span style=\"color: #0000ff;\">9+3 \u2022 HAZY IPA 12 PACK \u2022 AKCI\u00d3 !!!<\/span><\/h3>\n<h3>Style: DDH &#8220;Hawaii Style&#8221; Milkshake HAZY IPA<\/h3>\n<p><strong><i>A L\u00f6WOLF &#8221; HOPPY JUICE &#8221; (komol\u00f3 dzs\u00faz) sorozat VIII. tagja egy r\u00e9gi \u00e1lmunk megval\u00f3sul\u00e1sa, Hawaii inspir\u00e1lta HAZY IPA, amelyet ALMOST HAWAII n\u00e9vre keresztelt\u00fcnk. Hawaii \u00edzvil\u00e1g\u00e1t csup\u00e1n koml\u00f3kb\u00f3l \u00e9s \u00e9leszt\u0151vel k\u00edv\u00e1ntuk megid\u00e9zni, s adtunk hozz\u00e1 m\u00e9g egy csipetnyi hibiszkuszt is. Az eredm\u00e9ny mag\u00e1\u00e9rt besz\u00e9l. K\u00f6telez\u0151 t\u00e9tel a m\u0171faj szerelmeseinek! \u00a0<\/i><\/strong><\/p>\n<div dir=\"auto\">Egy r\u00e9g d\u00e9delgetett \u00e1lmunk v\u00e1lt val\u00f3ra. R\u00e9g\u00f3ta ki szerett\u00fck volna pr\u00f3b\u00e1lni kedvenc koml\u00f3 tri\u00f3nkat egy\u00fctt de eddig soha nem tudtuk \u0151ket egyszerre beszerezni, de most v\u00e9gre siker\u00fclt! Nectaron, El Dorado, Sabro &#8211; ALMOST HAWAII. C\u00e9lunk az volt, hogy Hawaii \u00edzvil\u00e1g\u00e1t megid\u00e9zz\u00fck (gy\u00fcm\u00f6lcs\u00f6k n\u00e9lk\u00fcl), csup\u00e1n koml\u00f3kkal \u00e9s ehhez ezt a koml\u00f3tri\u00f3t \u00e9s egy ehhez a koncepci\u00f3hoz j\u00f3l illeszked\u0151, szuper \u00e9leszt\u0151t v\u00e1lasztottunk, plusz m\u00e9g kapott egy csipetnyi hibiszkuszt, csak a st\u00edlus miatt, egy kis lakt\u00f3zt a selymes korty\u00e9rzet kedv\u00e9\u00e9rt.<\/div>\n<div dir=\"auto\">Hogy milyen lett a v\u00e9geredm\u00e9ny? ALMOST HAWAII !!!<\/div>\n<div dir=\"auto\">Illata tal\u00e1n a Sabro-nak k\u00f6sz\u00f6nhet\u0151en k\u00f3kuszos, \u00edze pedig a koml\u00f3 tri\u00f3nak \u00e9s \u00e9leszt\u0151nek k\u00f6sz\u00f6nhet\u0151en anan\u00e1szos, barackos, kellemes tr\u00f3pusi. A korty\u00e9rzetet pedig a lakt\u00f3z teszi igaz\u00e1n selymess\u00e9.<\/div>\n<div dir=\"auto\"><\/div>\n<div dir=\"auto\">K\u00f3stold meg! K\u00f6telez\u0151 t\u00e9tel a m\u0171faj kedvel\u0151inek.<\/div>\n<div dir=\"auto\"><\/div>\n<div dir=\"auto\"><em>(Tipp: rendelj webshopunkb\u00f3l legal\u00e1bb 12 term\u00e9ket \u00e9s aj\u00e1nd\u00e9kba adunk mell\u00e9 egy szuper L\u00f6WOLF napszem\u00fcveget is!)<\/em><\/div>\n<div dir=\"auto\"><\/div>\n<h3 style=\"text-align: left;\"><span style=\"color: #808080;\"><span style=\"color: #333333;\"><strong>St\u00edlus:<\/strong><\/span> DDH &#8220;Hawaii Style&#8221; \u00a0Milkshake HAZY IPA<\/span><\/h3>\n<p><strong>KOML\u00d3K<\/strong>: <span style=\"color: #808080;\">Nectaron (New Zealand), El Dor\u00e1do (USA), Sabro (USA)<\/span><\/p>\n<p style=\"text-align: left;\"><span style=\"color: #808080;\"><span style=\"color: #333333;\"><strong>PLUSSZ HOZZ\u00c1ADVA: <\/strong><\/span>Hibiszkusz, Lakt\u00f3z<\/span><\/p>\n<p style=\"text-align: left;\"><span style=\"color: #808080;\"><span style=\"color: #333333;\"><strong>CAN<\/strong><\/span> | 0,33l | <span style=\"color: #333333;\"><strong>B<\/strong><\/span> 16,1 | <span style=\"color: #333333;\"><strong>IBU<\/strong><\/span> 21 | <span style=\"color: #333333;\"><strong>EBC<\/strong><\/span> 10 | <span style=\"color: #333333;\"><strong>ALC.<\/strong><\/span> 6,2% (V\/V)<\/span><\/p>\n<h3><span style=\"color: #ffcc00;\"><a style=\"color: #ffcc00;\" href=\"https:\/\/untappd.com\/b\/lowolf-craft-beer-co-almost-hawaii\/6376334\">UNTAPPD: L\u00f6WOLF &#8211; ALMOST HAWAII<\/a><\/span><\/h3>\n<h3><\/h3>\n","protected":false},"featured_media":8335,"comment_status":"open","ping_status":"closed","template":"","meta":{"spay_email":""},"etheme_brands":[],"_links":{"self":[{"href":"https:\/\/lowolfcraftbeer.com\/hu\/wp-json\/wp\/v2\/product\/8334"}],"collection":[{"href":"https:\/\/lowolfcraftbeer.com\/hu\/wp-json\/wp\/v2\/product"}],"about":[{"href":"https:\/\/lowolfcraftbeer.com\/hu\/wp-json\/wp\/v2\/types\/product"}],"replies":[{"embeddable":true,"href":"https:\/\/lowolfcraftbeer.com\/hu\/wp-json\/wp\/v2\/comments?post=8334"}],"version-history":[{"count":1,"href":"https:\/\/lowolfcraftbeer.com\/hu\/wp-json\/wp\/v2\/product\/8334\/revisions"}],"predecessor-version":[{"id":8336,"href":"https:\/\/lowolfcraftbeer.com\/hu\/wp-json\/wp\/v2\/product\/8334\/revisions\/8336"}],"wp:featuredmedia":[{"embeddable":true,"href":"https:\/\/lowolfcraftbeer.com\/hu\/wp-json\/wp\/v2\/media\/8335"}],"wp:attachment":[{"href":"https:\/\/lowolfcraftbeer.com\/hu\/wp-json\/wp\/v2\/media?parent=8334"}],"wp:term":[{"taxonomy":"brand","embeddable":true,"href":"https:\/\/lowolfcraftbeer.com\/hu\/wp-json\/wp\/v2\/etheme_brands?post=8334"}],"curies":[{"name":"wp","href":"https:\/\/api.w.org\/{rel}","templated":true}]}}