{"id":8244,"date":"2025-11-24T17:59:37","date_gmt":"2025-11-24T17:59:37","guid":{"rendered":"https:\/\/lowolfcraftbeer.com\/?post_type=product&#038;p=8244"},"modified":"2025-12-17T16:49:26","modified_gmt":"2025-12-17T16:49:26","slug":"kiss-lo-pear-liquid-cake-iii","status":"publish","type":"product","link":"https:\/\/lowolfcraftbeer.com\/hu\/product\/kiss-lo-pear-liquid-cake-iii\/","title":{"rendered":"KISS L\u00f6 PEAR &#8211; Liquid Cake III."},"content":{"rendered":"<p style=\"text-align: center;\">MENNYIS\u00c9GI KEDVEZM\u00c9NY<\/p>\n<p>Hamarosan&#8230;<\/p>\n","protected":false},"excerpt":{"rendered":"<h3>Style: (K\u00f6rt\u00e9spite inspir\u00e1lta) PASTRY <em>Sour Ale<\/em> + Tonkabab<\/h3>\n<p style=\"font-weight: 400;\"><em><strong>A Liquid Cake sorozatunk 3. tagja a k\u00f6rt\u00e9s pite ihlette Kiss L\u00f6 Pear lett. A k\u00f6rte az egyik kedvenc gy\u00fcm\u00f6lcs\u00fcnk, m\u00e9gis az egyik legnehezebb alapanyag s\u00f6rben, mert nagyon neh\u00e9z kihozni az \u00edz\u00e9t aroma n\u00e9lk\u00fcl (m\u00e1rpedig mi nem haszn\u00e1lunk arom\u00e1t).<\/strong><\/em><\/p>\n<p data-start=\"1233\" data-end=\"1532\">Mi m\u00e9gis belev\u00e1gtunk: val\u00f3di k\u00f6rt\u00e9vel \u00e9s pit\u00e9khez ill\u0151 f\u0171szerekkel dolgoztunk \u2013 van\u00edli\u00e1val, gy\u00f6mb\u00e9rrel, fah\u00e9jjal, szegf\u0171szeggel, \u00e9s term\u00e9szetesen az elmaradhatatlan tonkababbal, ami minden L\u00f6WOLF s\u00fctem\u00e9nys\u00f6rnek egyedi karaktert ad. Egy kev\u00e9s lakt\u00f3z pedig selymes, desszertes korty\u00e9rzetet biztos\u00edt.<\/p>\n<p data-start=\"1534\" data-end=\"1597\"><strong data-start=\"1534\" data-end=\"1597\">Szerint\u00fcnk nagyon j\u00f3l siker\u00fclt. Cs\u00f3kold meg te is a k\u00f6rt\u00e9t! &#8211; Kiss L\u00f6 Per!<\/strong><\/p>\n<p>&nbsp;<\/p>\n<p><strong>St\u00edlus<\/strong>:\u00a0<strong>Pastry<\/strong> Sour Ale<\/p>\n<p style=\"font-weight: 400;\"><strong>PLUSSZ HOZZ\u00c1ADVA<\/strong>: <strong>K\u00f6rte<\/strong>, Tonkabab, Fah\u00e9j, Van\u00edlia, Szegf\u0171szeg, Gy\u00f6mb\u00e9r, Lakt\u00f3z<\/p>\n<p><strong>CAN<\/strong> | 0,33l | <strong>B<\/strong> 20,5 | <strong>IBU<\/strong> 10 | <strong>EBC<\/strong>\u00a0who cares | <strong>ALC<\/strong>. 6,9 % (V\/V)<\/p>\n<h3><a href=\"https:\/\/untappd.com\/b\/lowolf-craft-beer-co-kiss-lo-pear\/6504931\"><span style=\"color: #ffcc00;\">UNTAPPED: L\u00f6WOLF &#8211; Kiss L\u00f6 Pear<\/span><\/a><\/h3>\n","protected":false},"featured_media":8245,"comment_status":"open","ping_status":"closed","template":"","meta":{"spay_email":""},"etheme_brands":[],"_links":{"self":[{"href":"https:\/\/lowolfcraftbeer.com\/hu\/wp-json\/wp\/v2\/product\/8244"}],"collection":[{"href":"https:\/\/lowolfcraftbeer.com\/hu\/wp-json\/wp\/v2\/product"}],"about":[{"href":"https:\/\/lowolfcraftbeer.com\/hu\/wp-json\/wp\/v2\/types\/product"}],"replies":[{"embeddable":true,"href":"https:\/\/lowolfcraftbeer.com\/hu\/wp-json\/wp\/v2\/comments?post=8244"}],"version-history":[{"count":2,"href":"https:\/\/lowolfcraftbeer.com\/hu\/wp-json\/wp\/v2\/product\/8244\/revisions"}],"predecessor-version":[{"id":8251,"href":"https:\/\/lowolfcraftbeer.com\/hu\/wp-json\/wp\/v2\/product\/8244\/revisions\/8251"}],"wp:featuredmedia":[{"embeddable":true,"href":"https:\/\/lowolfcraftbeer.com\/hu\/wp-json\/wp\/v2\/media\/8245"}],"wp:attachment":[{"href":"https:\/\/lowolfcraftbeer.com\/hu\/wp-json\/wp\/v2\/media?parent=8244"}],"wp:term":[{"taxonomy":"brand","embeddable":true,"href":"https:\/\/lowolfcraftbeer.com\/hu\/wp-json\/wp\/v2\/etheme_brands?post=8244"}],"curies":[{"name":"wp","href":"https:\/\/api.w.org\/{rel}","templated":true}]}}