{"id":8129,"date":"2024-11-24T15:32:59","date_gmt":"2024-11-24T15:32:59","guid":{"rendered":"https:\/\/lowolfcraftbeer.com\/?post_type=product&#038;p=8129"},"modified":"2025-12-16T08:06:57","modified_gmt":"2025-12-16T08:06:57","slug":"double-kia-ora","status":"publish","type":"product","link":"https:\/\/lowolfcraftbeer.com\/hu\/product\/double-kia-ora\/","title":{"rendered":"DOUBLE KIA ORA"},"content":{"rendered":"<p style=\"text-align: center;\">MENNYIS\u00c9GI KEDVEZM\u00c9NY<\/p>\n<p>Hamarosan&#8230;<\/p>\n","protected":false},"excerpt":{"rendered":"<h3>Style: DDH New Zealand Nectaron DOUBLE HAZY IPA<\/h3>\n<p><strong><i>A L\u00f6WOLF &#8221; HOPPY JUICE &#8221; (komol\u00f3 dzs\u00faz) sorozat HETEDIK tagja a DOUBLE KIA ORA, amely a Csendes-\u00f3ce\u00e1ni t\u00e9rs\u00e9g tal\u00e1n legk\u00fcl\u00f6nlegesebb koml\u00f3j\u00e1b\u00f3l k\u00e9sz\u00fclt. Az \u00faj-z\u00e9landi Nectaron koml\u00f3t m\u00e1r ismerhetitek, ugyanis egy kor\u00e1bbi s\u00f6r\u00fcnk a L\u00f6WOLF KIA ORA is ezzel k\u00e9sz\u00fclt. Most megk\u00f3stolhatj\u00e1tok, hogy milyen ez DUPLA HAZY IPA kiad\u00e1sban! (Ez alkalommal kihagytuk bel\u0151le a lakt\u00f3zt.)<\/i><\/strong><\/p>\n<div dir=\"auto\"><\/div>\n<div dir=\"auto\">Bizony\u00e1ra sokan k\u00f3stolt\u00e1tok a L\u00f6WOLF KIA ORA s\u00f6r\u00e9t, amely megjelen\u00e9se ut\u00e1n nem is olt k\u00e9rd\u00e9s, hogy ezt ki szeretn\u00e9nk adni DUPLA HAZY IPA verzi\u00f3ban is. Az \u00faj-z\u00e9landi Nectaron koml\u00f3 egyszer\u0171en fantasztikus \u00edz \u00e9s illat\u00e1ba szerelmesek lett\u00fcnk. Az \u0151sz, t\u00e9l k\u00f6zeledt\u00e9vel pedig egy kiv\u00e1l\u00f3 dupla hazy sokak kedvenc ned\u0171je lehet. \u00cdze hasonl\u00f3an a KIA ORA-hoz most is az \u00fa-z\u00e9landi IPA st\u00edlusok jegyeit hozza. \u0150szibarackos, anan\u00e1szos, tr\u00f3pusi l\u00e9d\u00fas gy\u00fcm\u00f6lcsre is eml\u00e9keztet\u0151 jegyei pedig egy t\u00f6k\u00e9letes koml\u00f3 cs\u00fazt id\u00e9zik. Ha te is szereted a m\u0171fajt, k\u00f6telez\u0151 elem. Ne hagyd ki Te sem!<\/div>\n<div dir=\"auto\">.<\/div>\n<h3 style=\"text-align: left;\"><span style=\"color: #808080;\"><span style=\"color: #333333;\"><strong>St\u00edlus:<\/strong><\/span> DDH New Zealand Nectaron DOUBLE HAZY IPA<\/span><\/h3>\n<p><strong>KOML\u00d3K<\/strong>: <span style=\"color: #808080;\">Nectaron (New Zealand)<\/span><\/p>\n<p style=\"text-align: left;\"><span style=\"color: #808080;\"><span style=\"color: #333333;\"><strong>PLUSSZ HOZZ\u00c1ADVA:\u00a0<\/strong><\/span>NEM tartalmaz lakt\u00f3zt<\/span><\/p>\n<p style=\"text-align: left;\"><span style=\"color: #808080;\"><span style=\"color: #333333;\"><strong>CAN<\/strong><\/span> | 0,33l | <span style=\"color: #333333;\"><strong>B<\/strong><\/span> 18,3 | <span style=\"color: #333333;\"><strong>IBU<\/strong><\/span>\u00a020 | <span style=\"color: #333333;\"><strong>EBC<\/strong><\/span> 10 | <span style=\"color: #333333;\"><strong>ALC.<\/strong><\/span> 7,5% (V\/V)<\/span><\/p>\n<h3><span style=\"color: #ffcc00;\"><a style=\"color: #ffcc00;\" href=\"https:\/\/untappd.com\/b\/lowolf-craft-beer-co-double-kia-ora\/6049533\">UNTAPPD: L\u00f6WOLF &#8211; DOUBLE KIA ORA<\/a><\/span><\/h3>\n<h3><\/h3>\n","protected":false},"featured_media":8313,"comment_status":"open","ping_status":"closed","template":"","meta":{"spay_email":""},"etheme_brands":[],"_links":{"self":[{"href":"https:\/\/lowolfcraftbeer.com\/hu\/wp-json\/wp\/v2\/product\/8129"}],"collection":[{"href":"https:\/\/lowolfcraftbeer.com\/hu\/wp-json\/wp\/v2\/product"}],"about":[{"href":"https:\/\/lowolfcraftbeer.com\/hu\/wp-json\/wp\/v2\/types\/product"}],"replies":[{"embeddable":true,"href":"https:\/\/lowolfcraftbeer.com\/hu\/wp-json\/wp\/v2\/comments?post=8129"}],"version-history":[{"count":3,"href":"https:\/\/lowolfcraftbeer.com\/hu\/wp-json\/wp\/v2\/product\/8129\/revisions"}],"predecessor-version":[{"id":8153,"href":"https:\/\/lowolfcraftbeer.com\/hu\/wp-json\/wp\/v2\/product\/8129\/revisions\/8153"}],"wp:featuredmedia":[{"embeddable":true,"href":"https:\/\/lowolfcraftbeer.com\/hu\/wp-json\/wp\/v2\/media\/8313"}],"wp:attachment":[{"href":"https:\/\/lowolfcraftbeer.com\/hu\/wp-json\/wp\/v2\/media?parent=8129"}],"wp:term":[{"taxonomy":"brand","embeddable":true,"href":"https:\/\/lowolfcraftbeer.com\/hu\/wp-json\/wp\/v2\/etheme_brands?post=8129"}],"curies":[{"name":"wp","href":"https:\/\/api.w.org\/{rel}","templated":true}]}}