{"id":8123,"date":"2024-11-24T15:12:24","date_gmt":"2024-11-24T15:12:24","guid":{"rendered":"https:\/\/lowolfcraftbeer.com\/?post_type=product&#038;p=8123"},"modified":"2025-12-15T17:12:26","modified_gmt":"2025-12-15T17:12:26","slug":"pacific-hopeach","status":"publish","type":"product","link":"https:\/\/lowolfcraftbeer.com\/hu\/product\/pacific-hopeach\/","title":{"rendered":"PACIFIC HOPEACH"},"content":{"rendered":"<p style=\"text-align: center;\">MENNYIS\u00c9GI KEDVEZM\u00c9NY<\/p>\n<p>Hamarosan&#8230;<\/p>\n","protected":false},"excerpt":{"rendered":"<h3>Style: DDH Pacific HAZY IPA<\/h3>\n<p>&nbsp;<\/p>\n<p><strong><i>A\u00a0L\u00f6WOLF &#8221; HOPPY JUICE &#8221; (komol\u00f3\u00a0dzs\u00faz) sorozat NEGYEDIK tagja a PACIFIC HOPEACH, amely a Csendes-\u00f3ce\u00e1ni t\u00e9rs\u00e9g k\u00e9t gondosan\u00a0v\u00e1logatott\u00a0koml\u00f3ib\u00f3l k\u00e9sz\u00fclt. Az\u00a0\u00faj-z\u00e9landi Rakau \u00e9s az ausztr\u00e1l Galaxy adja ennek a s\u00f6rnek a k\u00fcl\u00f6nleges, egyedi \u00edz \u00e9s illatvil\u00e1g\u00e1t, \u00a0j\u00f3l \u00e9rz\u00e9kelhet\u0151, kellemes arom\u00e1j\u00e1t. (Az eddigi L\u00f6WOLF Hazy IPA s\u00f6r\u00f6kkel ellent\u00e9tben ez\u00a0lakt\u00f3zt NEM tartalmaz.)\u00a0<\/i><\/strong><em><strong>A st\u00edlus kedvel\u0151inek csak aj\u00e1nlani tudjuk.<\/strong><\/em><\/p>\n<div dir=\"auto\">Ki ne utazna sz\u00edvesen egyet az \u00f3ce\u00e1n partj\u00e1ra, egy tr\u00f3pusi vid\u00e9kre..? Ha ebben nem is tudunk seg\u00edteni, de a Csendes-\u00f3ce\u00e1n, Pacific t\u00e9rs\u00e9g legkellemesebb koml\u00f3inak \u00edzeit igyekezt\u00fcnk dobozba z\u00e1rni \u00e9s elhozni otthonodba. \u00cdgy a s\u00f6r\u00fcnket felpattintva, n\u00e9h\u00e1ny korty erej\u00e9ig Te is \u00e1t\u00e9lheted, hogy milyen is lehet az \u00f3ce\u00e1n partj\u00e1n h\u0171s\u00f6lve egy pacific \u00fcd\u00fcl\u00e9s, mik\u00f6zben kortyolgatod a Csendes-\u00f3ce\u00e1n szuper koml\u00f3ib\u00f3l k\u00e9sz\u00fclt koml\u00f3 dzs\u00fazunkat, a Pacific Hopeachet.<\/div>\n<div dir=\"auto\">.<\/div>\n<div dir=\"auto\">A CAN-t felpattintva m\u00e1ris megcsap a\u00a0koml\u00f3 kellemes illata. Kit\u00f6ltve, megjelen\u00e9s\u00e9t tekintve egy k\u00f6d\u00f6s, rostos \u0151szibarackra, narancs dzs\u00fazra eml\u00e9keztet. \u00cdz\u00e9ben az \u00faj-z\u00e9landi \u00e9s ausztr\u00e1l koml\u00f3kra jellemz\u0151 jegyek mellett a bodz\u00e1s, tal\u00e1n ink\u00e1bb \u0151szibarackos \u00edzeket lehet felfedezni. Mi mindezt egyszer\u0171en Pacific Hopeach-nek nevezt\u00fck el. Egy igazi koml\u00f3 dzs\u00faz szuper \u00edzekkel, illatokkal. Ne hagyd ki Te sem!<\/div>\n<div dir=\"auto\"><\/div>\n<div dir=\"auto\"><\/div>\n<div dir=\"auto\"><span style=\"color: #999999;\">.<\/span><\/div>\n<div dir=\"auto\"><span style=\"color: #999999;\">.<\/span><\/div>\n<h3 style=\"text-align: left;\"><span style=\"color: #808080;\"><span style=\"color: #333333;\"><strong>St\u00edlus:<\/strong><\/span>\u00a0DDH Pacific HAZY IPA<\/span><\/h3>\n<p><strong>KOML\u00d3K<\/strong>: <span style=\"color: #808080;\">Rakau (New Zealand), Galaxy (Ausztr\u00e1lia)<\/span><\/p>\n<p style=\"text-align: left;\"><span style=\"color: #808080;\"><span style=\"color: #333333;\"><strong>PLUSSZ HOZZ\u00c1ADVA:\u00a0<\/strong><\/span>NEM tartalmaz lakt\u00f3zt<\/span><\/p>\n<p style=\"text-align: left;\"><span style=\"color: #808080;\"><span style=\"color: #333333;\"><strong>CAN<\/strong><\/span> | 0,33l | <span style=\"color: #333333;\"><strong>B<\/strong><\/span>\u00a015,8 | <span style=\"color: #333333;\"><strong>IBU<\/strong><\/span>\u00a020 | <span style=\"color: #333333;\"><strong>EBC<\/strong><\/span>\u00a012 | <span style=\"color: #333333;\"><strong>ALC.<\/strong><\/span>\u00a05,6% (V\/V)<\/span><\/p>\n<h3><span style=\"color: #ffcc00;\"><a style=\"color: #ffcc00;\" href=\"https:\/\/untappd.com\/b\/lowolf-craft-beer-co-pacific-hopeach\/5874091\">UNTAPPD: L\u00f6WOLF &#8211; PACIFIC HOPEACH<\/a><\/span><\/h3>\n<h3><\/h3>\n","protected":false},"featured_media":7995,"comment_status":"open","ping_status":"closed","template":"","meta":{"spay_email":""},"etheme_brands":[],"_links":{"self":[{"href":"https:\/\/lowolfcraftbeer.com\/hu\/wp-json\/wp\/v2\/product\/8123"}],"collection":[{"href":"https:\/\/lowolfcraftbeer.com\/hu\/wp-json\/wp\/v2\/product"}],"about":[{"href":"https:\/\/lowolfcraftbeer.com\/hu\/wp-json\/wp\/v2\/types\/product"}],"replies":[{"embeddable":true,"href":"https:\/\/lowolfcraftbeer.com\/hu\/wp-json\/wp\/v2\/comments?post=8123"}],"version-history":[{"count":1,"href":"https:\/\/lowolfcraftbeer.com\/hu\/wp-json\/wp\/v2\/product\/8123\/revisions"}],"predecessor-version":[{"id":8125,"href":"https:\/\/lowolfcraftbeer.com\/hu\/wp-json\/wp\/v2\/product\/8123\/revisions\/8125"}],"wp:featuredmedia":[{"embeddable":true,"href":"https:\/\/lowolfcraftbeer.com\/hu\/wp-json\/wp\/v2\/media\/7995"}],"wp:attachment":[{"href":"https:\/\/lowolfcraftbeer.com\/hu\/wp-json\/wp\/v2\/media?parent=8123"}],"wp:term":[{"taxonomy":"brand","embeddable":true,"href":"https:\/\/lowolfcraftbeer.com\/hu\/wp-json\/wp\/v2\/etheme_brands?post=8123"}],"curies":[{"name":"wp","href":"https:\/\/api.w.org\/{rel}","templated":true}]}}