{"id":8113,"date":"2024-11-24T14:42:41","date_gmt":"2024-11-24T14:42:41","guid":{"rendered":"https:\/\/lowolfcraftbeer.com\/?post_type=product&#038;p=8113"},"modified":"2025-12-15T17:09:53","modified_gmt":"2025-12-15T17:09:53","slug":"hazy-ipa-pack-pacific-hopeach-lomoongrass-double-kia-ora-12-pack","status":"publish","type":"product","link":"https:\/\/lowolfcraftbeer.com\/hu\/product\/hazy-ipa-pack-pacific-hopeach-lomoongrass-double-kia-ora-12-pack\/","title":{"rendered":"HAZY IPA PACK:  PACIFIC HOPEACH &#8211; L\u00f6MOONGRASS &#8211; D. KIA ORA #12 PACK"},"content":{"rendered":"<p style=\"text-align: center;\">MENNYIS\u00c9GI KEDVEZM\u00c9NY<\/p>\n<p>Hamarosan&#8230;<\/p>\n","protected":false},"excerpt":{"rendered":"<h2><span style=\"color: #ff9900;\"><strong>HAZY IPA KEDVEL\u0150INEK \u2022 SZUPER \u2022 AJ\u00c1NLAT!<\/strong><\/span><\/h2>\n<p><span style=\"color: #ff9900;\"><strong>(INGYEN SZ\u00c1LL\u00cdT\u00c1S &#8211; <\/strong><i>FOXPOST\u00a0<\/i><span style=\"caret-color: #2eba04;\"><i>automat\u00e1ba &#8211; 15.900 Ft feletti rendel\u00e9s eset\u00e9n.)<\/i><\/span><\/span><\/p>\n<h2><span style=\"color: #ff0000;\"><strong>AKCI\u00d3S \u00c1R \u2022 (-50%) &amp; 12 db \u00a0kir\u00e1ly HAZY IPA<\/strong><\/span><\/h2>\n<p>&nbsp;<\/p>\n<p><strong><span style=\"color: #0000ff;\">A L\u00f6WOLF &#8220;HOPPY JUICE&#8221; sorozat a HAZY IPA legk\u00fcl\u00f6nb\u00f6z\u0151bb inspir\u00e1ci\u00f3ival j\u00e1rja k\u00f6rbe a t\u00e9m\u00e1t. A <\/span><\/strong><strong><span style=\"color: #0000ff;\">Csendes-\u00f3ce\u00e1n legkiv\u00e1l\u00f3bb koml\u00f3it\u00f3l az USA kedvelt koml\u00f3inak felhaszn\u00e1l\u00e1s\u00e1val <span style=\"caret-color: #0000ff;\">k\u00e9sz\u00fclnek<\/span> s\u00f6reink. Ezen csomagunkba \u00f6sszek\u00f3stolhatod az \u00faj-z\u00e9landi, ausztr\u00e1l koml\u00f3kkal k\u00e9sz\u00fclt s\u00f6r\u00f6ket az amerikaival. Egy koncepci\u00f3, m\u00e9gis h\u00e1rom k\u00fcl\u00f6nb\u00f6z\u0151 HAZY IPA. Fedezd fel vel\u00fcnk a kraft s\u00f6r\u00f6k vil\u00e1g\u00e1t! #L\u00f6WOLFaroundTheWorld<\/span><\/strong><\/p>\n<p>.<\/p>\n<p><span style=\"color: #0000ff;\"><strong>CSOMAG TARTALMA:<\/strong><\/span><\/p>\n<p>.<\/p>\n<h3><strong>\u2022 PACIFIC HOPEACH:<\/strong><\/h3>\n<p>\u2022\u2022 DDH Pacific HAZY IPA<\/p>\n<p>\u2022\u2022 Hops: Rakau (New Zealand), Galaxy (Australia)<\/p>\n<p>\u2022\u2022 4 x 0,33L PACIFIC HOPEACH<\/p>\n<p>&nbsp;<\/p>\n<h3><strong>\u2022 L\u00f6&#8217;MOONGRASS:<\/strong><\/h3>\n<p>\u2022\u2022 DDH Citra HAZY IPA<\/p>\n<p>\u2022\u2022 Hop: Citra (USA)<\/p>\n<p>\u2022\u2022 4 x 0,33 L \u2022 L\u00f6&#8217;MOONGRASS<\/p>\n<p>.<\/p>\n<h3><strong>\u2022 Double KIA ORA:<\/strong><\/h3>\n<p>\u2022\u2022 DDH New Zealand Double Nectaron HAZY IPA<\/p>\n<p>\u2022\u2022 Hops: Nectaron (New Zealand)<\/p>\n<p>\u2022\u2022 4 x 0,33L \u2022 Double KIA ORA<\/p>\n<p>&nbsp;<\/p>\n<p>&nbsp;<\/p>\n","protected":false},"featured_media":8269,"comment_status":"open","ping_status":"closed","template":"","meta":{"spay_email":""},"etheme_brands":[],"_links":{"self":[{"href":"https:\/\/lowolfcraftbeer.com\/hu\/wp-json\/wp\/v2\/product\/8113"}],"collection":[{"href":"https:\/\/lowolfcraftbeer.com\/hu\/wp-json\/wp\/v2\/product"}],"about":[{"href":"https:\/\/lowolfcraftbeer.com\/hu\/wp-json\/wp\/v2\/types\/product"}],"replies":[{"embeddable":true,"href":"https:\/\/lowolfcraftbeer.com\/hu\/wp-json\/wp\/v2\/comments?post=8113"}],"version-history":[{"count":5,"href":"https:\/\/lowolfcraftbeer.com\/hu\/wp-json\/wp\/v2\/product\/8113\/revisions"}],"predecessor-version":[{"id":8306,"href":"https:\/\/lowolfcraftbeer.com\/hu\/wp-json\/wp\/v2\/product\/8113\/revisions\/8306"}],"wp:featuredmedia":[{"embeddable":true,"href":"https:\/\/lowolfcraftbeer.com\/hu\/wp-json\/wp\/v2\/media\/8269"}],"wp:attachment":[{"href":"https:\/\/lowolfcraftbeer.com\/hu\/wp-json\/wp\/v2\/media?parent=8113"}],"wp:term":[{"taxonomy":"brand","embeddable":true,"href":"https:\/\/lowolfcraftbeer.com\/hu\/wp-json\/wp\/v2\/etheme_brands?post=8113"}],"curies":[{"name":"wp","href":"https:\/\/api.w.org\/{rel}","templated":true}]}}