{"id":8105,"date":"2024-11-24T11:39:15","date_gmt":"2024-11-24T11:39:15","guid":{"rendered":"https:\/\/lowolfcraftbeer.com\/?post_type=product&#038;p=8105"},"modified":"2025-11-24T17:00:54","modified_gmt":"2025-11-24T17:00:54","slug":"hazy-sunrise-only-keg","status":"publish","type":"product","link":"https:\/\/lowolfcraftbeer.com\/hu\/product\/hazy-sunrise-only-keg\/","title":{"rendered":"HAZY SUNRISE (Only KEG)"},"content":{"rendered":"<p style=\"text-align: center;\">MENNYIS\u00c9GI KEDVEZM\u00c9NY<\/p>\n<p>Hamarosan&#8230;<\/p>\n","protected":false},"excerpt":{"rendered":"<h3>Style: DDH American HAZY IPA<\/h3>\n<p><strong><i>A L\u00f6WOLF &#8221; HOPPY JUICE &#8221; (komol\u00f3 dzs\u00faz) sorozat \u00d6T\u00d6DIK tagja a HAZY SUNRISE. Ez egy olyan HAZY IPA, amely csak amerikai koml\u00f3kkal k\u00e9sz\u00fclt. <\/i><\/strong><\/p>\n<p>Illat\u00e1ban \u00e9s \u00edz\u00e9ben a tr\u00f3pusi l\u00e9d\u00fas gy\u00fcm\u00f6lcs\u00f6kre eml\u00e9keztet\u0151 friss\u00edt\u0151 koml\u00f3s, cs\u00fasz\u00f3s, dzs\u00fazos jegyeik k\u00f6sz\u00f6nnek vissza. Nem \u00e9rdemes kihagyni, ugyanis ez a t\u00e9tel csak \u00e9s kiz\u00e1r\u00f3lag csapr\u00f3l k\u00f3stolhat\u00f3! (Keresd a kedvenc KRAFT helyeiden!)\u00a0A st\u00edlus kedvel\u0151inek csak aj\u00e1nlani tudjuk.<\/p>\n<p><em>*Webshopb\u00f3l nem rendelhet\u0151 term\u00e9k. \u00c9rdekl\u0151d\u00e9s eset\u00e9n vedd fel vel\u00fcnk a kapcsolatot!<\/em><\/p>\n<p>&nbsp;<\/p>\n<h3 style=\"text-align: left;\"><span style=\"color: #808080;\"><span style=\"color: #333333;\"><strong>St\u00edlus:<\/strong><\/span> DDH American HAZY IPA<\/span><\/h3>\n<p><strong>KOML\u00d3K<\/strong>: <span style=\"color: #808080;\">Ekuanot, Ahhhroma, El Dorado (USA)<\/span><\/p>\n<p style=\"text-align: left;\"><span style=\"color: #808080;\"><span style=\"color: #333333;\"><strong>KEG<\/strong><\/span> | 20l &amp; 30l\u00a0| <span style=\"color: #333333;\"><strong>ALC.<\/strong><\/span> 5,9% (V\/V)<\/span><\/p>\n<h3><span style=\"color: #ffcc00;\"><a style=\"color: #ffcc00;\" href=\"https:\/\/untappd.com\/b\/lowolf-craft-beer-co-hazy-sunrise\/5983688\">UNTAPPD: L\u00f6WOLF &#8211; HAZY SUNRISE<\/a><\/span><\/h3>\n","protected":false},"featured_media":8243,"comment_status":"open","ping_status":"closed","template":"","meta":{"spay_email":""},"etheme_brands":[],"_links":{"self":[{"href":"https:\/\/lowolfcraftbeer.com\/hu\/wp-json\/wp\/v2\/product\/8105"}],"collection":[{"href":"https:\/\/lowolfcraftbeer.com\/hu\/wp-json\/wp\/v2\/product"}],"about":[{"href":"https:\/\/lowolfcraftbeer.com\/hu\/wp-json\/wp\/v2\/types\/product"}],"replies":[{"embeddable":true,"href":"https:\/\/lowolfcraftbeer.com\/hu\/wp-json\/wp\/v2\/comments?post=8105"}],"version-history":[{"count":2,"href":"https:\/\/lowolfcraftbeer.com\/hu\/wp-json\/wp\/v2\/product\/8105\/revisions"}],"predecessor-version":[{"id":8148,"href":"https:\/\/lowolfcraftbeer.com\/hu\/wp-json\/wp\/v2\/product\/8105\/revisions\/8148"}],"wp:featuredmedia":[{"embeddable":true,"href":"https:\/\/lowolfcraftbeer.com\/hu\/wp-json\/wp\/v2\/media\/8243"}],"wp:attachment":[{"href":"https:\/\/lowolfcraftbeer.com\/hu\/wp-json\/wp\/v2\/media?parent=8105"}],"wp:term":[{"taxonomy":"brand","embeddable":true,"href":"https:\/\/lowolfcraftbeer.com\/hu\/wp-json\/wp\/v2\/etheme_brands?post=8105"}],"curies":[{"name":"wp","href":"https:\/\/api.w.org\/{rel}","templated":true}]}}