{"id":7994,"date":"2024-06-26T16:27:45","date_gmt":"2024-06-26T16:27:45","guid":{"rendered":"https:\/\/lowolfcraftbeer.com\/?post_type=product&#038;p=7994"},"modified":"2025-12-02T21:26:05","modified_gmt":"2025-12-02T21:26:05","slug":"lomoongrass","status":"publish","type":"product","link":"https:\/\/lowolfcraftbeer.com\/hu\/product\/lomoongrass\/","title":{"rendered":"L\u00f6&#8217;MOONGRASS"},"content":{"rendered":"<p style=\"text-align: center;\">MENNYIS\u00c9GI KEDVEZM\u00c9NY<\/p>\n<p>Hamarosan&#8230;<\/p>\n","protected":false},"excerpt":{"rendered":"<h3>Style: DDH Citra HAZY IPA <em><strong>+ Citromf\u0171<\/strong><\/em><\/h3>\n<p>&nbsp;<\/p>\n<p><strong><i>A L\u00f6WOLF &#8221; HOPPY JUICE &#8221; (komol\u00f3 dzs\u00faz) sorozat HATODIK tagja a L\u00f6&#8217;MOONGRASS. Nem, nem a Holdr\u00f3l szegett\u00fcnk ihat\u00f3 f\u00fcveket. Csup\u00e1n egyik kedvenc amerikai koml\u00f3nkat, a Citra koml\u00f3t t\u00e1mogattuk meg egy adag citromf\u0171vel. Az eredm\u00e9ny mag\u00e1\u00e9rt besz\u00e9l. <\/i><\/strong><em><strong>A st\u00edlus kedvel\u0151inek mindenk\u00e9pp aj\u00e1nljuk.<\/strong><\/em><\/p>\n<div dir=\"auto\">Kor\u00e1bban m\u00e1r volt egy Citr\u00e1s s\u00f6r\u00fcnk, a Citra Coast. Ennek most egy kicsit m\u00f3dos\u00edtott, csavart verzi\u00f3j\u00e1t k\u00f3stolhatod a L\u00f6&#8217;Moongrass s\u00f6r\u00fcnket kortyolgatva. M\u00edg a Citra Coast KVEIK \u00e9leszt\u0151vel, ezt egy egyedi \u00e9leszt\u0151kombin\u00e1ci\u00f3val k\u00e9sz\u00edtett\u00fck, amely a gy\u00fcm\u00f6lcs\u00f6ss\u00e9get sz\u00e9pen kiemeli. Ezen f\u0151zet\u00fcnkh\u00f6z egy j\u00f3val nagyobb citromf\u0171 adagot tett\u00fcnk. Az eredm\u00e9ny egy nagyon k\u00f6nnyen ihat\u00f3, j\u00f3l cs\u00fasz\u00f3s cucc lett. Ne hagyd ki Te sem, f\u0151leg ha kedveled a st\u00edlust!<\/div>\n<div dir=\"auto\">.<\/div>\n<div dir=\"auto\"><\/div>\n<div dir=\"auto\"><span style=\"color: #808080;\"><span style=\"color: #333333;\"><strong>St\u00edlus:<\/strong><\/span> DDH Citra HAZY IPA<\/span><\/div>\n<p><strong>KOML\u00d3K<\/strong>: <span style=\"color: #808080;\">Citra (USA)<\/span><\/p>\n<p style=\"text-align: left;\"><span style=\"color: #808080;\"><span style=\"color: #333333;\"><strong>PLUSSZ HOZZ\u00c1ADVA: <\/strong>Citromf\u0171<\/span><\/span><\/p>\n<p style=\"text-align: left;\"><span style=\"color: #808080;\"><span style=\"color: #333333;\"><strong>CAN<\/strong><\/span> | 0,33l | <span style=\"color: #333333;\"><strong>B<\/strong><\/span> 16 | <span style=\"color: #333333;\"><strong>IBU<\/strong><\/span> 22 | <span style=\"color: #333333;\"><strong>ALC.<\/strong><\/span> 6,1% (V\/V)<\/span><\/p>\n<h3><span style=\"color: #ffcc00;\"><a style=\"color: #ffcc00;\" href=\"https:\/\/untappd.com\/b\/lowolf-craft-beer-co-lo-moongrass\/5963433\">UNTAPPD: L\u00f6WOLF &#8211; L\u00f6Moongrass<\/a><\/span><\/h3>\n","protected":false},"featured_media":8110,"comment_status":"open","ping_status":"closed","template":"","meta":{"spay_email":""},"etheme_brands":[],"_links":{"self":[{"href":"https:\/\/lowolfcraftbeer.com\/hu\/wp-json\/wp\/v2\/product\/7994"}],"collection":[{"href":"https:\/\/lowolfcraftbeer.com\/hu\/wp-json\/wp\/v2\/product"}],"about":[{"href":"https:\/\/lowolfcraftbeer.com\/hu\/wp-json\/wp\/v2\/types\/product"}],"replies":[{"embeddable":true,"href":"https:\/\/lowolfcraftbeer.com\/hu\/wp-json\/wp\/v2\/comments?post=7994"}],"version-history":[{"count":12,"href":"https:\/\/lowolfcraftbeer.com\/hu\/wp-json\/wp\/v2\/product\/7994\/revisions"}],"predecessor-version":[{"id":8147,"href":"https:\/\/lowolfcraftbeer.com\/hu\/wp-json\/wp\/v2\/product\/7994\/revisions\/8147"}],"wp:featuredmedia":[{"embeddable":true,"href":"https:\/\/lowolfcraftbeer.com\/hu\/wp-json\/wp\/v2\/media\/8110"}],"wp:attachment":[{"href":"https:\/\/lowolfcraftbeer.com\/hu\/wp-json\/wp\/v2\/media?parent=7994"}],"wp:term":[{"taxonomy":"brand","embeddable":true,"href":"https:\/\/lowolfcraftbeer.com\/hu\/wp-json\/wp\/v2\/etheme_brands?post=7994"}],"curies":[{"name":"wp","href":"https:\/\/api.w.org\/{rel}","templated":true}]}}