{"id":7861,"date":"2024-04-15T21:29:56","date_gmt":"2024-04-15T21:29:56","guid":{"rendered":"https:\/\/lowolfcraftbeer.com\/?post_type=product&#038;p=7861"},"modified":"2025-11-24T16:13:14","modified_gmt":"2025-11-24T16:13:14","slug":"moana-kotengitengi","status":"publish","type":"product","link":"https:\/\/lowolfcraftbeer.com\/hu\/product\/moana-kotengitengi\/","title":{"rendered":"MOANA K\u00f6tengiTengi"},"content":{"rendered":"<p style=\"text-align: center;\">MENNYIS\u00c9GI KEDVEZM\u00c9NY<\/p>\n<p>Hamarosan&#8230;<\/p>\n","protected":false},"excerpt":{"rendered":"<h3>Style: DDH New Zealand Milkshake HAZY IPA<\/h3>\n<p>&nbsp;<\/p>\n<p><em><strong>A\u00a0L\u00f6WOLF &#8221; HOPPY JUICE &#8221; (komol\u00f3\u00a0dzs\u00faz) sorozat harmadik tagja a MOANA K\u00f6tengiTengi, amelyet egy\u00a0kiv\u00e1l\u00f3\u00a0\u00faj-z\u00e9landi koml\u00f3 p\u00e1ros (Rakau, Motueka) alkot, amely mell\u00e9 adtunk m\u00e9g egy kis lakt\u00f3zt is, hogy a korty\u00e9rzet m\u00e9g selymesebb legyen.\u00a0A st\u00edlus kedvel\u0151inek csak aj\u00e1nlani tudjuk.<\/strong><\/em><\/p>\n<div dir=\"auto\">A dobozt felpattintva kellemes koml\u00f3, tal\u00e1n papay\u00e1ra eml\u00e9keztet\u0151 illata \u00e9rezhet\u0151, \u00edz\u00e9ben az \u00faj-z\u00e9landi koml\u00f3kra jellemz\u0151 egyedi, picit tal\u00e1n csonth\u00e9jas, f\u00f6ldes jegyek jellemzik. Mindemellett j\u00f3l j\u00f6nnek a koml\u00f3 gy\u00fcm\u00f6lcs\u00f6s jegyei, amely tal\u00e1n a tr\u00f3pusi l\u00e9d\u00fas gy\u00fcm\u00f6lcs\u00f6kre eml\u00e9keztet legink\u00e1bb. Megjelen\u00e9se\u00a0s\u0171r\u0171, k\u00f6d\u00f6s, rostos narancs dzs\u00fazra eml\u00e9keztet.<\/div>\n<div dir=\"auto\"><span style=\"color: #999999;\">.<\/span><\/div>\n<div dir=\"auto\"><span style=\"color: #999999;\">.<\/span><\/div>\n<div dir=\"auto\"><span style=\"color: #808080;\"><em>\u00c9RDEKESS\u00c9G:<\/em><\/span><\/div>\n<div dir=\"auto\"><span style=\"color: #808080;\"><em>Azt tudtad, hogy mit jelent a \u201eMOANA K\u00f6tengiTengi\u201d ?<\/em><\/span><\/div>\n<div dir=\"auto\"><span style=\"color: #808080;\"><em>\u00daj-z\u00e9landi, bensz\u00fcl\u00f6tt, maori nyelven azt jelenti, hogy \u201e\u00f3ce\u00e1ni szell\u0151\u201d.<\/em><\/span><\/div>\n<p><span style=\"color: #808080;\"><em>(A KIA ORA ut\u00e1n m\u00e9g n\u00e9h\u00e1ny L\u00f6WOLF \u00e9s eg\u00e9sz j\u00f3l megtanulunk maori nyelven.)<\/em><\/span><\/p>\n<p><span style=\"color: #808080;\"><em>KIA ORA! (azaz Cheers, magyarul: Egi!)<\/em><\/span><\/p>\n<p>&nbsp;<\/p>\n<h3 style=\"text-align: left;\"><span style=\"color: #808080;\"><span style=\"color: #333333;\"><strong>St\u00edlus:<\/strong><\/span>\u00a0DDH New Zealand Milkshake HAZY IPA<\/span><\/h3>\n<p><strong>KOML\u00d3K<\/strong>: <span style=\"color: #808080;\">Rakau-Motueka (New Zealand)<\/span><\/p>\n<p style=\"text-align: left;\"><span style=\"color: #808080;\"><span style=\"color: #333333;\"><strong>PLUSSZ HOZZ\u00c1ADVA:\u00a0<\/strong><\/span>Lakt\u00f3z<\/span><\/p>\n<p style=\"text-align: left;\"><span style=\"color: #808080;\"><span style=\"color: #333333;\"><strong>CAN<\/strong><\/span> | 0,33l | <span style=\"color: #333333;\"><strong>B<\/strong><\/span>\u00a016,7 | <span style=\"color: #333333;\"><strong>IBU<\/strong><\/span>\u00a014 | <span style=\"color: #333333;\"><strong>EBC<\/strong><\/span>\u00a010 | <span style=\"color: #333333;\"><strong>ALC.<\/strong><\/span>\u00a05,4% (V\/V)<\/span><\/p>\n<h3><span style=\"color: #ffcc00;\"><a style=\"color: #ffcc00;\" href=\"https:\/\/untappd.com\/b\/lowolf-craft-beer-co-moana-kotengitengi\/5782676\">UNTAPPD: L\u00f6WOLF &#8211; MOANA K\u00f6tengiTengi<\/a><\/span><\/h3>\n","protected":false},"featured_media":8239,"comment_status":"open","ping_status":"closed","template":"","meta":{"spay_email":""},"etheme_brands":[],"_links":{"self":[{"href":"https:\/\/lowolfcraftbeer.com\/hu\/wp-json\/wp\/v2\/product\/7861"}],"collection":[{"href":"https:\/\/lowolfcraftbeer.com\/hu\/wp-json\/wp\/v2\/product"}],"about":[{"href":"https:\/\/lowolfcraftbeer.com\/hu\/wp-json\/wp\/v2\/types\/product"}],"replies":[{"embeddable":true,"href":"https:\/\/lowolfcraftbeer.com\/hu\/wp-json\/wp\/v2\/comments?post=7861"}],"version-history":[{"count":17,"href":"https:\/\/lowolfcraftbeer.com\/hu\/wp-json\/wp\/v2\/product\/7861\/revisions"}],"predecessor-version":[{"id":7885,"href":"https:\/\/lowolfcraftbeer.com\/hu\/wp-json\/wp\/v2\/product\/7861\/revisions\/7885"}],"wp:featuredmedia":[{"embeddable":true,"href":"https:\/\/lowolfcraftbeer.com\/hu\/wp-json\/wp\/v2\/media\/8239"}],"wp:attachment":[{"href":"https:\/\/lowolfcraftbeer.com\/hu\/wp-json\/wp\/v2\/media?parent=7861"}],"wp:term":[{"taxonomy":"brand","embeddable":true,"href":"https:\/\/lowolfcraftbeer.com\/hu\/wp-json\/wp\/v2\/etheme_brands?post=7861"}],"curies":[{"name":"wp","href":"https:\/\/api.w.org\/{rel}","templated":true}]}}