{"id":7803,"date":"2023-12-11T22:25:33","date_gmt":"2023-12-11T22:25:33","guid":{"rendered":"https:\/\/lowolfcraftbeer.com\/?post_type=product&#038;p=7803"},"modified":"2025-12-16T08:11:52","modified_gmt":"2025-12-16T08:11:52","slug":"atb-liquid-cake","status":"publish","type":"product","link":"https:\/\/lowolfcraftbeer.com\/hu\/product\/atb-liquid-cake\/","title":{"rendered":"ATB Liquid Cake"},"content":{"rendered":"<p style=\"text-align: center;\">MENNYIS\u00c9GI KEDVEZM\u00c9NY<\/p>\n<p>Hamarosan&#8230;<\/p>\n","protected":false},"excerpt":{"rendered":"<h3><span style=\"color: #000000;\">Style: <em>(Apple Pie &#8211; Tonka Beans)<\/em>\u00a0PASTRY Sour Ale<\/span><\/h3>\n<p>&nbsp;<\/p>\n<p style=\"font-weight: 400;\"><strong><em>Ez az els\u0151 PASTRY SOUR ALE s\u00f6r\u00fcnk, amelyet alapvet\u0151en az amerikai alm\u00e1spite inspir\u00e1lt, azonban nem szerett\u00fcnk volna csup\u00e1n egy klasszikust, \u00edgy adtunk m\u00e9g hozz\u00e1 egy nagy kedvenc\u00fcnket, a tonkababot. <\/em><\/strong><\/p>\n<p style=\"font-weight: 400;\">A s\u00f6r elk\u00e9sz\u00edt\u00e9s\u00e9hez a Breaburn alm\u00e1t haszn\u00e1ltunk ugyanis a klasszikus amerikai alm\u00e1s pi\u00e9k is ezzel az alm\u00e1val k\u00e9sz\u00fclnek, amelyet csak \u00fagy, mint az amerikai receptek, mi is megf\u0171szerezt\u00fcnk fah\u00e9jjal, csipetnyi szerecsendi\u00f3val \u00e9s adtunk m\u00e9g hozz\u00e1 egy kis van\u00edli\u00e1t, tonkababot is, hogy a s\u00fctis \u00edzek m\u00e9g komplexebbek legyenek. A kekszes \u00edzjegyek is felsejlenek a korty\u00e9rzet k\u00f6zepette, amelyet a mal\u00e1t\u00e1k kiv\u00e1laszt\u00e1s\u00e1val pr\u00f3b\u00e1ltunk el\u00e9rni. A lakt\u00f3z pedig a selymes, \u00e9desk\u00e9s, s\u00fctis kerek jegyeket hivatott t\u00e1mogatni.<\/p>\n<p>&nbsp;<\/p>\n<h3 style=\"text-align: left;\"><span style=\"color: #808080;\"><span style=\"color: #333333;\"><strong>St\u00edlus:<\/strong><\/span>\u00a0Pastry Sour Ale<\/span><\/h3>\n<p style=\"text-align: left;\"><span style=\"color: #808080;\"><span style=\"color: #333333;\"><strong>PLUSSZ HOZZ\u00c1ADVA:\u00a0<\/strong><\/span>Breaburn Alma, (madagaszk\u00e1ri) Tonkabab, Fah\u00e9j, Van\u00edlia, Szerecsendi\u00f3, Lakt\u00f3z<\/span><\/p>\n<p style=\"text-align: left;\"><span style=\"color: #808080;\"><span style=\"color: #333333;\"><strong>CAN<\/strong><\/span> | 0,33l | <span style=\"color: #333333;\"><strong>B<\/strong><\/span>\u00a022,5 | <span style=\"color: #333333;\"><strong>IBU<\/strong><\/span>\u00a08,8 | <span style=\"color: #333333;\"><strong>EBC<\/strong><\/span>\u00a040 | <span style=\"color: #333333;\"><strong>ALC.<\/strong><\/span>\u00a06,1% (V\/V)<\/span><\/p>\n<h3><a href=\"https:\/\/untappd.com\/b\/lowolf-craft-beer-co-atb-liquid-cake\/5637247\"><span style=\"color: #ffcc00;\">UNTAPPED: L\u00f6WOLF &#8211; ATB LIQUID CAKE<\/span><\/a><\/h3>\n","protected":false},"featured_media":8314,"comment_status":"open","ping_status":"closed","template":"","meta":{"spay_email":""},"etheme_brands":[],"_links":{"self":[{"href":"https:\/\/lowolfcraftbeer.com\/hu\/wp-json\/wp\/v2\/product\/7803"}],"collection":[{"href":"https:\/\/lowolfcraftbeer.com\/hu\/wp-json\/wp\/v2\/product"}],"about":[{"href":"https:\/\/lowolfcraftbeer.com\/hu\/wp-json\/wp\/v2\/types\/product"}],"replies":[{"embeddable":true,"href":"https:\/\/lowolfcraftbeer.com\/hu\/wp-json\/wp\/v2\/comments?post=7803"}],"version-history":[{"count":7,"href":"https:\/\/lowolfcraftbeer.com\/hu\/wp-json\/wp\/v2\/product\/7803\/revisions"}],"predecessor-version":[{"id":7938,"href":"https:\/\/lowolfcraftbeer.com\/hu\/wp-json\/wp\/v2\/product\/7803\/revisions\/7938"}],"wp:featuredmedia":[{"embeddable":true,"href":"https:\/\/lowolfcraftbeer.com\/hu\/wp-json\/wp\/v2\/media\/8314"}],"wp:attachment":[{"href":"https:\/\/lowolfcraftbeer.com\/hu\/wp-json\/wp\/v2\/media?parent=7803"}],"wp:term":[{"taxonomy":"brand","embeddable":true,"href":"https:\/\/lowolfcraftbeer.com\/hu\/wp-json\/wp\/v2\/etheme_brands?post=7803"}],"curies":[{"name":"wp","href":"https:\/\/api.w.org\/{rel}","templated":true}]}}