{"id":7627,"date":"2023-09-06T08:15:32","date_gmt":"2023-09-06T08:15:32","guid":{"rendered":"https:\/\/lowolfcraftbeer.com\/?post_type=product&#038;p=7627"},"modified":"2025-11-24T16:18:02","modified_gmt":"2025-11-24T16:18:02","slug":"juicy-forest","status":"publish","type":"product","link":"https:\/\/lowolfcraftbeer.com\/hu\/product\/juicy-forest\/","title":{"rendered":"JUICY FOREST"},"content":{"rendered":"<p style=\"text-align: center;\">MENNYIS\u00c9GI KEDVEZM\u00c9NY<\/p>\n<p>Hamarosan&#8230;<\/p>\n","protected":false},"excerpt":{"rendered":"<h3 style=\"text-align: left;\"><span style=\"color: #000000;\"><strong>Style:<\/strong>\u00a0Wild Berry Breakfast SOUR Ale<\/span><\/h3>\n<p>&nbsp;<\/p>\n<p><strong><i>A L\u00f6WOLF &#8211; JUICY FOREST egy olyan (erdei bogy\u00f3s gy\u00fcm\u00f6lcs\u00f6s) Sour Ale, amelybe a f\u00e9l erd\u0151t lesz\u00fcretelt\u00fck. A savanyk\u00e1s \u00edzek k\u00f6zepette fellelheted benne a berkenye, szeder, eper,\u00a0feketertibizli \u00e9s bodza \u00edzeit is, illetve adtunk hozz\u00e1 egy csipetnyi lakt\u00f3z is, hogy az l\u00e1gy\u00edtsa, m\u00e9g\u00a0k\u00f6nnyebben fogyaszthat\u00f3v\u00e1 tegye.<\/i><\/strong><\/p>\n<p style=\"text-align: left;\">Eddig csak egzotikus, tr\u00f3pusi gy\u00fcm\u00f6lcs\u00f6kkel dolgoztunk, most viszont megihlettek minket a k\u00f6rnyezet\u00fcnkben tal\u00e1lhat\u00f3 er\u0151k, \u00edgy a ny\u00e1ron, frissen lesz\u00fcretelt gy\u00fcm\u00f6lcs\u00f6kb\u0151l elk\u00e9sz\u00edtett\u00fck az els\u0151 Sour s\u00f6r\u00fcnket, a JUICY FOREST-et. Kortyolgat\u00e1s k\u00f6zben fellelheted benne a berkenye, szeder, eper,\u00a0feketertibizli \u00e9s bodza \u00edzeit is. A savanyk\u00e1s jegyeket egy csipetnyi lakt\u00f3z hozz\u00e1ad\u00e1s\u00e1val igyekezt\u00fcnk n\u00e9mileg kompenz\u00e1lni, hogy az mindenki sz\u00e1m\u00e1ra egy k\u00f6nnyeden fogyaszthat\u00f3 ital legyen.<\/p>\n<p>\u00cdnyencek sz\u00e1m\u00e1ra csak aj\u00e1nlani tudjuk az els\u0151 Sour s\u00f6r\u00fcnket, amely egy k\u00f6nnyed reggeli, pl. egy erdei bogy\u00f3s gy\u00fcmis joghurt mell\u00e9 is k\u00f6nnyed\u00e9n fogyaszthat\u00f3. Sz\u00e9p napot! Cheers!<\/p>\n<h3 style=\"text-align: left;\"><span style=\"color: #808080;\"><span style=\"color: #333333;\"><strong>St\u00edlus:<\/strong><\/span>\u00a0Wild Berry Breakfast Sour Ale<\/span><\/h3>\n<p><span style=\"color: #808080;\"><span style=\"color: #333333;\"><strong>KOML\u00d3K<\/strong><\/span><\/span>:<\/p>\n<p style=\"text-align: left;\"><span style=\"color: #808080;\"><span style=\"color: #333333;\"><strong>PLUSSZ HOZZ\u00c1ADVA:<\/strong><\/span>\u00a0Berkenye, Szeder, Eper, Feketertibizli, Bodza, Lakt\u00f3z<\/span><\/p>\n<p style=\"text-align: left;\"><span style=\"color: #808080;\"><span style=\"color: #333333;\"><strong>CAN<\/strong><\/span> | 0,33l | <span style=\"color: #333333;\"><strong>B<\/strong><\/span>\u00a019 | <span style=\"color: #333333;\"><strong>IBU<\/strong><\/span>\u00a011 | <span style=\"color: #333333;\"><strong>EBC<\/strong><\/span>\u00a085 | <span style=\"color: #333333;\"><strong>ALC.<\/strong><\/span>\u00a05,4% (V\/V)<\/span><\/p>\n<p>&nbsp;<\/p>\n<h3><a href=\"https:\/\/untappd.com\/b\/lowolf-craft-beer-co-juicy-forest\/5487178\"><span style=\"color: #ffcc00;\">UNTAPPED: L\u00f6WOLF &#8211; JUICY FOREST<\/span><\/a><\/h3>\n","protected":false},"featured_media":8240,"comment_status":"open","ping_status":"closed","template":"","meta":{"spay_email":""},"etheme_brands":[],"_links":{"self":[{"href":"https:\/\/lowolfcraftbeer.com\/hu\/wp-json\/wp\/v2\/product\/7627"}],"collection":[{"href":"https:\/\/lowolfcraftbeer.com\/hu\/wp-json\/wp\/v2\/product"}],"about":[{"href":"https:\/\/lowolfcraftbeer.com\/hu\/wp-json\/wp\/v2\/types\/product"}],"replies":[{"embeddable":true,"href":"https:\/\/lowolfcraftbeer.com\/hu\/wp-json\/wp\/v2\/comments?post=7627"}],"version-history":[{"count":7,"href":"https:\/\/lowolfcraftbeer.com\/hu\/wp-json\/wp\/v2\/product\/7627\/revisions"}],"predecessor-version":[{"id":7941,"href":"https:\/\/lowolfcraftbeer.com\/hu\/wp-json\/wp\/v2\/product\/7627\/revisions\/7941"}],"wp:featuredmedia":[{"embeddable":true,"href":"https:\/\/lowolfcraftbeer.com\/hu\/wp-json\/wp\/v2\/media\/8240"}],"wp:attachment":[{"href":"https:\/\/lowolfcraftbeer.com\/hu\/wp-json\/wp\/v2\/media?parent=7627"}],"wp:term":[{"taxonomy":"brand","embeddable":true,"href":"https:\/\/lowolfcraftbeer.com\/hu\/wp-json\/wp\/v2\/etheme_brands?post=7627"}],"curies":[{"name":"wp","href":"https:\/\/api.w.org\/{rel}","templated":true}]}}