{"id":7616,"date":"2023-09-06T07:00:49","date_gmt":"2023-09-06T07:00:49","guid":{"rendered":"https:\/\/lowolfcraftbeer.com\/?post_type=product&#038;p=7616"},"modified":"2025-11-24T17:04:12","modified_gmt":"2025-11-24T17:04:12","slug":"kia-ora","status":"publish","type":"product","link":"https:\/\/lowolfcraftbeer.com\/hu\/product\/kia-ora\/","title":{"rendered":"KIA ORA"},"content":{"rendered":"<p style=\"text-align: center;\">MENNYIS\u00c9GI KEDVEZM\u00c9NY<\/p>\n<p>Hamarosan&#8230;<\/p>\n","protected":false},"excerpt":{"rendered":"<h3 style=\"text-align: left;\"><span style=\"color: #000000;\"><strong>St\u00edlus:<\/strong>\u00a0DDH New Zealand Nectaron Milkshake HAZY IPA<\/span><\/h3>\n<p>&nbsp;<\/p>\n<p><strong><i>A L\u00f6WOLF &#8211; KIA ORA egy &#8220;Milkshake Hazy IPA&#8221; (a Hazy\/New England IPA s\u00f6r\u00f6k egy \u00faj ir\u00e1nyzata), amelyet csak egy, igaz\u00e1n k\u00fcl\u00f6nleges \u00fajz\u00e9landi (Nectaron) koml\u00f3val k\u00e9sz\u00edtett\u00fcnk, amely a nektarin \u00e9s az \u0151szibarack \u00edz\u00e9re is eml\u00e9keztet sokakat. Tov\u00e1bb\u00e1 adtunk hozz\u00e1 m\u00e9g egy csipetnyi\u00a0lakt\u00f3zt is, hogy az min\u00e9l selymesebb &#8220;koml\u00f3 dzs\u00faz&#8221; lehessen.<\/i><\/strong><\/p>\n<p style=\"text-align: left;\">A L\u00f6WOLF &#8220;HOPPY JUICE&#8221; sorozat leg\u00fajabb tagja a \u201e<strong>KIA ORA<\/strong>\u201d amely az egyik legk\u00fcl\u00f6nlegesebb \u00fajz\u00e9landi koml\u00f3 (Nectaron) felhaszn\u00e1l\u00e1s\u00e1val k\u00e9sz\u00fclt. Ez a zamatos nektarin \u00e9s \u0151szibarack \u00edz\u00e9t id\u00e9zi, sz\u00edn\u00e9ben \u00e9s megjelen\u00e9s\u00e9ben pedig egy narancscs\u00fazra eml\u00e9keztet. A frissen csapolt s\u00f6r, vagy \u00e9ppen a CAN-t felpattintva m\u00e1r meg is csap minket a koml\u00f3 jellegzetes, finom illata.<\/p>\n<div dir=\"auto\">\n<p style=\"font-weight: 400;\">A Hazy\/New England IPA s\u00f6r\u00f6kre jellemz\u0151 l\u00e1gyan keserny\u00e9s jegyeknek, tov\u00e1bb\u00e1 a lakt\u00f3z ny\u00fajtotta selymes korty\u00e9rzetnek k\u00f6sz\u00f6nhet\u0151en a v\u00e9geredm\u00e9ny egy j\u00f3l cs\u00fasz\u00f3s, &#8220;koml\u00f3 dzs\u00faz&#8221;\u00a0 \/ &#8220;hoppy juice&#8221; lett, amelyet k\u00fcl\u00f6n\u00f6sen aj\u00e1nlunk a st\u00edlus kedvel\u0151i figyelm\u00e9be.<\/p>\n<\/div>\n<p>&nbsp;<\/p>\n<p><em><strong>TUDTAD ???<\/strong><\/em><\/p>\n<p><em>Kia Ora (key-or-a) azt jelenti maori nyelven, hogy &#8220;Hello&#8221;. A\u00a0maorik \u00daj-Z\u00e9land szigetein \u00e9l\u0151 \u0151slak\u00f3sok.<\/em><\/p>\n<p>&nbsp;<\/p>\n<h3 style=\"text-align: left;\"><span style=\"color: #808080;\"><span style=\"color: #333333;\"><strong>St\u00edlus:<\/strong><\/span>\u00a0DDH New Zealand Nectaron Milkshake HAZY IPA<\/span><\/h3>\n<p><span style=\"color: #808080;\"><span style=\"color: #333333;\"><strong>KOML\u00d3K<\/strong><\/span><\/span>: <span style=\"color: #808080;\">Nectaron (NZ)<\/span><\/p>\n<p style=\"text-align: left;\"><span style=\"color: #808080;\"><span style=\"color: #333333;\"><strong>PLUSSZ HOZZ\u00c1ADVA:<\/strong><\/span>\u00a0Lakt\u00f3z<\/span><\/p>\n<p style=\"text-align: left;\"><span style=\"color: #808080;\"><span style=\"color: #333333;\"><strong>CAN<\/strong><\/span> | 0,33l | <span style=\"color: #333333;\"><strong>B<\/strong><\/span>\u00a017 | <span style=\"color: #333333;\"><strong>IBU<\/strong><\/span>\u00a021,6 | <span style=\"color: #333333;\"><strong>EBC<\/strong><\/span>\u00a010,5 | <span style=\"color: #333333;\"><strong>ALC.<\/strong><\/span>\u00a05,4% (V\/V)<\/span><\/p>\n<h3><span style=\"color: #ffcc00;\"><a style=\"color: #ffcc00;\" href=\"https:\/\/untappd.com\/b\/lowolf-craft-beer-co-kia-ora\/5485402\">UNTAPPD: L\u00f6WOLF &#8211; KIA ORA<\/a><\/span><\/h3>\n","protected":false},"featured_media":8077,"comment_status":"open","ping_status":"closed","template":"","meta":{"spay_email":""},"etheme_brands":[],"_links":{"self":[{"href":"https:\/\/lowolfcraftbeer.com\/hu\/wp-json\/wp\/v2\/product\/7616"}],"collection":[{"href":"https:\/\/lowolfcraftbeer.com\/hu\/wp-json\/wp\/v2\/product"}],"about":[{"href":"https:\/\/lowolfcraftbeer.com\/hu\/wp-json\/wp\/v2\/types\/product"}],"replies":[{"embeddable":true,"href":"https:\/\/lowolfcraftbeer.com\/hu\/wp-json\/wp\/v2\/comments?post=7616"}],"version-history":[{"count":8,"href":"https:\/\/lowolfcraftbeer.com\/hu\/wp-json\/wp\/v2\/product\/7616\/revisions"}],"predecessor-version":[{"id":7936,"href":"https:\/\/lowolfcraftbeer.com\/hu\/wp-json\/wp\/v2\/product\/7616\/revisions\/7936"}],"wp:featuredmedia":[{"embeddable":true,"href":"https:\/\/lowolfcraftbeer.com\/hu\/wp-json\/wp\/v2\/media\/8077"}],"wp:attachment":[{"href":"https:\/\/lowolfcraftbeer.com\/hu\/wp-json\/wp\/v2\/media?parent=7616"}],"wp:term":[{"taxonomy":"brand","embeddable":true,"href":"https:\/\/lowolfcraftbeer.com\/hu\/wp-json\/wp\/v2\/etheme_brands?post=7616"}],"curies":[{"name":"wp","href":"https:\/\/api.w.org\/{rel}","templated":true}]}}