{"id":7560,"date":"2023-02-25T14:40:35","date_gmt":"2023-02-25T14:40:35","guid":{"rendered":"https:\/\/lowolfcraftbeer.com\/?post_type=product&#038;p=7560"},"modified":"2024-04-22T16:07:14","modified_gmt":"2024-04-22T16:07:14","slug":"crazy-kangaroo-sorparlat-beer-spirit","status":"publish","type":"product","link":"https:\/\/lowolfcraftbeer.com\/hu\/product\/crazy-kangaroo-sorparlat-beer-spirit\/","title":{"rendered":"CRAZY KANGAROO &#8211; S\u00d6RP\u00c1RLAT \/ Beer Spirit"},"content":{"rendered":"<p style=\"text-align: center;\">MENNYIS\u00c9GI KEDVEZM\u00c9NY<\/p>\n<p>Hamarosan&#8230;<\/p>\n","protected":false},"excerpt":{"rendered":"<p><em><strong>A L\u00f6WOLF &#8211; CRAZY KANGAROO (Australian DDH DIPA) s\u00f6r\u00fcnkb\u0151l k\u00e9sz\u00edtett\u00fck ezen s\u00f6rp\u00e1rlatunkat, amelyet az ausztr\u00e1l ELLA \u00e9s GALAXY koml\u00f3k egyedi jegyei tesznek k\u00fcl\u00f6nlegess\u00e9.<\/strong><\/em><\/p>\n<p style=\"text-align: left;\">A s\u00f6rp\u00e1rlat \u00fagy k\u00e9sz\u00fcl, mint a p\u00e1linka. Az alapja nem a gy\u00fcm\u00f6lcs, hanem a felhaszn\u00e1lt s\u00f6r, amelyek \u00edze mindig az adott alaps\u00f6rt\u0151l f\u00fcgg. A CRAZY KANGARRO egy ausztr\u00e1l DIPA s\u00f6r volt, amelyet az ausztr\u00e1l ELLA \u00e9s GALAXY koml\u00f3k f\u0171szereztek. Ezen koml\u00f3k jellegzetes aroma jegyei adj\u00e1k s\u00f6rp\u00e1rlatunk \u00edz \u00e9s illatvil\u00e1g\u00e1t is, amelyek s\u00f6rp\u00e1rlatk\u00e9nt a k\u00f6vetkez\u0151k:<\/p>\n<p style=\"text-align: left;\"><strong>Illatos csemegesz\u0151l\u0151s jegyek t\u00e1rsulnak a r\u00f3zsavir\u00e1gos karakterhez. Pici muskot\u00e1lyoss\u00e1g, sz\u00e1jban elter\u00fcl\u0151 szol\u00edd keserny\u00e9ss\u00e9ggel.<\/strong><\/p>\n<div dir=\"auto\">\n<p>Pr\u00e9mium italk\u00e9nt a s\u00f6rp\u00e1rlatunkat egy eleg\u00e1ns, francia palackba t\u00f6lt\u00f6tt\u00fck, hogy az \u00edzek mellet az egyedi megjelen\u00e9s is m\u00e9g nagyobb \u00e9lm\u00e9nyt ny\u00fajtson fogyaszt\u00f3j\u00e1nak.<\/p>\n<p>&nbsp;<\/p>\n<\/div>\n<h3 style=\"text-align: left;\"><span style=\"color: #808080;\"><span style=\"color: #333333;\"><strong>ST\u00cdLUS:<\/strong><\/span>\u00a0S\u00d6RP\u00c1RLAT (Beer Spirit)<\/span><\/h3>\n<p><span style=\"color: #808080;\"><span style=\"color: #333333;\"><strong>FELHASZN\u00c1LT S\u00d6R<\/strong><\/span><\/span>: CRAZY KANGAROO<\/p>\n<p><strong>KOML\u00d3K<\/strong>: Sabro, Idaho 7<\/p>\n<p style=\"text-align: left;\"><span style=\"color: #808080;\"><span style=\"color: #333333;\"><strong>PALACK<\/strong><\/span>\u00a0| 0,35l | <span style=\"color: #333333;\"><strong>ALC.<\/strong><\/span>\u00a040% (V\/V)<\/span><\/p>\n","protected":false},"featured_media":7561,"comment_status":"open","ping_status":"closed","template":"","meta":{"spay_email":""},"etheme_brands":[],"_links":{"self":[{"href":"https:\/\/lowolfcraftbeer.com\/hu\/wp-json\/wp\/v2\/product\/7560"}],"collection":[{"href":"https:\/\/lowolfcraftbeer.com\/hu\/wp-json\/wp\/v2\/product"}],"about":[{"href":"https:\/\/lowolfcraftbeer.com\/hu\/wp-json\/wp\/v2\/types\/product"}],"replies":[{"embeddable":true,"href":"https:\/\/lowolfcraftbeer.com\/hu\/wp-json\/wp\/v2\/comments?post=7560"}],"version-history":[{"count":3,"href":"https:\/\/lowolfcraftbeer.com\/hu\/wp-json\/wp\/v2\/product\/7560\/revisions"}],"predecessor-version":[{"id":7572,"href":"https:\/\/lowolfcraftbeer.com\/hu\/wp-json\/wp\/v2\/product\/7560\/revisions\/7572"}],"wp:featuredmedia":[{"embeddable":true,"href":"https:\/\/lowolfcraftbeer.com\/hu\/wp-json\/wp\/v2\/media\/7561"}],"wp:attachment":[{"href":"https:\/\/lowolfcraftbeer.com\/hu\/wp-json\/wp\/v2\/media?parent=7560"}],"wp:term":[{"taxonomy":"brand","embeddable":true,"href":"https:\/\/lowolfcraftbeer.com\/hu\/wp-json\/wp\/v2\/etheme_brands?post=7560"}],"curies":[{"name":"wp","href":"https:\/\/api.w.org\/{rel}","templated":true}]}}