{"id":7556,"date":"2023-02-25T14:28:16","date_gmt":"2023-02-25T14:28:16","guid":{"rendered":"https:\/\/lowolfcraftbeer.com\/?post_type=product&#038;p=7556"},"modified":"2024-04-22T16:07:58","modified_gmt":"2024-04-22T16:07:58","slug":"do-tropi-sorparlat-beer-spirit","status":"publish","type":"product","link":"https:\/\/lowolfcraftbeer.com\/hu\/product\/do-tropi-sorparlat-beer-spirit\/","title":{"rendered":"D\u00f6 TROPI &#8211; S\u00d6RP\u00c1RLAT \/ Beer Spirit"},"content":{"rendered":"<p style=\"text-align: center;\">MENNYIS\u00c9GI KEDVEZM\u00c9NY<\/p>\n<p>Hamarosan&#8230;<\/p>\n","protected":false},"excerpt":{"rendered":"<p><em><strong>A L\u00f6WOLF &#8211; D\u00f6 TROPI (Tropical Milkshake Pale Ale) s\u00f6r\u00fcnkb\u0151l k\u00e9sz\u00edtett\u00fck ezen s\u00f6rp\u00e1rlatunkat, amelyet term\u00e9szetes gy\u00fcm\u00f6lcs\u00f6kkel (anan\u00e1sz \u00e9s mang\u00f3) \u00edzes\u00edtett\u00fcnk.<\/strong><\/em><\/p>\n<p style=\"text-align: left;\">A s\u00f6rp\u00e1rlat \u00fagy k\u00e9sz\u00fcl, mint a p\u00e1linka azonban alapja nem a gy\u00fcm\u00f6lcs, hanem a felhaszn\u00e1lt s\u00f6r, amelyek \u00edze mindig az adott alaps\u00f6rt\u0151l f\u00fcgg. A D\u00f6 TROPI egy Tropical Milkshake Pale Ale s\u00f6r volt, anan\u00e1sz \u00e9s mang\u00f3 felhaszn\u00e1l\u00e1s\u00e1val k\u00e9sz\u00fclt. S\u00f6rp\u00e1rlatk\u00e9nt val\u00f3 lef\u0151z\u00e9st k\u00f6vet\u0151en \u00fajabb, egyedi \u00edzeket kaptunk, melyek a k\u00f6vetkez\u0151k:<\/p>\n<p style=\"text-align: left;\"><strong>\u00cdzvil\u00e1ga a csereszny\u00e9re is eml\u00e9keztet\u0151, \u00e9tcsokol\u00e1d\u00e9s lecseng\u00e9ssel. Hosszantart\u00f3 pirosbogy\u00f3s gy\u00fcm\u00f6lcs\u00f6s jelleg is felfedezhet\u0151.<\/strong><\/p>\n<div dir=\"auto\"><\/div>\n<p>Pr\u00e9mium s\u00f6rp\u00e1rlatunkat egy eleg\u00e1ns, francia palackba t\u00f6lt\u00f6tt\u00fck, hogy az \u00edzek mellet az egyedi megjelen\u00e9s is m\u00e9g nagyobb \u00e9lm\u00e9nyt ny\u00fajtson fogyaszt\u00f3j\u00e1nak.<\/p>\n<p>&nbsp;<\/p>\n<h3 style=\"text-align: left;\"><span style=\"color: #808080;\"><span style=\"color: #333333;\"><strong>St\u00edlus:<\/strong><\/span>\u00a0S\u00d6RP\u00c1RLAT (Beer Spirit)<\/span><\/h3>\n<p><span style=\"color: #808080;\"><span style=\"color: #333333;\"><strong>Felhaszn\u00e1lt s\u00f6r<\/strong><\/span><\/span>: D\u00f6 TROPI (anan\u00e1sz, mang\u00f3)<\/p>\n<p style=\"text-align: left;\"><span style=\"color: #808080;\"><span style=\"color: #333333;\"><strong>PALACK<\/strong><\/span>\u00a0| 0,35l | <span style=\"color: #333333;\"><strong>ALC.<\/strong><\/span>\u00a040% (V\/V)<\/span><\/p>\n","protected":false},"featured_media":7557,"comment_status":"open","ping_status":"closed","template":"","meta":{"spay_email":""},"etheme_brands":[],"_links":{"self":[{"href":"https:\/\/lowolfcraftbeer.com\/hu\/wp-json\/wp\/v2\/product\/7556"}],"collection":[{"href":"https:\/\/lowolfcraftbeer.com\/hu\/wp-json\/wp\/v2\/product"}],"about":[{"href":"https:\/\/lowolfcraftbeer.com\/hu\/wp-json\/wp\/v2\/types\/product"}],"replies":[{"embeddable":true,"href":"https:\/\/lowolfcraftbeer.com\/hu\/wp-json\/wp\/v2\/comments?post=7556"}],"version-history":[{"count":2,"href":"https:\/\/lowolfcraftbeer.com\/hu\/wp-json\/wp\/v2\/product\/7556\/revisions"}],"predecessor-version":[{"id":7573,"href":"https:\/\/lowolfcraftbeer.com\/hu\/wp-json\/wp\/v2\/product\/7556\/revisions\/7573"}],"wp:featuredmedia":[{"embeddable":true,"href":"https:\/\/lowolfcraftbeer.com\/hu\/wp-json\/wp\/v2\/media\/7557"}],"wp:attachment":[{"href":"https:\/\/lowolfcraftbeer.com\/hu\/wp-json\/wp\/v2\/media?parent=7556"}],"wp:term":[{"taxonomy":"brand","embeddable":true,"href":"https:\/\/lowolfcraftbeer.com\/hu\/wp-json\/wp\/v2\/etheme_brands?post=7556"}],"curies":[{"name":"wp","href":"https:\/\/api.w.org\/{rel}","templated":true}]}}