{"id":7551,"date":"2023-02-25T14:14:07","date_gmt":"2023-02-25T14:14:07","guid":{"rendered":"https:\/\/lowolfcraftbeer.com\/?post_type=product&#038;p=7551"},"modified":"2024-04-22T16:08:27","modified_gmt":"2024-04-22T16:08:27","slug":"tropical-dreamin-sorparlat-beer-spirit","status":"publish","type":"product","link":"https:\/\/lowolfcraftbeer.com\/hu\/product\/tropical-dreamin-sorparlat-beer-spirit\/","title":{"rendered":"TROPICAL DREAMIN&#8217; &#8211; S\u00d6RP\u00c1RLAT \/ Beer Spirit"},"content":{"rendered":"<p style=\"text-align: center;\">MENNYIS\u00c9GI KEDVEZM\u00c9NY<\/p>\n<p>Hamarosan&#8230;<\/p>\n","protected":false},"excerpt":{"rendered":"<p><em><strong>A L\u00f6WOLF &#8211; TROPICAL DREAMIN&#8217; (New England) s\u00f6r\u00fcnkb\u0151l k\u00e9sz\u00edtett\u00fck ezen s\u00f6rp\u00e1rlatunkat, amelyet a Sabro \u00e9s Ideho 7 koml\u00f3k jegyei tesznek egyediv\u00e9 s\u00f6rp\u00e1rlat form\u00e1j\u00e1ban is.\u00a0<\/strong><\/em><\/p>\n<p>A s\u00f6rp\u00e1rlat \u00fagy k\u00e9sz\u00fcl, mint a p\u00e1linka azonban alapja nem a gy\u00fcm\u00f6lcs, hanem a felhaszn\u00e1lt s\u00f6r, amelyek \u00edze mindig az adott alaps\u00f6rt\u0151l f\u00fcgg. A TROPICAL DREAIMIN&#8217; s\u00f6r\u00fcnk egy New England IPA volt , amelyet SABRO \u00e9s IDEHO 7 \u00a0koml\u00f3kkal k\u00e9sz\u00fclt. Ezen koml\u00f3k jellegzetes jegyei adj\u00e1k s\u00f6rp\u00e1rlatunk \u00edz \u00e9s illatvil\u00e1g\u00e1t is, amelyek s\u00f6rp\u00e1rlatk\u00e9nt a k\u00f6vetkez\u0151k:<\/p>\n<p style=\"text-align: left;\">Citrusos, hars\u00e1ny vir\u00e1gos, komplex gy\u00fcm\u00f6lcs\u00f6s jegyek jellemzik. A parf\u00fcm\u00f6s jegyeket sz\u00e9pen k\u00eds\u00e9ri a kr\u00e9mes. kesernye.<\/p>\n<p>&nbsp;<\/p>\n<h3 style=\"text-align: left;\"><span style=\"color: #808080;\"><span style=\"color: #333333;\"><strong>St\u00edlus:<\/strong><\/span>\u00a0S\u00d6RP\u00c1RLAT (Beer Spirit)<\/span><\/h3>\n<p><span style=\"color: #808080;\"><span style=\"color: #333333;\"><strong>Felhaszn\u00e1lt s\u00f6r<\/strong><\/span><\/span>: TROPICAL DREAMIN&#8217;<\/p>\n<p><span style=\"color: #808080;\"><span style=\"color: #333333;\"><strong>KOML\u00d3K<\/strong><\/span><\/span>: Sabro, Idaho 7<\/p>\n<p style=\"text-align: left;\"><span style=\"color: #808080;\"><span style=\"color: #333333;\"><strong>PALACK<\/strong><\/span>\u00a0| 0,35l | <span style=\"color: #333333;\"><strong>ALC.<\/strong><\/span>\u00a040% (V\/V)<\/span><\/p>\n","protected":false},"featured_media":7553,"comment_status":"open","ping_status":"closed","template":"","meta":{"spay_email":""},"etheme_brands":[],"_links":{"self":[{"href":"https:\/\/lowolfcraftbeer.com\/hu\/wp-json\/wp\/v2\/product\/7551"}],"collection":[{"href":"https:\/\/lowolfcraftbeer.com\/hu\/wp-json\/wp\/v2\/product"}],"about":[{"href":"https:\/\/lowolfcraftbeer.com\/hu\/wp-json\/wp\/v2\/types\/product"}],"replies":[{"embeddable":true,"href":"https:\/\/lowolfcraftbeer.com\/hu\/wp-json\/wp\/v2\/comments?post=7551"}],"version-history":[{"count":2,"href":"https:\/\/lowolfcraftbeer.com\/hu\/wp-json\/wp\/v2\/product\/7551\/revisions"}],"predecessor-version":[{"id":7567,"href":"https:\/\/lowolfcraftbeer.com\/hu\/wp-json\/wp\/v2\/product\/7551\/revisions\/7567"}],"wp:featuredmedia":[{"embeddable":true,"href":"https:\/\/lowolfcraftbeer.com\/hu\/wp-json\/wp\/v2\/media\/7553"}],"wp:attachment":[{"href":"https:\/\/lowolfcraftbeer.com\/hu\/wp-json\/wp\/v2\/media?parent=7551"}],"wp:term":[{"taxonomy":"brand","embeddable":true,"href":"https:\/\/lowolfcraftbeer.com\/hu\/wp-json\/wp\/v2\/etheme_brands?post=7551"}],"curies":[{"name":"wp","href":"https:\/\/api.w.org\/{rel}","templated":true}]}}