{"id":7530,"date":"2023-02-10T23:43:26","date_gmt":"2023-02-10T23:43:26","guid":{"rendered":"https:\/\/lowolfcraftbeer.com\/?post_type=product&#038;p=7530"},"modified":"2025-11-24T17:03:27","modified_gmt":"2025-11-24T17:03:27","slug":"seagull-coast","status":"publish","type":"product","link":"https:\/\/lowolfcraftbeer.com\/hu\/product\/seagull-coast\/","title":{"rendered":"Seagull Coast"},"content":{"rendered":"<p style=\"text-align: center;\">MENNYIS\u00c9GI KEDVEZM\u00c9NY<\/p>\n<p>Hamarosan&#8230;<\/p>\n","protected":false},"excerpt":{"rendered":"<p><em><strong>A L\u00f6WOLF Seagull Coast egy &#8220;Milkshake Hazy IPA&#8221; (a Hazy\/New England IPA s\u00f6r\u00f6k egy \u00faj ir\u00e1nyzata), amelyet az Azacca, Cashmere, El Dorado koml\u00f3 f\u0171szerez, a lakt\u00f3z pedig tov\u00e1bb l\u00e1gy\u00edtja a korty\u00e9rzetet, hogy az min\u00e9l jobban egy k\u00f6nnyed, &#8220;koml\u00f3 dzs\u00faz&#8221; lehessen.<\/strong><\/em><\/p>\n<p style=\"text-align: left;\">A L\u00f6WOLF HOPPY JUICE sorozat els\u0151 tagja a \u201eSEAGULL COAST\u201d amely h\u00e1rom koml\u00f3 felhaszn\u00e1l\u00e1s\u00e1val k\u00e9sz\u00fclt: Azacca, Cashmere, El Dorado, illetve adtunk hozz\u00e1 m\u00e9g egy kis lakt\u00f3zt is, hogy az m\u00e9g selymesebb\u00e9 tegye a (koml\u00f3s) dzs\u00fazos korty\u00e9rzetet. Az eredm\u00e9ny egy k\u00f6nnyed, j\u00f3l kortyolhat\u00f3 \u201ehoppy juice\u201d azaz \u201ekoml\u00f3 dzs\u00fasz\u201d lett.<\/p>\n<div dir=\"auto\">\n<p style=\"font-weight: 400;\">Illat\u00e1ban a visszafogott, koml\u00f3s jegyek a jellemz\u0151ek.<\/p>\n<p style=\"font-weight: 400;\">\u00cdz\u00e9ben kev\u00e9sb\u00e9 tolakod\u00f3an megjelennek a koml\u00f3k \u00e1ltal ny\u00fajtott komplex \u00edzek. Felsejlenek az \u00e9desk\u00e9s, l\u00e9d\u00fas, tr\u00f3pusi gy\u00fcm\u00f6lcs\u00f6kre eml\u00e9keztet\u0151 jegyek, mint p\u00e9ld\u00e1ul az anan\u00e1sz, mang\u00f3, a h\u00e1tt\u00e9rben tal\u00e1n m\u00e9g egy enyhe narancsra jellemz\u0151 \u00edz is felfedezhet\u0151.<\/p>\n<p style=\"font-weight: 400;\">A koml\u00f3k komplex \u00edz\u00e9nek, l\u00e1gy gy\u00fcm\u00f6lcs\u00f6ss\u00e9g\u00e9nek, a Hazy\/New England IPA s\u00f6r\u00f6kre jellemz\u0151 enyhe keserny\u00e9s jegyeknek, tov\u00e1bb\u00e1 a lakt\u00f3z ny\u00fajtotta selymes korty\u00e9rzetnek k\u00f6sz\u00f6nhet\u0151en a v\u00e9geredm\u00e9ny egy j\u00f3l cs\u00fasz\u00f3s, &#8220;koml\u00f3 dzs\u00faz&#8221;\u00a0 \/ &#8220;hoppy juice&#8221; lett, amelyet az Azzaca, Cashmere, El Dorado koml\u00f3k kombin\u00e1ci\u00f3i f\u0171szereznek meg egyedi jegyeikkel.<\/p>\n<p>&nbsp;<\/p>\n<\/div>\n<h3 style=\"text-align: left;\"><span style=\"color: #808080;\"><span style=\"color: #333333;\"><strong>St\u00edlus:<\/strong><\/span>\u00a0DDH Milkshake HAZY IPA<\/span><\/h3>\n<p><span style=\"color: #808080;\"><span style=\"color: #333333;\"><strong>KOML\u00d3K<\/strong><\/span><\/span>: <span style=\"color: #808080;\">Azacca, Cashmere, El Dorado<\/span><\/p>\n<p style=\"text-align: left;\"><span style=\"color: #808080;\"><span style=\"color: #333333;\"><strong>PLUSSZ HOZZ\u00c1ADVA:<\/strong><\/span>\u00a0Lakt\u00f3z<\/span><\/p>\n<p style=\"text-align: left;\"><span style=\"color: #808080;\"><span style=\"color: #333333;\"><strong>CAN<\/strong><\/span> | 0,33l | <span style=\"color: #333333;\"><strong>B<\/strong><\/span>\u00a015,5 | <span style=\"color: #333333;\"><strong>IBU<\/strong><\/span>\u00a031 | <span style=\"color: #333333;\"><strong>EBC<\/strong><\/span>\u00a09 | <span style=\"color: #333333;\"><strong>ALC.<\/strong><\/span>\u00a05,8% (V\/V)<\/span><\/p>\n","protected":false},"featured_media":7844,"comment_status":"open","ping_status":"closed","template":"","meta":{"spay_email":""},"etheme_brands":[],"_links":{"self":[{"href":"https:\/\/lowolfcraftbeer.com\/hu\/wp-json\/wp\/v2\/product\/7530"}],"collection":[{"href":"https:\/\/lowolfcraftbeer.com\/hu\/wp-json\/wp\/v2\/product"}],"about":[{"href":"https:\/\/lowolfcraftbeer.com\/hu\/wp-json\/wp\/v2\/types\/product"}],"replies":[{"embeddable":true,"href":"https:\/\/lowolfcraftbeer.com\/hu\/wp-json\/wp\/v2\/comments?post=7530"}],"version-history":[{"count":2,"href":"https:\/\/lowolfcraftbeer.com\/hu\/wp-json\/wp\/v2\/product\/7530\/revisions"}],"predecessor-version":[{"id":7546,"href":"https:\/\/lowolfcraftbeer.com\/hu\/wp-json\/wp\/v2\/product\/7530\/revisions\/7546"}],"wp:featuredmedia":[{"embeddable":true,"href":"https:\/\/lowolfcraftbeer.com\/hu\/wp-json\/wp\/v2\/media\/7844"}],"wp:attachment":[{"href":"https:\/\/lowolfcraftbeer.com\/hu\/wp-json\/wp\/v2\/media?parent=7530"}],"wp:term":[{"taxonomy":"brand","embeddable":true,"href":"https:\/\/lowolfcraftbeer.com\/hu\/wp-json\/wp\/v2\/etheme_brands?post=7530"}],"curies":[{"name":"wp","href":"https:\/\/api.w.org\/{rel}","templated":true}]}}