{"id":7417,"date":"2022-11-13T11:34:49","date_gmt":"2022-11-13T11:34:49","guid":{"rendered":"https:\/\/lowolfcraftbeer.com\/?post_type=product&#038;p=7417"},"modified":"2025-11-24T16:20:33","modified_gmt":"2025-11-24T16:20:33","slug":"d-b-port","status":"publish","type":"product","link":"https:\/\/lowolfcraftbeer.com\/hu\/product\/d-b-port\/","title":{"rendered":"D\u00f6 B PORT"},"content":{"rendered":"<p style=\"text-align: center;\">MENNYIS\u00c9GI KEDVEZM\u00c9NY<\/p>\n<p>Hamarosan&#8230;<\/p>\n","protected":false},"excerpt":{"rendered":"<h3 style=\"text-align: left;\"><span style=\"color: #000000;\"><strong>Style:<\/strong>\u00a0Imperial Baltic Porter Aszaltszilv\u00e1val<\/span><\/h3>\n<p>&nbsp;<\/p>\n<p style=\"text-align: left;\"><strong><i>A L\u00f6WOLF D\u00f6 B PORT egy\u00a0aszaltszilf\u00e1val k\u00e9sz\u00fclt,\u00a0van\u00edli\u00e1val \u00e9s fah\u00e9jjal megf\u0171szerezett Imperial Baltic Porter.\u00a0<\/i><\/strong><\/p>\n<div dir=\"auto\"><\/div>\n<div dir=\"auto\">Egy olyan s\u00f6r, amely a baltic porter jellegzetes \u00edzein t\u00fal m\u00e9g meg van f\u0171szerezve aszalt szilv\u00e1val, csipetnyi van\u00edli\u00e1val \u00e9s fah\u00e9jjal. A selymes korty\u00e9rzet el\u00e9r\u00e9se \u00e9rdek\u00e9ben adtunk hozz\u00e1 egy kis lakt\u00f3zt is. A v\u00e9geredm\u00e9ny egy s\u0171r\u0171, kr\u00e9mes, ugyanakkor j\u00f3l kortyolgathat\u00f3 ital lett. Azoknak k\u00fcl\u00f6n aj\u00e1nljuk, akik kedvelik a porterf\u00e9l\u00e9ket, k\u00fcl\u00f6nleges kraft s\u00f6r\u00f6ket.<\/div>\n<div dir=\"auto\">.<\/div>\n<div dir=\"auto\">Alpha batch, egyszeri f\u0151zet, limit\u00e1lt kiad\u00e1s.<\/div>\n<div dir=\"auto\">.<\/div>\n<div dir=\"auto\">Sz\u0171retlen, paszt\u0151r\u00f6zetlen, csak term\u00e9szetes alapanyagok felhaszn\u00e1l\u00e1s\u00e1val k\u00e9sz\u00fclt.<\/div>\n<div dir=\"auto\">.<\/div>\n<h3 style=\"text-align: left;\"><span style=\"color: #808080;\"><span style=\"color: #333333;\"><strong>St\u00edlus:<\/strong><\/span>\u00a0Imperial Baltic Porter<\/span><\/h3>\n<p style=\"text-align: left;\"><span style=\"color: #808080;\"><span style=\"color: #333333;\"><strong>PLUSZ HOZZ\u00c1ADVA:<\/strong><\/span>\u00a0Aszalt szilva, van\u00edlia, fah\u00e9j, lakt\u00f3z <em>(Csak term\u00e9szetes alapanyagok felhaszn\u00e1l\u00e1s\u00e1val)<\/em><\/span><\/p>\n<p style=\"text-align: left;\"><span style=\"color: #808080;\"><span style=\"color: #333333;\"><strong>CAN<\/strong><\/span> | 0,33l | <span style=\"color: #333333;\"><strong>B<\/strong><\/span>\u00a028,2 | <span style=\"color: #333333;\"><strong>IBU<\/strong><\/span>\u00a029 | <span style=\"color: #333333;\"><strong>EBC<\/strong><\/span>\u00a0120 | <span style=\"color: #333333;\"><strong>ALC.<\/strong><\/span>\u00a012% (V\/V)<\/span><\/p>\n<h3><span style=\"color: #ffcc00;\"><a style=\"color: #ffcc00;\" href=\"https:\/\/untappd.com\/b\/lowolf-craft-beer-co-do-b-port\/5121091\"><strong>UNTAPPED: L\u00f6WOLF &#8211; D\u00f6 B PORT<\/strong><\/a><\/span><\/h3>\n","protected":false},"featured_media":8241,"comment_status":"open","ping_status":"closed","template":"","meta":{"spay_email":""},"etheme_brands":[],"_links":{"self":[{"href":"https:\/\/lowolfcraftbeer.com\/hu\/wp-json\/wp\/v2\/product\/7417"}],"collection":[{"href":"https:\/\/lowolfcraftbeer.com\/hu\/wp-json\/wp\/v2\/product"}],"about":[{"href":"https:\/\/lowolfcraftbeer.com\/hu\/wp-json\/wp\/v2\/types\/product"}],"replies":[{"embeddable":true,"href":"https:\/\/lowolfcraftbeer.com\/hu\/wp-json\/wp\/v2\/comments?post=7417"}],"version-history":[{"count":7,"href":"https:\/\/lowolfcraftbeer.com\/hu\/wp-json\/wp\/v2\/product\/7417\/revisions"}],"predecessor-version":[{"id":8199,"href":"https:\/\/lowolfcraftbeer.com\/hu\/wp-json\/wp\/v2\/product\/7417\/revisions\/8199"}],"wp:featuredmedia":[{"embeddable":true,"href":"https:\/\/lowolfcraftbeer.com\/hu\/wp-json\/wp\/v2\/media\/8241"}],"wp:attachment":[{"href":"https:\/\/lowolfcraftbeer.com\/hu\/wp-json\/wp\/v2\/media?parent=7417"}],"wp:term":[{"taxonomy":"brand","embeddable":true,"href":"https:\/\/lowolfcraftbeer.com\/hu\/wp-json\/wp\/v2\/etheme_brands?post=7417"}],"curies":[{"name":"wp","href":"https:\/\/api.w.org\/{rel}","templated":true}]}}