{"id":7339,"date":"2021-11-18T23:43:05","date_gmt":"2021-11-18T23:43:05","guid":{"rendered":"https:\/\/lowolfcraftbeer.com\/?post_type=product&#038;p=7339"},"modified":"2025-11-24T16:54:11","modified_gmt":"2025-11-24T16:54:11","slug":"wonder-forest","status":"publish","type":"product","link":"https:\/\/lowolfcraftbeer.com\/hu\/product\/wonder-forest\/","title":{"rendered":"WONDER FOREST"},"content":{"rendered":"<p style=\"text-align: center;\">MENNYIS\u00c9GI KEDVEZM\u00c9NY<\/p>\n<p>Hamarosan&#8230;<\/p>\n","protected":false},"excerpt":{"rendered":"<h3 style=\"text-align: left;\"><span style=\"color: #808080;\"><span style=\"color: #333333;\"><strong>Style:<\/strong><\/span>\u00a0<strong>Milk Stout\u00a0<a href=\"https:\/\/simple.wikipedia.org\/wiki\/Tonka_bean\">Tonkababbal<\/a><\/strong><\/span><\/h3>\n<p>&nbsp;<\/p>\n<p style=\"text-align: left;\"><em><strong>A L\u00f6WOLF WONDER FOREST kortyolgat\u00e1s k\u00f6zben egy olyan csodaerd\u0151be rep\u00edt, ahol m\u00e9g a farkasok is k\u00fcl\u00f6nleges s\u00f6r\u00f6kre szomjaznak. Ez pedig nem m\u00e1s, mint egy k\u00e9rmes Milk Stout, amely korty\u00e9rzete a kaka\u00f3, k\u00e1v\u00e9nak k\u00f6sz\u00f6nhet\u0151en m\u00e1r nagyon kellemes, de ezt m\u00e9g a tonkabab egyedi \u00e9s k\u00fcl\u00f6nleges \u00edze m\u00e9g egyedibb\u00e9 teszi, a lakt\u00f3z pedig a kr\u00e9mess\u00e9get, selymess\u00e9get biztos\u00edtja.<\/strong><\/em><\/p>\n<div dir=\"auto\">Szerett\u00fcnk volna egy olyan s\u00f6rt k\u00e9sz\u00edteni, amely egy kellemesen kr\u00e9mes, enyh\u00e9n kaka\u00f3s, k\u00e1v\u00e9s, capqpuccin\u00f3s jegyeket is hordoz, s mindezt m\u00e9g kieg\u00e9sz\u00edti a tonnabab jellegzetes, egyedi \u00edze \u00e9s illata\u00a0(a tonnabab egyedi \u00edze \u00e9s illata tal\u00e1n a mandula-vanila-marcip\u00e1n-fah\u00e9j\u00a0s\u00fctis jegyeihez hasonl\u00edthat\u00f3 valamelyest).\u00a0Egy ilyen komplex s\u00f6rh\u00f6z a Milk Stout st\u00edlust tal\u00e1ltuk a legalkalmasabbnak, amely k\u00e9sz\u00edt\u00e9s\u00e9hez a kaka\u00f3, k\u00e1v\u00e9 \u00e9s tonnababon k\u00edv\u00fcl 8 k\u00fcl\u00f6nf\u00e9le mal\u00e1t\u00e1t haszn\u00e1ltunk.<\/div>\n<div dir=\"auto\">.<\/div>\n<div dir=\"auto\">Alpha batch, egyszeri f\u0151zet.<\/div>\n<div dir=\"auto\">.<\/div>\n<div dir=\"auto\">Sz\u0171retlen, paszt\u0151r\u00f6zetlen, csak term\u00e9szetes alapanyagok felhaszn\u00e1l\u00e1s\u00e1val k\u00e9sz\u00fclt.<\/div>\n<div dir=\"auto\">.<\/div>\n<h3 style=\"text-align: left;\"><span style=\"color: #808080;\"><span style=\"color: #333333;\"><strong>St\u00edlus:<\/strong><\/span>\u00a0<strong>Milk Stout Tonkababbal<\/strong><\/span><\/h3>\n<p style=\"text-align: left;\"><span style=\"color: #808080;\"><span style=\"color: #333333;\"><strong>PLUSZ HOZZ\u00c1ADVA:<\/strong><\/span>\u00a0TONKABAB, KAKA\u00d3, K\u00c1V\u00c9, LAKT\u00d3Z<\/span><\/p>\n<p style=\"text-align: left;\"><span style=\"color: #808080;\"><span style=\"color: #333333;\"><strong>CAN<\/strong><\/span> | 0,33l | <span style=\"color: #333333;\"><strong>B<\/strong><\/span>\u00a020 | <span style=\"color: #333333;\"><strong>IBU<\/strong><\/span>\u00a027 | <span style=\"color: #333333;\"><strong>EBC<\/strong><\/span>\u00a073 | <span style=\"color: #333333;\"><strong>ALC.<\/strong><\/span>\u00a07,4% (V\/V)<\/span><\/p>\n<h3><a href=\"https:\/\/untappd.com\/b\/lowolf-craft-beer-co-wonder-forest\/4551234\"><span style=\"color: #ffcc00;\">UNTAPPED: L\u00f6WOLF &#8211; WONDER FOREST<\/span><\/a><\/h3>\n","protected":false},"featured_media":8242,"comment_status":"open","ping_status":"closed","template":"","meta":{"spay_email":""},"etheme_brands":[],"_links":{"self":[{"href":"https:\/\/lowolfcraftbeer.com\/hu\/wp-json\/wp\/v2\/product\/7339"}],"collection":[{"href":"https:\/\/lowolfcraftbeer.com\/hu\/wp-json\/wp\/v2\/product"}],"about":[{"href":"https:\/\/lowolfcraftbeer.com\/hu\/wp-json\/wp\/v2\/types\/product"}],"replies":[{"embeddable":true,"href":"https:\/\/lowolfcraftbeer.com\/hu\/wp-json\/wp\/v2\/comments?post=7339"}],"version-history":[{"count":5,"href":"https:\/\/lowolfcraftbeer.com\/hu\/wp-json\/wp\/v2\/product\/7339\/revisions"}],"predecessor-version":[{"id":7943,"href":"https:\/\/lowolfcraftbeer.com\/hu\/wp-json\/wp\/v2\/product\/7339\/revisions\/7943"}],"wp:featuredmedia":[{"embeddable":true,"href":"https:\/\/lowolfcraftbeer.com\/hu\/wp-json\/wp\/v2\/media\/8242"}],"wp:attachment":[{"href":"https:\/\/lowolfcraftbeer.com\/hu\/wp-json\/wp\/v2\/media?parent=7339"}],"wp:term":[{"taxonomy":"brand","embeddable":true,"href":"https:\/\/lowolfcraftbeer.com\/hu\/wp-json\/wp\/v2\/etheme_brands?post=7339"}],"curies":[{"name":"wp","href":"https:\/\/api.w.org\/{rel}","templated":true}]}}