{"id":7303,"date":"2021-08-06T11:24:08","date_gmt":"2021-08-06T11:24:08","guid":{"rendered":"https:\/\/lowolfcraftbeer.com\/?post_type=product&#038;p=7303"},"modified":"2023-01-24T23:22:39","modified_gmt":"2023-01-24T23:22:39","slug":"do-tropi","status":"publish","type":"product","link":"https:\/\/lowolfcraftbeer.com\/hu\/product\/do-tropi\/","title":{"rendered":"D\u00d6 TROPI"},"content":{"rendered":"<p style=\"text-align: center;\">MENNYIS\u00c9GI KEDVEZM\u00c9NY<\/p>\n<p>Hamarosan&#8230;<\/p>\n","protected":false},"excerpt":{"rendered":"<p style=\"text-align: left;\"><em><strong>Megn\u00e9zt\u00fck, hogy mit lehet kihozni egy nagy adag (200 kg) term\u00e9szetes gy\u00fcm\u00f6lccsel (anan\u00e1sz, mang\u00f3) \u00e9s lakt\u00f3zzal megt\u00e1mogatott, kr\u00e9mes Milkshake Pale Ale-b\u0151l. <\/strong><\/em><\/p>\n<div dir=\"auto\">A c\u00e9l az volt, hogy a h\u00e9tk\u00f6znapokban (vagy ak\u00e1r egy tr\u00f3pusi h\u0151s\u00e9gben) ki tudjatok bontani egy olyan kr\u00e9mes, k\u00f6nnyed s\u00f6rt, amely szolidan gy\u00fcm\u00f6lcs\u00f6s, nem az eg\u00e9sz sz\u00e1jat tel\u00edt\u0151 \u00edz\u0171, nem az az \u00e9melyg\u0151s, geil, \u00e9des gy\u00fcm\u00f6lcs\u00f6s \u00edzvil\u00e1g\u00fa s\u00f6r. Egy olyan s\u00f6rt szerett\u00fcnk volna, mely k\u00f6nnyed, egy s\u00f6r\u00f6z\u00e9s sor\u00e1n t\u00f6bb is k\u00f6nnyen lecs\u00faszik, nem okoz tel\u00edtetts\u00e9g\u00e9rzetet.<\/div>\n<div dir=\"auto\">Egy rostos \u00fcd\u00edt\u0151 \u00e9s s\u00f6r k\u00f6z\u00f6tti \u00e1tmenet.<\/div>\n<div dir=\"auto\"><\/div>\n<div dir=\"auto\">Alpha batch, egyszeri f\u0151zet.<\/div>\n<div dir=\"auto\"><\/div>\n<div dir=\"auto\">Sz\u0171retlen, paszt\u0151r\u00f6zetlen, csak term\u00e9szetes alapanyagok, gy\u00fcm\u00f6lcs\u00f6k felhaszn\u00e1l\u00e1s\u00e1val k\u00e9sz\u00fclt.<\/div>\n<h3 style=\"text-align: left;\"><span style=\"color: #808080;\"><span style=\"color: #333333;\"><strong>St\u00edlus:<\/strong><\/span>\u00a0Tropical\u00a0<strong>Milkshake Pale Ale<\/strong><\/span><\/h3>\n<p style=\"text-align: left;\"><span style=\"color: #808080;\"><span style=\"color: #333333;\"><strong>PLUSZ HOZZ\u00c1ADVA:<\/strong><\/span>\u00a0ANAN\u00c1SZ, MANG\u00d3, LAKT\u00d3Z<\/span><\/p>\n<p style=\"text-align: left;\"><span style=\"color: #808080;\"><span style=\"color: #333333;\"><strong>CAN<\/strong><\/span> | 0,33l | <span style=\"color: #333333;\"><strong>B<\/strong><\/span>\u00a014 | <span style=\"color: #333333;\"><strong>IBU<\/strong><\/span>\u00a021 | <span style=\"color: #333333;\"><strong>EBC<\/strong><\/span> 15 | <span style=\"color: #333333;\"><strong>ALC.<\/strong><\/span>\u00a04,5% (V\/V)<\/span><\/p>\n","protected":false},"featured_media":7388,"comment_status":"open","ping_status":"closed","template":"","meta":{"spay_email":""},"etheme_brands":[],"_links":{"self":[{"href":"https:\/\/lowolfcraftbeer.com\/hu\/wp-json\/wp\/v2\/product\/7303"}],"collection":[{"href":"https:\/\/lowolfcraftbeer.com\/hu\/wp-json\/wp\/v2\/product"}],"about":[{"href":"https:\/\/lowolfcraftbeer.com\/hu\/wp-json\/wp\/v2\/types\/product"}],"replies":[{"embeddable":true,"href":"https:\/\/lowolfcraftbeer.com\/hu\/wp-json\/wp\/v2\/comments?post=7303"}],"version-history":[{"count":2,"href":"https:\/\/lowolfcraftbeer.com\/hu\/wp-json\/wp\/v2\/product\/7303\/revisions"}],"predecessor-version":[{"id":7309,"href":"https:\/\/lowolfcraftbeer.com\/hu\/wp-json\/wp\/v2\/product\/7303\/revisions\/7309"}],"wp:featuredmedia":[{"embeddable":true,"href":"https:\/\/lowolfcraftbeer.com\/hu\/wp-json\/wp\/v2\/media\/7388"}],"wp:attachment":[{"href":"https:\/\/lowolfcraftbeer.com\/hu\/wp-json\/wp\/v2\/media?parent=7303"}],"wp:term":[{"taxonomy":"brand","embeddable":true,"href":"https:\/\/lowolfcraftbeer.com\/hu\/wp-json\/wp\/v2\/etheme_brands?post=7303"}],"curies":[{"name":"wp","href":"https:\/\/api.w.org\/{rel}","templated":true}]}}