{"id":7257,"date":"2021-02-22T10:39:53","date_gmt":"2021-02-22T10:39:53","guid":{"rendered":"https:\/\/lowolfcraftbeer.com\/?post_type=product&#038;p=7257"},"modified":"2023-01-24T23:23:15","modified_gmt":"2023-01-24T23:23:15","slug":"crazy-kangoroo-p-b","status":"publish","type":"product","link":"https:\/\/lowolfcraftbeer.com\/hu\/product\/crazy-kangoroo-p-b\/","title":{"rendered":"CRAZY KANGOROO (p.\/b.)"},"content":{"rendered":"<p style=\"text-align: center;\">MENNYIS\u00c9GI KEDVEZM\u00c9NY<\/p>\n<p>Hamarosan&#8230;<\/p>\n","protected":false},"excerpt":{"rendered":"<p style=\"text-align: left;\"><span style=\"color: #333333;\"><em><strong>A L\u00f6WOLF CRAZY KANGOOROO egy &#8220;Australian DDH DIPA&#8221; azaz ausztr\u00e1l koml\u00f3kkal k\u00e9sz\u00fclt, dupl\u00e1n hidegkoml\u00f3zott dupla IPA (m\u00e1sn\u00e9ven imperial IPA). Ritka cucc Eur\u00f3p\u00e1ban. A kenguruk is meg\u0151r\u00fclnek \u00e9rte. Te se hagyd ki! Dobd a kos\u00e1rba \u00e9s pattints egyet!<\/strong><\/em><\/span><\/p>\n<p style=\"text-align: left;\"><span style=\"color: #808080;\">A komplex, karakteres, keserny\u00e9s \u00e9s egyben selymes \u00edzeket kedvel\u0151inek t\u00f6k\u00e9letes v\u00e1laszt\u00e1s. Szisszent\u00e9s ut\u00e1n egyb\u0151l \u00e9rezhet\u0151 a kellemes, f\u0171szeres, vir\u00e1gos, kicsit tal\u00e1n \u00e1nizsos illat. Vannak, akiket a barackra vagy \u00e9ppen a sz\u0151l\u0151, friss must illat\u00e1ra is eml\u00e9keztet. \u00a0Sz\u00edne narancsos, s\u0171r\u0171, neh\u00e9z ital benyom\u00e1s\u00e1t keltheti, ahogy az egy DIPA-n\u00e1l lennie is kell . Kellemesen keserny\u00e9s, m\u00e9gis selymes, k\u00f6nnyen kortyolgathat\u00f3. A h\u00e1tt\u00e9rben pedig jelen vannak az illatb\u00f3l m\u00e1r megismert f\u0171szeres, gy\u00fcm\u00f6lcs\u00f6s, vir\u00e1gos, barackos \u00edzek. El\u00e9g komplex s\u00f6r, lassan kortyolgatva sok m\u00e9lys\u00e9get fel tudja fedezni az ember. Kev\u00e9sb\u00e9 sz\u00e9nsavas, ink\u00e1bb selymes. Tartalmas, ennek ellen\u00e9re, tal\u00e1n pont a selymess\u00e9ge miatt j\u00f3l cs\u00faszik. (Tipp: nem \u00e9rdemes t\u00falh\u0171teni. Az illatok, \u00edzek jobban kij\u00f6nnek.)<\/span><\/p>\n<p><strong>Limit\u00e1lt kiad\u00e1s: <span style=\"color: #808080;\">Elfogyott!<\/span><\/strong><\/p>\n<p><del><strong>\u00c1r:<\/strong> 950 Ft<\/del><\/p>\n<h3 style=\"text-align: left;\"><span style=\"color: #808080;\"><span style=\"color: #333333;\"><strong>St\u00edlus:<\/strong><\/span> <strong>Austalian DDH DIPA<\/strong><\/span><\/h3>\n<p style=\"text-align: left;\"><span style=\"color: #808080;\"><span style=\"color: #333333;\"><strong>Koml\u00f3k:<\/strong><\/span>\u00a0ELLA, GALAXY<\/span><\/p>\n<p style=\"text-align: left;\"><span style=\"color: #808080;\"><span style=\"color: #333333;\"><strong>PALACK<\/strong><\/span>\u00a0| 0,33l | <span style=\"color: #333333;\"><strong>B<\/strong><\/span> 20 | <span style=\"color: #333333;\"><strong>IBU<\/strong><\/span> 80 | <span style=\"color: #333333;\"><strong>EBC<\/strong><\/span> 15 | <span style=\"color: #333333;\"><strong>ALC.<\/strong><\/span> 8,8% (V\/V)<\/span><\/p>\n","protected":false},"featured_media":7327,"comment_status":"open","ping_status":"closed","template":"","meta":{"spay_email":""},"etheme_brands":[],"_links":{"self":[{"href":"https:\/\/lowolfcraftbeer.com\/hu\/wp-json\/wp\/v2\/product\/7257"}],"collection":[{"href":"https:\/\/lowolfcraftbeer.com\/hu\/wp-json\/wp\/v2\/product"}],"about":[{"href":"https:\/\/lowolfcraftbeer.com\/hu\/wp-json\/wp\/v2\/types\/product"}],"replies":[{"embeddable":true,"href":"https:\/\/lowolfcraftbeer.com\/hu\/wp-json\/wp\/v2\/comments?post=7257"}],"version-history":[{"count":5,"href":"https:\/\/lowolfcraftbeer.com\/hu\/wp-json\/wp\/v2\/product\/7257\/revisions"}],"predecessor-version":[{"id":7330,"href":"https:\/\/lowolfcraftbeer.com\/hu\/wp-json\/wp\/v2\/product\/7257\/revisions\/7330"}],"wp:featuredmedia":[{"embeddable":true,"href":"https:\/\/lowolfcraftbeer.com\/hu\/wp-json\/wp\/v2\/media\/7327"}],"wp:attachment":[{"href":"https:\/\/lowolfcraftbeer.com\/hu\/wp-json\/wp\/v2\/media?parent=7257"}],"wp:term":[{"taxonomy":"brand","embeddable":true,"href":"https:\/\/lowolfcraftbeer.com\/hu\/wp-json\/wp\/v2\/etheme_brands?post=7257"}],"curies":[{"name":"wp","href":"https:\/\/api.w.org\/{rel}","templated":true}]}}