{"id":6195,"date":"2021-01-10T22:50:49","date_gmt":"2021-01-10T22:50:49","guid":{"rendered":"https:\/\/lowolfcraftbeer.com\/?post_type=product&#038;p=6195"},"modified":"2022-05-26T14:42:22","modified_gmt":"2022-05-26T14:42:22","slug":"merzen-lager-masolat","status":"publish","type":"product","link":"https:\/\/lowolfcraftbeer.com\/hu\/product\/merzen-lager-masolat\/","title":{"rendered":"M\u00ebrzen LAGER (m\u00e1solat)"},"content":{"rendered":"<p style=\"text-align: center;\">MENNYIS\u00c9GI KEDVEZM\u00c9NY<\/p>\n<p>Hamarosan&#8230;<\/p>\n","protected":false},"excerpt":{"rendered":"<p>Az XY s\u00f6r val\u00f3j\u00e1ban a &#8230;. Tesztsz\u00f6veg Tesztsz\u00f6veg Tesztsz\u00f6veg Tesztsz\u00f6veg Tesztsz\u00f6veg Tesztsz\u00f6veg Tesztsz\u00f6veg Tesztsz\u00f6veg Tesztsz\u00f6veg Tesztsz\u00f6veg Tesztsz\u00f6veg Tesztsz\u00f6veg Tesztsz\u00f6veg Tesztsz\u00f6veg Tesztsz\u00f6veg Tesztsz\u00f6veg Tesztsz\u00f6veg Tesztsz\u00f6veg Tesztsz\u00f6veg Tesztsz\u00f6veg Tesztsz\u00f6veg Tesztsz\u00f6veg<\/p>\n<p>0,33l | B 12 | IBU 33 | ALC. 4,9% (V\/V)<\/p>\n","protected":false},"featured_media":5804,"comment_status":"open","ping_status":"closed","template":"","meta":{"spay_email":""},"etheme_brands":[],"_links":{"self":[{"href":"https:\/\/lowolfcraftbeer.com\/hu\/wp-json\/wp\/v2\/product\/6195"}],"collection":[{"href":"https:\/\/lowolfcraftbeer.com\/hu\/wp-json\/wp\/v2\/product"}],"about":[{"href":"https:\/\/lowolfcraftbeer.com\/hu\/wp-json\/wp\/v2\/types\/product"}],"replies":[{"embeddable":true,"href":"https:\/\/lowolfcraftbeer.com\/hu\/wp-json\/wp\/v2\/comments?post=6195"}],"version-history":[{"count":1,"href":"https:\/\/lowolfcraftbeer.com\/hu\/wp-json\/wp\/v2\/product\/6195\/revisions"}],"predecessor-version":[{"id":7368,"href":"https:\/\/lowolfcraftbeer.com\/hu\/wp-json\/wp\/v2\/product\/6195\/revisions\/7368"}],"wp:featuredmedia":[{"embeddable":true,"href":"https:\/\/lowolfcraftbeer.com\/hu\/wp-json\/wp\/v2\/media\/5804"}],"wp:attachment":[{"href":"https:\/\/lowolfcraftbeer.com\/hu\/wp-json\/wp\/v2\/media?parent=6195"}],"wp:term":[{"taxonomy":"brand","embeddable":true,"href":"https:\/\/lowolfcraftbeer.com\/hu\/wp-json\/wp\/v2\/etheme_brands?post=6195"}],"curies":[{"name":"wp","href":"https:\/\/api.w.org\/{rel}","templated":true}]}}