{"id":5803,"date":"2020-12-01T11:05:55","date_gmt":"2020-12-01T11:05:55","guid":{"rendered":"http:\/\/lowolfcraftbeer.com\/?post_type=product&#038;p=5803"},"modified":"2021-02-09T21:45:00","modified_gmt":"2021-02-09T21:45:00","slug":"one-more-bitte-marzen-lager","status":"publish","type":"product","link":"https:\/\/lowolfcraftbeer.com\/hu\/product\/one-more-bitte-marzen-lager\/","title":{"rendered":"One More Bitte"},"content":{"rendered":"<p style=\"text-align: center;\">MENNYIS\u00c9GI KEDVEZM\u00c9NY<\/p>\n<p>Hamarosan&#8230;<\/p>\n","protected":false},"excerpt":{"rendered":"<h3><span style=\"color: #ff0000;\"><strong>SOLD OUT \u00bb\u00bb\u00bb Jelenleg nem kaphat\u00f3!<\/strong><\/span><\/h3>\n<p><span style=\"color: #808080;\">\u00d6tf\u00e9le mal\u00e1t\u00e1b\u00f3l, k\u00e9t f\u00e9le koml\u00f3b\u00f3l k\u00e9sz\u00fclt <strong>tavaszi, M\u00e4rzen t\u00edpus\u00fa lager<\/strong> s\u00f6r. Kellemes, mal\u00e1t\u00e1s korty\u00e9rt, v\u00e9g\u00e9n enyhe sz\u00e1raz z\u00e1r\u00e1ssal. J\u00f3l cs\u00faszik, ez\u00e9rt el is keresztelt\u00fck <strong>One More Bitte<\/strong> n\u00e9vre. A fogyaszt\u00f3k egyet \u00e9rtettek a tal\u00e1l\u00f3 n\u00e9vvel. Addig ism\u00e9telgett\u00e9k, m\u00edg v\u00e9g\u00fcl el is fogyott az eg\u00e9sz t\u00e9tel.<\/span><\/p>\n<p><span style=\"color: #808080;\">C\u00edmk\u00e9j\u00e9t a tavasz inspir\u00e1lta. K\u00e9k \u00e9g, kisebb felh\u0151k, amikor m\u00e1r v\u00e1rjuk, hogy \u00fajra a szabadban s\u00f6r\u00f6zgess\u00fcnk.<\/span><\/p>\n<h3><strong><span style=\"color: #999999;\"><span style=\"color: #333333;\">St\u00edlus:<\/span>\u00a0M\u00e4rzen lager<\/span><\/strong><\/h3>\n<p><span style=\"color: #333333;\"><strong>PALACK<\/strong><\/span> <span style=\"color: #808080;\">0,33l<\/span> | <span style=\"color: #333333;\"><strong>B<\/strong><\/span> <span style=\"color: #808080;\">14,2<\/span> | <span style=\"color: #333333;\"><strong>IBU<\/strong><\/span> <span style=\"color: #808080;\">28<\/span> | <span style=\"color: #333333;\"><strong>ALC.<\/strong><\/span> <span style=\"color: #808080;\">6% (V\/V)<\/span><\/p>\n","protected":false},"featured_media":6196,"comment_status":"open","ping_status":"closed","template":"","meta":{"spay_email":""},"etheme_brands":[],"_links":{"self":[{"href":"https:\/\/lowolfcraftbeer.com\/hu\/wp-json\/wp\/v2\/product\/5803"}],"collection":[{"href":"https:\/\/lowolfcraftbeer.com\/hu\/wp-json\/wp\/v2\/product"}],"about":[{"href":"https:\/\/lowolfcraftbeer.com\/hu\/wp-json\/wp\/v2\/types\/product"}],"replies":[{"embeddable":true,"href":"https:\/\/lowolfcraftbeer.com\/hu\/wp-json\/wp\/v2\/comments?post=5803"}],"version-history":[{"count":3,"href":"https:\/\/lowolfcraftbeer.com\/hu\/wp-json\/wp\/v2\/product\/5803\/revisions"}],"predecessor-version":[{"id":7085,"href":"https:\/\/lowolfcraftbeer.com\/hu\/wp-json\/wp\/v2\/product\/5803\/revisions\/7085"}],"wp:featuredmedia":[{"embeddable":true,"href":"https:\/\/lowolfcraftbeer.com\/hu\/wp-json\/wp\/v2\/media\/6196"}],"wp:attachment":[{"href":"https:\/\/lowolfcraftbeer.com\/hu\/wp-json\/wp\/v2\/media?parent=5803"}],"wp:term":[{"taxonomy":"brand","embeddable":true,"href":"https:\/\/lowolfcraftbeer.com\/hu\/wp-json\/wp\/v2\/etheme_brands?post=5803"}],"curies":[{"name":"wp","href":"https:\/\/api.w.org\/{rel}","templated":true}]}}