{"id":7583,"date":"2023-03-02T17:24:40","date_gmt":"2023-03-02T17:24:40","guid":{"rendered":"https:\/\/lowolfcraftbeer.com\/?page_id=7583"},"modified":"2023-03-02T17:28:48","modified_gmt":"2023-03-02T17:28:48","slug":"sorparlatok","status":"publish","type":"page","link":"https:\/\/lowolfcraftbeer.com\/hu\/sorparlatok\/","title":{"rendered":"S\u00f6rp\u00e1rlatok"},"content":{"rendered":"\t\t<div data-elementor-type=\"wp-page\" data-elementor-id=\"7583\" class=\"elementor elementor-7583\" data-elementor-settings=\"[]\">\n\t\t\t\t\t\t<div class=\"elementor-inner\">\n\t\t\t\t\t\t\t<div class=\"elementor-section-wrap\">\n\t\t\t\t\t\t\t<section class=\"elementor-section elementor-top-section elementor-element elementor-element-5fb959c elementor-section-boxed elementor-section-height-default elementor-section-height-default\" data-id=\"5fb959c\" data-element_type=\"section\">\n\t\t\t\t\t\t<div class=\"elementor-container elementor-column-gap-default\">\n\t\t\t\t\t\t\t<div class=\"elementor-row\">\n\t\t\t\t\t<div class=\"elementor-column elementor-col-100 elementor-top-column elementor-element elementor-element-cf77767\" data-id=\"cf77767\" data-element_type=\"column\">\n\t\t\t<div class=\"elementor-column-wrap elementor-element-populated\">\n\t\t\t\t\t\t\t<div class=\"elementor-widget-wrap\">\n\t\t\t\t\t\t<div class=\"elementor-element elementor-element-fbf713b elementor-widget elementor-widget-heading\" data-id=\"fbf713b\" data-element_type=\"widget\" data-widget_type=\"heading.default\">\n\t\t\t\t<div class=\"elementor-widget-container\">\n\t\t\t<h1 class=\"elementor-heading-title elementor-size-default\">S\u00d6RP\u00c1RLATOK<\/h1>\t\t<\/div>\n\t\t\t\t<\/div>\n\t\t\t\t\t\t<\/div>\n\t\t\t\t\t<\/div>\n\t\t<\/div>\n\t\t\t\t\t\t\t\t<\/div>\n\t\t\t\t\t<\/div>\n\t\t<\/section>\n\t\t\t\t<section class=\"elementor-section elementor-top-section elementor-element elementor-element-aec7a56 elementor-section-boxed elementor-section-height-default elementor-section-height-default\" data-id=\"aec7a56\" data-element_type=\"section\">\n\t\t\t\t\t\t<div class=\"elementor-container elementor-column-gap-default\">\n\t\t\t\t\t\t\t<div class=\"elementor-row\">\n\t\t\t\t\t<div class=\"elementor-column elementor-col-33 elementor-top-column elementor-element elementor-element-3c4e85d\" data-id=\"3c4e85d\" data-element_type=\"column\">\n\t\t\t<div class=\"elementor-column-wrap elementor-element-populated\">\n\t\t\t\t\t\t\t<div class=\"elementor-widget-wrap\">\n\t\t\t\t\t\t<div class=\"elementor-element elementor-element-1b26151 elementor-products-columns-1 elementor-products-grid elementor-wc-products elementor-widget elementor-widget-woocommerce-products\" data-id=\"1b26151\" data-element_type=\"widget\" data-widget_type=\"woocommerce-products.default\">\n\t\t\t\t<div class=\"elementor-widget-container\">\n\t\t\t<div class=\"woocommerce columns-1 \"><div class=\"row products-loop products-grid with-ajax row-count-1\" data-row-count=\"1\">\n\n\t<div class=\"et-loader product-ajax\"><svg class=\"loader-circular\" viewBox=\"25 25 50 50\"><circle class=\"loader-path\" cx=\"50\" cy=\"50\" r=\"20\" fill=\"none\" stroke-width=\"2\" stroke-miterlimit=\"10\"><\/circle><\/svg><\/div>    <div class=\"ajax-content clearfix\">\n    <div class=\"first grid-sizer last wishlist-disabled col-md-12 col-sm-6 col-xs-6 product-hover-disable product-view-default view-color-dark et_cart-on hide-hover-on-mobile product type-product post-7560 status-publish instock product_cat-sorok has-post-thumbnail taxable shipping-taxable purchasable product-type-simple\">\n        <div class=\"content-product \">\n\t\t\t\t\t\t\n\t\t\t\t\t\t\t\n\t\t\t\t\n                <div class=\"product-image-wrapper hover-effect-disable\">\n\t\t\t\t\t\n\t\t\t\t\t\t\t\t\t\t\n\t\t\t\t\t\t\t\t\t\t                    <a class=\"product-content-image\" href=\"https:\/\/lowolfcraftbeer.com\/hu\/product\/crazy-kangaroo-sorparlat-beer-spirit\/\" data-images=\"https:\/\/lowolfcraftbeer.com\/wp-content\/uploads\/2023\/02\/LoWOLF-SORPARLAT-CRAFT-BEER-SPIRIT-CRAZY-KANGAROO-001-300x300.jpg,https:\/\/lowolfcraftbeer.com\/wp-content\/uploads\/2023\/02\/001-LoWOLF-SORPARLAT-CRAZY-KANGAROO-BEER-SPIRIT-300x300.jpg\">\n\t\t\t\t\t\t\t\t\t\t\t\t\t\t\t\t\t\t\t\t\t\t\t\t\t\t\t\t\t\t                    <\/a>\n\t\t\t\t\t\t\t\t\t\t\n\t\t\t\t\t\t\t\t\t\t\n\t\t\t\t\t\t\t\t\t\t\n\t\t\t\t\t\t\t\t\t\t\n\t\t\t\t\t                        <footer class=\"footer-product\">\n\t\t\t\t\t\t\t\t\t\t\t\t\t\t\t\t\t\t\t\t\t\t\t\t\t\t\t\t\t\n\t\t\t\t\t\t\t\t\t\t\t\t\t\t                        <\/footer>\n\t\t\t\t\t                <\/div>\n\t\t\t\t\n\t\t\t\t\n\t\t\t\t\n\t\t\t\t\t\t\t\t\t                    <div class=\"text-center product-details\">\n\t\t\t\t\t\t\n\t\t\t\t\t\t\n\t\t\t\t\t\t\t\t\t\t\t\t\n\t\t\t\t\t\t\t\t\t\t\t\t\n\t\t\t\t\t\t\t\t\t\t\t\t\n\t\t\t\t\t\t\t\t\t\t\t\t\n\t\t\t\t\t\t                            <p class=\"product-title\">\n                                <a href=\"https:\/\/lowolfcraftbeer.com\/hu\/product\/crazy-kangaroo-sorparlat-beer-spirit\/\">CRAZY KANGAROO &#8211; S\u00d6RP\u00c1RLAT \/ Beer Spirit<\/a>\n                            <\/p>\n\t\t\t\t\t\t\t\t\t\t\t\t\n\t\t\t\t\t\t\t\t\t\t\t\t\n\t\t\t\t\t\t\t\t\t\t\t\t\n\t\t\t\t\t\t\t\t\t\t\t\t\t\t\t\t\t\t\t\t\t\t\t\t\t\n\t\t\t\t\t\t\t\t\t\t\t\t\n\t\t\t\t\t\t\t\t\t\t\t\t\t\t\t\t\t\t\t\t\t\t\t\t\t\t\t\t\t\t\t\t\t\t\t\t\t\t\t\t\t\n\t\t\t\t\t\t\t\t\t\t\t\t\n\t\t\t\t\t\t\t\t\t\t\t\t\n\t\t\t\t\t\t\n\t\t\t\t\t\t\t\t\t\t\t\t\n\t\t\t\t\t\t\t\t\t\t\t\t\n\t\t\t\t\t\t<div class=\"quantity-wrapper\">\t<div class=\"quantity\">\n\t\t<span value=\"-\" class=\"minus\"><i class=\"et-icon et-minus\"><\/i><\/span>\t\t<label class=\"screen-reader-text\" for=\"quantity_69f3f46752095\">CRAZY KANGAROO - S\u00d6RP\u00c1RLAT \/ Beer Spirit mennyis\u00e9g<\/label>\n\t\t<input\n\t\t\ttype=\"number\"\n\t\t\tid=\"quantity_69f3f46752095\"\n\t\t\tclass=\"input-text qty text\"\n\t\t\tstep=\"1\"\n\t\t\tmin=\"0\"\n\t\t\tmax=\"\"\n\t\t\tname=\"quantity\"\n\t\t\tvalue=\"1\"\n\t\t\ttitle=\"Mny\"\n\t\t\tsize=\"4\"\n\t\t\tplaceholder=\"\"\n\t\t\tinputmode=\"numeric\" \/>\n\t\t<span value=\"+\" class=\"plus\"><i class=\"et-icon et-plus\"><\/i><\/span>\t<\/div>\n\t<a href=\"?add-to-cart=7560\" data-quantity=\"1\" class=\"button product_type_simple add_to_cart_button ajax_add_to_cart\" data-product_id=\"7560\" data-product_sku=\"\" aria-label=\"&ldquo;CRAZY KANGAROO - S\u00d6RP\u00c1RLAT \/ Beer Spirit&rdquo; kos\u00e1rba helyez\u00e9se\" rel=\"nofollow\" data-product_name=\"CRAZY KANGAROO - S\u00d6RP\u00c1RLAT \/ Beer Spirit\"><\/a><\/div>\t\t\t\t\t\t\n\t\t\t\t\t\t\n                    <\/div>\n\t\t\t\t\t\t\t\t\t\t\t\t        <\/div><!-- .content-product -->\n    <\/div>\n\n\t<\/div>\n<\/div> <!-- .row --><\/div>\t\t<\/div>\n\t\t\t\t<\/div>\n\t\t\t\t\t\t<\/div>\n\t\t\t\t\t<\/div>\n\t\t<\/div>\n\t\t\t\t<div class=\"elementor-column elementor-col-33 elementor-top-column elementor-element elementor-element-147bb10\" data-id=\"147bb10\" data-element_type=\"column\">\n\t\t\t<div class=\"elementor-column-wrap elementor-element-populated\">\n\t\t\t\t\t\t\t<div class=\"elementor-widget-wrap\">\n\t\t\t\t\t\t<div class=\"elementor-element elementor-element-629ce1d elementor-products-columns-1 elementor-products-grid elementor-wc-products elementor-widget elementor-widget-woocommerce-products\" data-id=\"629ce1d\" data-element_type=\"widget\" data-widget_type=\"woocommerce-products.default\">\n\t\t\t\t<div class=\"elementor-widget-container\">\n\t\t\t<div class=\"woocommerce columns-1 \"><div class=\"row products-loop products-grid with-ajax row-count-1\" data-row-count=\"1\">\n\n\t<div class=\"et-loader product-ajax\"><svg class=\"loader-circular\" viewBox=\"25 25 50 50\"><circle class=\"loader-path\" cx=\"50\" cy=\"50\" r=\"20\" fill=\"none\" stroke-width=\"2\" stroke-miterlimit=\"10\"><\/circle><\/svg><\/div>    <div class=\"ajax-content clearfix\">\n    <div class=\"first grid-sizer last wishlist-disabled col-md-12 col-sm-6 col-xs-6 product-hover-disable product-view-default view-color-dark et_cart-on hide-hover-on-mobile product type-product post-7556 status-publish instock product_cat-sorok has-post-thumbnail taxable shipping-taxable purchasable product-type-simple\">\n        <div class=\"content-product \">\n\t\t\t\t\t\t\n\t\t\t\t\t\t\t\n\t\t\t\t\n                <div class=\"product-image-wrapper hover-effect-disable\">\n\t\t\t\t\t\n\t\t\t\t\t\t\t\t\t\t\n\t\t\t\t\t\t\t\t\t\t                    <a class=\"product-content-image\" href=\"https:\/\/lowolfcraftbeer.com\/hu\/product\/do-tropi-sorparlat-beer-spirit\/\" data-images=\"https:\/\/lowolfcraftbeer.com\/wp-content\/uploads\/2023\/02\/LoWOLF-SORPARLAT-CRAFT-BEER-SPIRIT-Do-TROPI-001-300x300.jpg,https:\/\/lowolfcraftbeer.com\/wp-content\/uploads\/2023\/02\/001-LoWOLF-SORPARLAT-Do-TROPI-BEER-SPIRIT-300x300.jpg\">\n\t\t\t\t\t\t\t\t\t\t\t\t\t\t\t\t\t\t\t\t\t\t\t\t\t\t\t\t\t\t                    <\/a>\n\t\t\t\t\t\t\t\t\t\t\n\t\t\t\t\t\t\t\t\t\t\n\t\t\t\t\t\t\t\t\t\t\n\t\t\t\t\t\t\t\t\t\t\n\t\t\t\t\t                        <footer class=\"footer-product\">\n\t\t\t\t\t\t\t\t\t\t\t\t\t\t\t\t\t\t\t\t\t\t\t\t\t\t\t\t\t\n\t\t\t\t\t\t\t\t\t\t\t\t\t\t                        <\/footer>\n\t\t\t\t\t                <\/div>\n\t\t\t\t\n\t\t\t\t\n\t\t\t\t\n\t\t\t\t\t\t\t\t\t                    <div class=\"text-center product-details\">\n\t\t\t\t\t\t\n\t\t\t\t\t\t\n\t\t\t\t\t\t\t\t\t\t\t\t\n\t\t\t\t\t\t\t\t\t\t\t\t\n\t\t\t\t\t\t\t\t\t\t\t\t\n\t\t\t\t\t\t\t\t\t\t\t\t\n\t\t\t\t\t\t                            <p class=\"product-title\">\n                                <a href=\"https:\/\/lowolfcraftbeer.com\/hu\/product\/do-tropi-sorparlat-beer-spirit\/\">D\u00f6 TROPI &#8211; S\u00d6RP\u00c1RLAT \/ Beer Spirit<\/a>\n                            <\/p>\n\t\t\t\t\t\t\t\t\t\t\t\t\n\t\t\t\t\t\t\t\t\t\t\t\t\n\t\t\t\t\t\t\t\t\t\t\t\t\n\t\t\t\t\t\t\t\t\t\t\t\t\t\t\t\t\t\t\t\t\t\t\t\t\t\n\t\t\t\t\t\t\t\t\t\t\t\t\n\t\t\t\t\t\t\t\t\t\t\t\t\t\t\t\t\t\t\t\t\t\t\t\t\t\t\t\t\t\t\t\t\t\t\t\t\t\t\t\t\t\n\t\t\t\t\t\t\t\t\t\t\t\t\n\t\t\t\t\t\t\t\t\t\t\t\t\n\t\t\t\t\t\t\n\t\t\t\t\t\t\t\t\t\t\t\t\n\t\t\t\t\t\t\t\t\t\t\t\t\n\t\t\t\t\t\t<div class=\"quantity-wrapper\">\t<div class=\"quantity\">\n\t\t<span value=\"-\" class=\"minus\"><i class=\"et-icon et-minus\"><\/i><\/span>\t\t<label class=\"screen-reader-text\" for=\"quantity_69f3f467575ab\">D\u00f6 TROPI - S\u00d6RP\u00c1RLAT \/ Beer Spirit mennyis\u00e9g<\/label>\n\t\t<input\n\t\t\ttype=\"number\"\n\t\t\tid=\"quantity_69f3f467575ab\"\n\t\t\tclass=\"input-text qty text\"\n\t\t\tstep=\"1\"\n\t\t\tmin=\"0\"\n\t\t\tmax=\"\"\n\t\t\tname=\"quantity\"\n\t\t\tvalue=\"1\"\n\t\t\ttitle=\"Mny\"\n\t\t\tsize=\"4\"\n\t\t\tplaceholder=\"\"\n\t\t\tinputmode=\"numeric\" \/>\n\t\t<span value=\"+\" class=\"plus\"><i class=\"et-icon et-plus\"><\/i><\/span>\t<\/div>\n\t<a href=\"?add-to-cart=7556\" data-quantity=\"1\" class=\"button product_type_simple add_to_cart_button ajax_add_to_cart\" data-product_id=\"7556\" data-product_sku=\"\" aria-label=\"&ldquo;D\u00f6 TROPI - S\u00d6RP\u00c1RLAT \/ Beer Spirit&rdquo; kos\u00e1rba helyez\u00e9se\" rel=\"nofollow\" data-product_name=\"D\u00f6 TROPI - S\u00d6RP\u00c1RLAT \/ Beer Spirit\"><\/a><\/div>\t\t\t\t\t\t\n\t\t\t\t\t\t\n                    <\/div>\n\t\t\t\t\t\t\t\t\t\t\t\t        <\/div><!-- .content-product -->\n    <\/div>\n\n\t<\/div>\n<\/div> <!-- .row --><\/div>\t\t<\/div>\n\t\t\t\t<\/div>\n\t\t\t\t\t\t<\/div>\n\t\t\t\t\t<\/div>\n\t\t<\/div>\n\t\t\t\t<div class=\"elementor-column elementor-col-33 elementor-top-column elementor-element elementor-element-fe47eda\" data-id=\"fe47eda\" data-element_type=\"column\">\n\t\t\t<div class=\"elementor-column-wrap elementor-element-populated\">\n\t\t\t\t\t\t\t<div class=\"elementor-widget-wrap\">\n\t\t\t\t\t\t<div class=\"elementor-element elementor-element-df652ab elementor-products-columns-1 elementor-products-grid elementor-wc-products elementor-widget elementor-widget-woocommerce-products\" data-id=\"df652ab\" data-element_type=\"widget\" data-widget_type=\"woocommerce-products.default\">\n\t\t\t\t<div class=\"elementor-widget-container\">\n\t\t\t<div class=\"woocommerce columns-1 \"><div class=\"row products-loop products-grid with-ajax row-count-1\" data-row-count=\"1\">\n\n\t<div class=\"et-loader product-ajax\"><svg class=\"loader-circular\" viewBox=\"25 25 50 50\"><circle class=\"loader-path\" cx=\"50\" cy=\"50\" r=\"20\" fill=\"none\" stroke-width=\"2\" stroke-miterlimit=\"10\"><\/circle><\/svg><\/div>    <div class=\"ajax-content clearfix\">\n    <div class=\"first grid-sizer last wishlist-disabled col-md-12 col-sm-6 col-xs-6 product-hover-disable product-view-default view-color-dark et_cart-on hide-hover-on-mobile product type-product post-7551 status-publish instock product_cat-sorok has-post-thumbnail taxable shipping-taxable purchasable product-type-simple\">\n        <div class=\"content-product \">\n\t\t\t\t\t\t\n\t\t\t\t\t\t\t\n\t\t\t\t\n                <div class=\"product-image-wrapper hover-effect-disable\">\n\t\t\t\t\t\n\t\t\t\t\t\t\t\t\t\t\n\t\t\t\t\t\t\t\t\t\t                    <a class=\"product-content-image\" href=\"https:\/\/lowolfcraftbeer.com\/hu\/product\/tropical-dreamin-sorparlat-beer-spirit\/\" data-images=\"https:\/\/lowolfcraftbeer.com\/wp-content\/uploads\/2023\/02\/LoWOLF-SORPARLAT-CRAFT-BEER-SPIRIT-TROPICAL-DREAMIN-001-300x300.jpg,https:\/\/lowolfcraftbeer.com\/wp-content\/uploads\/2023\/02\/001-LoWOLF-SORPARLAT-TROPICAL-DREAMIN-BEER-SPIRIT-300x300.jpg\">\n\t\t\t\t\t\t\t\t\t\t\t\t\t\t\t\t\t\t\t\t\t\t\t\t\t\t\t\t\t\t                    <\/a>\n\t\t\t\t\t\t\t\t\t\t\n\t\t\t\t\t\t\t\t\t\t\n\t\t\t\t\t\t\t\t\t\t\n\t\t\t\t\t\t\t\t\t\t\n\t\t\t\t\t                        <footer class=\"footer-product\">\n\t\t\t\t\t\t\t\t\t\t\t\t\t\t\t\t\t\t\t\t\t\t\t\t\t\t\t\t\t\n\t\t\t\t\t\t\t\t\t\t\t\t\t\t                        <\/footer>\n\t\t\t\t\t                <\/div>\n\t\t\t\t\n\t\t\t\t\n\t\t\t\t\n\t\t\t\t\t\t\t\t\t                    <div class=\"text-center product-details\">\n\t\t\t\t\t\t\n\t\t\t\t\t\t\n\t\t\t\t\t\t\t\t\t\t\t\t\n\t\t\t\t\t\t\t\t\t\t\t\t\n\t\t\t\t\t\t\t\t\t\t\t\t\n\t\t\t\t\t\t\t\t\t\t\t\t\n\t\t\t\t\t\t                            <p class=\"product-title\">\n                                <a href=\"https:\/\/lowolfcraftbeer.com\/hu\/product\/tropical-dreamin-sorparlat-beer-spirit\/\">TROPICAL DREAMIN&#8217; &#8211; S\u00d6RP\u00c1RLAT \/ Beer Spirit<\/a>\n                            <\/p>\n\t\t\t\t\t\t\t\t\t\t\t\t\n\t\t\t\t\t\t\t\t\t\t\t\t\n\t\t\t\t\t\t\t\t\t\t\t\t\n\t\t\t\t\t\t\t\t\t\t\t\t\t\t\t\t\t\t\t\t\t\t\t\t\t\n\t\t\t\t\t\t\t\t\t\t\t\t\n\t\t\t\t\t\t\t\t\t\t\t\t\t\t\t\t\t\t\t\t\t\t\t\t\t\t\t\t\t\t\t\t\t\t\t\t\t\t\t\t\t\n\t\t\t\t\t\t\t\t\t\t\t\t\n\t\t\t\t\t\t\t\t\t\t\t\t\n\t\t\t\t\t\t\n\t\t\t\t\t\t\t\t\t\t\t\t\n\t\t\t\t\t\t\t\t\t\t\t\t\n\t\t\t\t\t\t<div class=\"quantity-wrapper\">\t<div class=\"quantity\">\n\t\t<span value=\"-\" class=\"minus\"><i class=\"et-icon et-minus\"><\/i><\/span>\t\t<label class=\"screen-reader-text\" for=\"quantity_69f3f4675e024\">TROPICAL DREAMIN&#039; - S\u00d6RP\u00c1RLAT \/ Beer Spirit mennyis\u00e9g<\/label>\n\t\t<input\n\t\t\ttype=\"number\"\n\t\t\tid=\"quantity_69f3f4675e024\"\n\t\t\tclass=\"input-text qty text\"\n\t\t\tstep=\"1\"\n\t\t\tmin=\"0\"\n\t\t\tmax=\"\"\n\t\t\tname=\"quantity\"\n\t\t\tvalue=\"1\"\n\t\t\ttitle=\"Mny\"\n\t\t\tsize=\"4\"\n\t\t\tplaceholder=\"\"\n\t\t\tinputmode=\"numeric\" \/>\n\t\t<span value=\"+\" class=\"plus\"><i class=\"et-icon et-plus\"><\/i><\/span>\t<\/div>\n\t<a href=\"?add-to-cart=7551\" data-quantity=\"1\" class=\"button product_type_simple add_to_cart_button ajax_add_to_cart\" data-product_id=\"7551\" data-product_sku=\"\" aria-label=\"&ldquo;TROPICAL DREAMIN&#039; - S\u00d6RP\u00c1RLAT \/ Beer Spirit&rdquo; kos\u00e1rba helyez\u00e9se\" rel=\"nofollow\" data-product_name=\"TROPICAL DREAMIN&#039; - S\u00d6RP\u00c1RLAT \/ Beer Spirit\"><\/a><\/div>\t\t\t\t\t\t\n\t\t\t\t\t\t\n                    <\/div>\n\t\t\t\t\t\t\t\t\t\t\t\t        <\/div><!-- .content-product -->\n    <\/div>\n\n\t<\/div>\n<\/div> <!-- .row --><\/div>\t\t<\/div>\n\t\t\t\t<\/div>\n\t\t\t\t\t\t<\/div>\n\t\t\t\t\t<\/div>\n\t\t<\/div>\n\t\t\t\t\t\t\t\t<\/div>\n\t\t\t\t\t<\/div>\n\t\t<\/section>\n\t\t\t\t<section class=\"elementor-section elementor-top-section elementor-element elementor-element-9be27d1 elementor-section-boxed elementor-section-height-default elementor-section-height-default\" data-id=\"9be27d1\" data-element_type=\"section\">\n\t\t\t\t\t\t<div class=\"elementor-container elementor-column-gap-default\">\n\t\t\t\t\t\t\t<div class=\"elementor-row\">\n\t\t\t\t\t<div class=\"elementor-column elementor-col-33 elementor-top-column elementor-element elementor-element-f27d28a\" data-id=\"f27d28a\" data-element_type=\"column\">\n\t\t\t<div class=\"elementor-column-wrap\">\n\t\t\t\t\t\t\t<div class=\"elementor-widget-wrap\">\n\t\t\t\t\t\t\t\t<\/div>\n\t\t\t\t\t<\/div>\n\t\t<\/div>\n\t\t\t\t<div class=\"elementor-column elementor-col-33 elementor-top-column elementor-element elementor-element-6b0d279\" data-id=\"6b0d279\" data-element_type=\"column\">\n\t\t\t<div class=\"elementor-column-wrap\">\n\t\t\t\t\t\t\t<div class=\"elementor-widget-wrap\">\n\t\t\t\t\t\t\t\t<\/div>\n\t\t\t\t\t<\/div>\n\t\t<\/div>\n\t\t\t\t<div class=\"elementor-column elementor-col-33 elementor-top-column elementor-element elementor-element-cffd136\" data-id=\"cffd136\" data-element_type=\"column\">\n\t\t\t<div class=\"elementor-column-wrap\">\n\t\t\t\t\t\t\t<div class=\"elementor-widget-wrap\">\n\t\t\t\t\t\t\t\t<\/div>\n\t\t\t\t\t<\/div>\n\t\t<\/div>\n\t\t\t\t\t\t\t\t<\/div>\n\t\t\t\t\t<\/div>\n\t\t<\/section>\n\t\t\t\t<section class=\"elementor-section elementor-top-section elementor-element elementor-element-740a9c7 elementor-section-boxed elementor-section-height-default elementor-section-height-default\" data-id=\"740a9c7\" data-element_type=\"section\">\n\t\t\t\t\t\t<div class=\"elementor-container elementor-column-gap-default\">\n\t\t\t\t\t\t\t<div class=\"elementor-row\">\n\t\t\t\t\t<div class=\"elementor-column elementor-col-33 elementor-top-column elementor-element elementor-element-93ce55f\" data-id=\"93ce55f\" data-element_type=\"column\">\n\t\t\t<div class=\"elementor-column-wrap\">\n\t\t\t\t\t\t\t<div class=\"elementor-widget-wrap\">\n\t\t\t\t\t\t\t\t<\/div>\n\t\t\t\t\t<\/div>\n\t\t<\/div>\n\t\t\t\t<div class=\"elementor-column elementor-col-33 elementor-top-column elementor-element elementor-element-d0019a4\" data-id=\"d0019a4\" data-element_type=\"column\">\n\t\t\t<div class=\"elementor-column-wrap\">\n\t\t\t\t\t\t\t<div class=\"elementor-widget-wrap\">\n\t\t\t\t\t\t\t\t<\/div>\n\t\t\t\t\t<\/div>\n\t\t<\/div>\n\t\t\t\t<div class=\"elementor-column elementor-col-33 elementor-top-column elementor-element elementor-element-e64de22\" data-id=\"e64de22\" data-element_type=\"column\">\n\t\t\t<div class=\"elementor-column-wrap\">\n\t\t\t\t\t\t\t<div class=\"elementor-widget-wrap\">\n\t\t\t\t\t\t\t\t<\/div>\n\t\t\t\t\t<\/div>\n\t\t<\/div>\n\t\t\t\t\t\t\t\t<\/div>\n\t\t\t\t\t<\/div>\n\t\t<\/section>\n\t\t\t\t\t\t<\/div>\n\t\t\t\t\t\t<\/div>\n\t\t\t\t\t<\/div>\n\t\t","protected":false},"excerpt":{"rendered":"<p>S\u00d6RP\u00c1RLATOK<\/p>\n","protected":false},"author":1,"featured_media":0,"parent":0,"menu_order":0,"comment_status":"closed","ping_status":"closed","template":"","meta":{"spay_email":""},"_links":{"self":[{"href":"https:\/\/lowolfcraftbeer.com\/hu\/wp-json\/wp\/v2\/pages\/7583"}],"collection":[{"href":"https:\/\/lowolfcraftbeer.com\/hu\/wp-json\/wp\/v2\/pages"}],"about":[{"href":"https:\/\/lowolfcraftbeer.com\/hu\/wp-json\/wp\/v2\/types\/page"}],"author":[{"embeddable":true,"href":"https:\/\/lowolfcraftbeer.com\/hu\/wp-json\/wp\/v2\/users\/1"}],"replies":[{"embeddable":true,"href":"https:\/\/lowolfcraftbeer.com\/hu\/wp-json\/wp\/v2\/comments?post=7583"}],"version-history":[{"count":4,"href":"https:\/\/lowolfcraftbeer.com\/hu\/wp-json\/wp\/v2\/pages\/7583\/revisions"}],"predecessor-version":[{"id":7589,"href":"https:\/\/lowolfcraftbeer.com\/hu\/wp-json\/wp\/v2\/pages\/7583\/revisions\/7589"}],"wp:attachment":[{"href":"https:\/\/lowolfcraftbeer.com\/hu\/wp-json\/wp\/v2\/media?parent=7583"}],"curies":[{"name":"wp","href":"https:\/\/api.w.org\/{rel}","templated":true}]}}