{"id":8377,"date":"2026-05-08T09:28:16","date_gmt":"2026-05-08T09:28:16","guid":{"rendered":"https:\/\/lowolfcraftbeer.com\/?post_type=product&#038;p=8377"},"modified":"2026-05-08T10:27:46","modified_gmt":"2026-05-08T10:27:46","slug":"hazy-breezy","status":"publish","type":"product","link":"https:\/\/lowolfcraftbeer.com\/en\/product\/hazy-breezy\/","title":{"rendered":"HAZY BREEZY"},"content":{"rendered":"<p style=\"text-align: center;\">MENNYIS\u00c9GI KEDVEZM\u00c9NY<\/p>\n<p>Hamarosan&#8230;<\/p>","protected":false},"excerpt":{"rendered":"<p data-start=\"103\" data-end=\"135\"><strong data-start=\"103\" data-end=\"135\">Style: DDH American HAZY IPA<\/strong><\/p>\n<p data-start=\"137\" data-end=\"752\"><em><strong>The 9th release in the L\u00f6WOLF \u201cHOPPY JUICE\u201d series is a truly tropical, light and pleasantly hop-aromatic, fragrant Hazy IPA called HAZY BREEZY. It\u2019s a juicy beer that is refreshing, fruity and incredibly easy to drink \u2013 the kind that makes you feel like you\u2019re sitting under a palm tree by the ocean with every sip.<\/strong><\/em><br data-start=\"462\" data-end=\"465\" \/>This time we went with a classic yet brilliant American hop trio: Amarillo, Citra, Centennial. Our goal was to create a clean yet maximally juicy character, where citrus and tropical notes take the lead.<br data-start=\"699\" data-end=\"702\" \/>Give it a try! A must-taste for fans of the style.<\/p>\n<p data-start=\"754\" data-end=\"1206\">ATTENTION:<br data-start=\"766\" data-end=\"769\" \/>This batch turned out so good that the cans were practically sold out in pre-order! In an unusual move for L\u00f6WOLF, we\u2019re already brewing it again. Meanwhile, the first batch has become a hunted item.<br data-start=\"952\" data-end=\"955\" \/>\u2022 Ha valahol szembej\u00f6n, ne gondolkodj sok\u00e1ig, csapj le r\u00e1!<br data-start=\"1014\" data-end=\"1017\" \/>\u2022 K\u00e9rdezz r\u00e1 a kedvenc craft helyeden \u2013 k\u00f6nnyen lehet, hogy \u0151k is a szemf\u00fcles partnereink egyike\u2026<br data-start=\"1115\" data-end=\"1118\" \/>\u2022 A k\u00f6vetkez\u0151 f\u0151zet (CAN) \u00e9rkez\u00e9s\u00e9ig pedig a csapolt lehet\u0151s\u00e9gekr\u0151l se feledkezz meg!<\/p>\n<h3 style=\"text-align: left;\"><span style=\"color: #808080;\"><span style=\"color: #333333;\"><strong>Style:<\/strong><\/span> DDH American HAZY IPA<\/span><\/h3>\n<p><strong>HOPS<\/strong>: Amarillo (USA), Citra (USA), Centennial (USA)<\/p>\n<p style=\"text-align: left;\"><span style=\"color: #808080;\"><span style=\"color: #333333;\"><strong>ADDED: <\/strong><\/span>&#8211;<\/span><\/p>\n<p style=\"text-align: left;\"><span style=\"color: #808080;\"><span style=\"color: #333333;\"><strong>CAN<\/strong><\/span> | 0,44l | <span style=\"color: #333333;\"><strong>B<\/strong><\/span> 15,4 | <span style=\"color: #333333;\"><strong>IBU<\/strong><\/span> 13 | <span style=\"color: #333333;\"><strong>EBC<\/strong><\/span> 8 | <span style=\"color: #333333;\"><strong>ALC.<\/strong><\/span> 6,2% (V\/V)<\/span><\/p>\n<h3><span style=\"color: #ffcc00;\"><a style=\"color: #ffcc00;\" href=\"https:\/\/untappd.com\/b\/lowolf-craft-beer-co-hazy-breezy\/6674119\/photos\">UNTAPPD: L\u00f6WOLF &#8211; HAZY BREEZY<\/a><\/span><\/h3>\n<h3><\/h3>","protected":false},"featured_media":8378,"comment_status":"open","ping_status":"closed","template":"","meta":{"spay_email":""},"etheme_brands":[],"_links":{"self":[{"href":"https:\/\/lowolfcraftbeer.com\/en\/wp-json\/wp\/v2\/product\/8377"}],"collection":[{"href":"https:\/\/lowolfcraftbeer.com\/en\/wp-json\/wp\/v2\/product"}],"about":[{"href":"https:\/\/lowolfcraftbeer.com\/en\/wp-json\/wp\/v2\/types\/product"}],"replies":[{"embeddable":true,"href":"https:\/\/lowolfcraftbeer.com\/en\/wp-json\/wp\/v2\/comments?post=8377"}],"version-history":[{"count":2,"href":"https:\/\/lowolfcraftbeer.com\/en\/wp-json\/wp\/v2\/product\/8377\/revisions"}],"predecessor-version":[{"id":8384,"href":"https:\/\/lowolfcraftbeer.com\/en\/wp-json\/wp\/v2\/product\/8377\/revisions\/8384"}],"wp:featuredmedia":[{"embeddable":true,"href":"https:\/\/lowolfcraftbeer.com\/en\/wp-json\/wp\/v2\/media\/8378"}],"wp:attachment":[{"href":"https:\/\/lowolfcraftbeer.com\/en\/wp-json\/wp\/v2\/media?parent=8377"}],"wp:term":[{"taxonomy":"brand","embeddable":true,"href":"https:\/\/lowolfcraftbeer.com\/en\/wp-json\/wp\/v2\/etheme_brands?post=8377"}],"curies":[{"name":"wp","href":"https:\/\/api.w.org\/{rel}","templated":true}]}}