{"id":8352,"date":"2025-12-17T16:15:30","date_gmt":"2025-12-17T16:15:30","guid":{"rendered":"https:\/\/lowolfcraftbeer.com\/?post_type=product&#038;p=8352"},"modified":"2025-12-17T16:44:45","modified_gmt":"2025-12-17T16:44:45","slug":"puszilva-liquid-plum-pie-12-pack","status":"publish","type":"product","link":"https:\/\/lowolfcraftbeer.com\/en\/product\/puszilva-liquid-plum-pie-12-pack\/","title":{"rendered":"PUSZILVA &#8211; Liquid Plum Pie #12 Pack"},"content":{"rendered":"<p style=\"text-align: center;\">MENNYIS\u00c9GI KEDVEZM\u00c9NY<\/p>\n<p>Hamarosan&#8230;<\/p>","protected":false},"excerpt":{"rendered":"<h3>Szuper Pastry 12 Pack<\/h3>\n<p><strong>9+3 AJ\u00c1ND\u00c9K, tankolj fel!<\/strong><\/p>\n<p><strong>INGYEN SZ\u00c1LL\u00cdT\u00c1S<\/strong> \u2013 FOXPOST automat\u00e1ba \u2013 15.900 Ft v\u00e1s\u00e1rl\u00e1si \u00e9rt\u00e9k felett!<\/p>\n<h3>Style: (Plum Pie Inspired) PASTRY <em>Sour Ale<\/em> + Tonka Beans<\/h3>\n<p style=\"font-weight: 400;\"><em><strong>Have you ever thought about not just eating cakes but drinking them too? This time, we've brought you plum pie to taste, which we've L\u00f6WOLF-ed up with a hint of tonka bean.<\/strong><\/em><\/p>\n<p>Following our apple creation, the second member of our *Liquid Cake* series is PUSZILVA, inspired by plum pie. The rich flavors of the finest plums are beautifully complemented by vanilla and a touch of cinnamon, with an extra dash of tonka bean to make it even more L\u00f6WOLF-ish. Carefully selected malts enhance the biscuit-like taste, while lactose ensures a sweet, silky mouthfeel. If you're a fan of Pastry beers, we highly recommend giving this a try!<\/p>\n<p>&nbsp;<\/p>\n<p><strong>Style<\/strong>:\u00a0<strong>Pastry<\/strong> Sour Ale<\/p>\n<p style=\"font-weight: 400;\"><strong>ADDED:<\/strong>Plum (Zwetschke), Tonka Beans, Cinnamon, Vanilla, Lactose<\/p>\n<p><strong>CAN<\/strong> | 0,33l | <strong>B<\/strong>\u00a024,1 | <strong>IBU<\/strong>\u00a06 | <strong>EBC<\/strong>\u00a0who cares | <strong>ALC<\/strong>.\u00a08 % (V\/V)<\/p>\n<h3><a href=\"https:\/\/untappd.com\/LWOLFCraftBeerCo\"><span style=\"color: #ffcc00;\">UNTAPPED: L\u00f6WOLF &#8211; PUSZILVA<\/span><\/a><\/h3>","protected":false},"featured_media":8353,"comment_status":"open","ping_status":"closed","template":"","meta":{"spay_email":""},"etheme_brands":[],"_links":{"self":[{"href":"https:\/\/lowolfcraftbeer.com\/en\/wp-json\/wp\/v2\/product\/8352"}],"collection":[{"href":"https:\/\/lowolfcraftbeer.com\/en\/wp-json\/wp\/v2\/product"}],"about":[{"href":"https:\/\/lowolfcraftbeer.com\/en\/wp-json\/wp\/v2\/types\/product"}],"replies":[{"embeddable":true,"href":"https:\/\/lowolfcraftbeer.com\/en\/wp-json\/wp\/v2\/comments?post=8352"}],"version-history":[{"count":1,"href":"https:\/\/lowolfcraftbeer.com\/en\/wp-json\/wp\/v2\/product\/8352\/revisions"}],"predecessor-version":[{"id":8354,"href":"https:\/\/lowolfcraftbeer.com\/en\/wp-json\/wp\/v2\/product\/8352\/revisions\/8354"}],"wp:featuredmedia":[{"embeddable":true,"href":"https:\/\/lowolfcraftbeer.com\/en\/wp-json\/wp\/v2\/media\/8353"}],"wp:attachment":[{"href":"https:\/\/lowolfcraftbeer.com\/en\/wp-json\/wp\/v2\/media?parent=8352"}],"wp:term":[{"taxonomy":"brand","embeddable":true,"href":"https:\/\/lowolfcraftbeer.com\/en\/wp-json\/wp\/v2\/etheme_brands?post=8352"}],"curies":[{"name":"wp","href":"https:\/\/api.w.org\/{rel}","templated":true}]}}