{"id":8334,"date":"2025-12-16T17:32:15","date_gmt":"2025-12-16T17:32:15","guid":{"rendered":"https:\/\/lowolfcraftbeer.com\/?post_type=product&#038;p=8334"},"modified":"2026-04-11T14:40:39","modified_gmt":"2026-04-11T14:40:39","slug":"almost-hawaii-12-pack","status":"publish","type":"product","link":"https:\/\/lowolfcraftbeer.com\/en\/product\/almost-hawaii-12-pack\/","title":{"rendered":"ALMOST HAWAII #12 Pack"},"content":{"rendered":"<p style=\"text-align: center;\">MENNYIS\u00c9GI KEDVEZM\u00c9NY<\/p>\n<p>Hamarosan&#8230;<\/p>","protected":false},"excerpt":{"rendered":"<h2><span style=\"color: #ff9900;\"><strong>SUPER GREAT OFFER !<\/strong><\/span><\/h2>\n<p><span style=\"color: #ff9900;\"><strong>INGYEN SZ\u00c1LL\u00cdT\u00c1S<\/strong> &#8211; FOXPOST\u00a0automat\u00e1ba &#8211; 15.900 Ft v\u00e1s\u00e1rl\u00e1si \u00e9rt\u00e9k felett!<\/span><\/p>\n<h3><span style=\"color: #0000ff;\">9+3 \u2022 HAZY IPA 12 PACK \u2022 DISCOUNT !!!<\/span><\/h3>\n<h3>Style: DDH &#8220;Hawaii Style&#8221; Milkshake HAZY IPA<\/h3>\n<p><strong><i>The 8th release in the L\u00f6WOLF \"HOPPY JUICE\" series is the realization of a long-time dream: a Hawaii-inspired HAZY IPA we\u2019ve named ALMOST HAWAII. Our goal was to evoke the taste of Hawaii using only hops and yeast\u2014with a touch of hibiscus for extra flair. The result speaks for itself. A must-try for fans of the style! \u00a0<\/i><\/strong><\/p>\n<div dir=\"auto\">A long-time dream has finally come true.\nWe've been wanting to try our favorite hop trio together for ages, but until now, we never managed to get all three at the same time. But finally \u2014 we did it!\nNectaron, El Dorado, Sabro \u2013 ALMOST HAWAII.\nOur goal was to capture the flavor of Hawaii (without using actual fruit), relying solely on hops. For this, we chose this tropical hop trio and paired it with a yeast strain that perfectly complements the concept. We also added a pinch of hibiscus \u2014 just for style \u2014 and a touch of lactose for a smooth, silky mouthfeel.<\/div>\n<div dir=\"auto\">So how did it turn out? ALMOST HAWAII!!!<\/div>\n<div dir=\"auto\">Its aroma \u2014 thanks to the Sabro \u2014 has a hint of coconut, while the flavor is bursting with pineapple, peach, and other juicy tropical notes from the hops and yeast. The lactose rounds it all out with a velvety finish.<\/div>\n<div dir=\"auto\"><\/div>\n<div dir=\"auto\">Give it a try! A must-taste for fans of the style.<\/div>\n<div dir=\"auto\"><\/div>\n<div dir=\"auto\"><em>(Pro tip: Order at least 12 items from our webshop and get a free pair of awesome L\u00f6WOLF sunglasses!)<\/em><\/div>\n<div dir=\"auto\"><\/div>\n<h3 style=\"text-align: left;\"><span style=\"color: #808080;\"><span style=\"color: #333333;\"><strong>Style:<\/strong><\/span> DDH &#8220;Hawaii Style&#8221; \u00a0Milkshake HAZY IPA<\/span><\/h3>\n<p><strong>HOPS<\/strong>: <span style=\"color: #808080;\">Nectaron (New Zealand), El Dor\u00e1do (USA), Sabro (USA)<\/span><\/p>\n<p style=\"text-align: left;\"><span style=\"color: #808080;\"><span style=\"color: #333333;\"><strong>ADDED: <\/strong><\/span>Hibiscus, Lactose<\/span><\/p>\n<p style=\"text-align: left;\"><span style=\"color: #808080;\"><span style=\"color: #333333;\"><strong>CAN<\/strong><\/span> | 0,33l | <span style=\"color: #333333;\"><strong>B<\/strong><\/span> 16,1 | <span style=\"color: #333333;\"><strong>IBU<\/strong><\/span> 21 | <span style=\"color: #333333;\"><strong>EBC<\/strong><\/span> 10 | <span style=\"color: #333333;\"><strong>ALC.<\/strong><\/span> 6,2% (V\/V)<\/span><\/p>\n<h3><span style=\"color: #ffcc00;\"><a style=\"color: #ffcc00;\" href=\"https:\/\/untappd.com\/b\/lowolf-craft-beer-co-almost-hawaii\/6376334\">UNTAPPD: L\u00f6WOLF &#8211; ALMOST HAWAII<\/a><\/span><\/h3>\n<h3><\/h3>","protected":false},"featured_media":8335,"comment_status":"open","ping_status":"closed","template":"","meta":{"spay_email":""},"etheme_brands":[],"_links":{"self":[{"href":"https:\/\/lowolfcraftbeer.com\/en\/wp-json\/wp\/v2\/product\/8334"}],"collection":[{"href":"https:\/\/lowolfcraftbeer.com\/en\/wp-json\/wp\/v2\/product"}],"about":[{"href":"https:\/\/lowolfcraftbeer.com\/en\/wp-json\/wp\/v2\/types\/product"}],"replies":[{"embeddable":true,"href":"https:\/\/lowolfcraftbeer.com\/en\/wp-json\/wp\/v2\/comments?post=8334"}],"version-history":[{"count":1,"href":"https:\/\/lowolfcraftbeer.com\/en\/wp-json\/wp\/v2\/product\/8334\/revisions"}],"predecessor-version":[{"id":8336,"href":"https:\/\/lowolfcraftbeer.com\/en\/wp-json\/wp\/v2\/product\/8334\/revisions\/8336"}],"wp:featuredmedia":[{"embeddable":true,"href":"https:\/\/lowolfcraftbeer.com\/en\/wp-json\/wp\/v2\/media\/8335"}],"wp:attachment":[{"href":"https:\/\/lowolfcraftbeer.com\/en\/wp-json\/wp\/v2\/media?parent=8334"}],"wp:term":[{"taxonomy":"brand","embeddable":true,"href":"https:\/\/lowolfcraftbeer.com\/en\/wp-json\/wp\/v2\/etheme_brands?post=8334"}],"curies":[{"name":"wp","href":"https:\/\/api.w.org\/{rel}","templated":true}]}}