{"id":8113,"date":"2024-11-24T14:42:41","date_gmt":"2024-11-24T14:42:41","guid":{"rendered":"https:\/\/lowolfcraftbeer.com\/?post_type=product&#038;p=8113"},"modified":"2025-12-15T17:09:53","modified_gmt":"2025-12-15T17:09:53","slug":"hazy-ipa-pack-pacific-hopeach-lomoongrass-double-kia-ora-12-pack","status":"publish","type":"product","link":"https:\/\/lowolfcraftbeer.com\/en\/product\/hazy-ipa-pack-pacific-hopeach-lomoongrass-double-kia-ora-12-pack\/","title":{"rendered":"HAZY IPA PACK:  PACIFIC HOPEACH &#8211; L\u00f6MOONGRASS &#8211; D. KIA ORA #12 PACK"},"content":{"rendered":"<p style=\"text-align: center;\">MENNYIS\u00c9GI KEDVEZM\u00c9NY<\/p>\n<p>Hamarosan&#8230;<\/p>","protected":false},"excerpt":{"rendered":"<h2><span style=\"color: #ff9900;\"><strong>SUPER DEAL \u2022 FOR HAZY IPA LOVERS!<\/strong><\/span><\/h2>\n<p><span style=\"color: #ff9900;\"><strong>(INGYEN SZ\u00c1LL\u00cdT\u00c1S &#8211; <\/strong><i>\u00a0<\/i><span style=\"caret-color: #2eba04;\"><i>automat\u00e1ba &#8211; 15.900 Ft feletti rendel\u00e9s eset\u00e9n.)<\/i><\/span><\/span><\/p>\n<h2><span style=\"color: #ff0000;\"><strong>SALE PRICE \u2022 (-50%) & 12 AWESOME HAZY IPAs<\/strong><\/span><\/h2>\n<p>&nbsp;<\/p>\n<p><strong><span style=\"color: #0000ff;\">The L\u00f6WOLF \u201cHOPPY JUICE\u201d series explores the world of HAZY IPAs through a wide range of inspirations. From the finest hops of the Pacific region to the most beloved varieties from the USA, each beer showcases a different side of the style.\nIn this bundle, you can taste New Zealand & Australian hop\u2013driven beers alongside their American counterpart. One concept \u2014 yet three distinct HAZY IPAs. Discover the world of craft beer with us! #L\u00f6WOLFaroundTheWorld <\/span><\/strong><strong><span style=\"color: #0000ff;\">. <span style=\"caret-color: #0000ff;\">k\u00e9sz\u00fclnek<\/span> .<\/span><\/strong><\/p>\n<p>.<\/p>\n<p><span style=\"color: #0000ff;\"><strong>PACKAGE INCLUDES:<\/strong><\/span><\/p>\n<p>.<\/p>\n<h3><strong>\u2022 PACIFIC HOPEACH:<\/strong><\/h3>\n<p>\u2022\u2022 DDH Pacific HAZY IPA<\/p>\n<p>\u2022\u2022 Hops: Rakau (New Zealand), Galaxy (Australia)<\/p>\n<p>\u2022\u2022 4 x 0,33L PACIFIC HOPEACH<\/p>\n<p>&nbsp;<\/p>\n<h3><strong>\u2022 L\u00f6&#8217;MOONGRASS:<\/strong><\/h3>\n<p>\u2022\u2022 DDH Citra HAZY IPA<\/p>\n<p>\u2022\u2022 Hop: Citra (USA)<\/p>\n<p>\u2022\u2022 4 x 0,33 L \u2022 L\u00f6&#8217;MOONGRASS<\/p>\n<p>.<\/p>\n<h3><strong>\u2022 Double KIA ORA:<\/strong><\/h3>\n<p>\u2022\u2022 DDH New Zealand Double Nectaron HAZY IPA<\/p>\n<p>\u2022\u2022 Hops: Nectaron (New Zealand)<\/p>\n<p>\u2022\u2022 4 x 0,33L \u2022 Double KIA ORA<\/p>\n<p>&nbsp;<\/p>\n<p>&nbsp;<\/p>","protected":false},"featured_media":8269,"comment_status":"open","ping_status":"closed","template":"","meta":{"spay_email":""},"etheme_brands":[],"_links":{"self":[{"href":"https:\/\/lowolfcraftbeer.com\/en\/wp-json\/wp\/v2\/product\/8113"}],"collection":[{"href":"https:\/\/lowolfcraftbeer.com\/en\/wp-json\/wp\/v2\/product"}],"about":[{"href":"https:\/\/lowolfcraftbeer.com\/en\/wp-json\/wp\/v2\/types\/product"}],"replies":[{"embeddable":true,"href":"https:\/\/lowolfcraftbeer.com\/en\/wp-json\/wp\/v2\/comments?post=8113"}],"version-history":[{"count":5,"href":"https:\/\/lowolfcraftbeer.com\/en\/wp-json\/wp\/v2\/product\/8113\/revisions"}],"predecessor-version":[{"id":8306,"href":"https:\/\/lowolfcraftbeer.com\/en\/wp-json\/wp\/v2\/product\/8113\/revisions\/8306"}],"wp:featuredmedia":[{"embeddable":true,"href":"https:\/\/lowolfcraftbeer.com\/en\/wp-json\/wp\/v2\/media\/8269"}],"wp:attachment":[{"href":"https:\/\/lowolfcraftbeer.com\/en\/wp-json\/wp\/v2\/media?parent=8113"}],"wp:term":[{"taxonomy":"brand","embeddable":true,"href":"https:\/\/lowolfcraftbeer.com\/en\/wp-json\/wp\/v2\/etheme_brands?post=8113"}],"curies":[{"name":"wp","href":"https:\/\/api.w.org\/{rel}","templated":true}]}}