{"id":7556,"date":"2023-02-25T14:28:16","date_gmt":"2023-02-25T14:28:16","guid":{"rendered":"https:\/\/lowolfcraftbeer.com\/?post_type=product&#038;p=7556"},"modified":"2024-04-22T16:07:58","modified_gmt":"2024-04-22T16:07:58","slug":"do-tropi-sorparlat-beer-spirit","status":"publish","type":"product","link":"https:\/\/lowolfcraftbeer.com\/en\/product\/do-tropi-sorparlat-beer-spirit\/","title":{"rendered":"D\u00f6 TROPI &#8211; S\u00d6RP\u00c1RLAT \/ Beer Spirit"},"content":{"rendered":"<p style=\"text-align: center;\">MENNYIS\u00c9GI KEDVEZM\u00c9NY<\/p>\n<p>Hamarosan&#8230;<\/p>","protected":false},"excerpt":{"rendered":"<p><em><strong>This beer spirit was crafted from our L\u00f6WOLF \u2013 D\u00f6 TROPI (Tropical Milkshake Pale Ale) and flavored with natural fruits (pineapple and mango).<\/strong><\/em><\/p>\n<p style=\"text-align: left;\">Beer spirit is made in a similar way to traditional fruit brandy, however its base is not fruit but beer\u2014so the final flavor always depends on the original brew used. D\u00f6 TROPI was a Tropical Milkshake Pale Ale brewed with pineapple and mango. After distillation, it developed a new set of unique flavor characteristics, including the following:<\/p>\n<p style=\"text-align: left;\"><strong>Its flavor profile hints at cherry with a dark-chocolate finish, complemented by a long-lasting red-berry character.<\/strong><\/p>\n<div dir=\"auto\"><\/div>\n<p>Our premium beer spirit is bottled in an elegant French bottle, so not only the flavors but also its distinctive appearance elevates the overall experience.<\/p>\n<p>&nbsp;<\/p>\n<h3 style=\"text-align: left;\"><span style=\"color: #808080;\"><span style=\"color: #333333;\"><strong>Style:<\/strong><\/span>\u00a0Craft Beer SPIRIT<\/span><\/h3>\n<p><span style=\"color: #808080;\"><span style=\"color: #333333;\"><strong>BEER USED:<\/strong><\/span><\/span>L\u00f6WOLD - D\u00f6 TROPI (pineapple, mango)<\/p>\n<p style=\"text-align: left;\"><span style=\"color: #808080;\"><span style=\"color: #333333;\"><strong>BOTTLE<\/strong><\/span>\u00a0| 0,35l | <span style=\"color: #333333;\"><strong>ALC.<\/strong><\/span>\u00a040% (V\/V)<\/span><\/p>","protected":false},"featured_media":7557,"comment_status":"open","ping_status":"closed","template":"","meta":{"spay_email":""},"etheme_brands":[],"_links":{"self":[{"href":"https:\/\/lowolfcraftbeer.com\/en\/wp-json\/wp\/v2\/product\/7556"}],"collection":[{"href":"https:\/\/lowolfcraftbeer.com\/en\/wp-json\/wp\/v2\/product"}],"about":[{"href":"https:\/\/lowolfcraftbeer.com\/en\/wp-json\/wp\/v2\/types\/product"}],"replies":[{"embeddable":true,"href":"https:\/\/lowolfcraftbeer.com\/en\/wp-json\/wp\/v2\/comments?post=7556"}],"version-history":[{"count":2,"href":"https:\/\/lowolfcraftbeer.com\/en\/wp-json\/wp\/v2\/product\/7556\/revisions"}],"predecessor-version":[{"id":7573,"href":"https:\/\/lowolfcraftbeer.com\/en\/wp-json\/wp\/v2\/product\/7556\/revisions\/7573"}],"wp:featuredmedia":[{"embeddable":true,"href":"https:\/\/lowolfcraftbeer.com\/en\/wp-json\/wp\/v2\/media\/7557"}],"wp:attachment":[{"href":"https:\/\/lowolfcraftbeer.com\/en\/wp-json\/wp\/v2\/media?parent=7556"}],"wp:term":[{"taxonomy":"brand","embeddable":true,"href":"https:\/\/lowolfcraftbeer.com\/en\/wp-json\/wp\/v2\/etheme_brands?post=7556"}],"curies":[{"name":"wp","href":"https:\/\/api.w.org\/{rel}","templated":true}]}}