{"id":7406,"date":"2022-11-13T10:54:03","date_gmt":"2022-11-13T10:54:03","guid":{"rendered":"https:\/\/lowolfcraftbeer.com\/?post_type=product&#038;p=7406"},"modified":"2024-04-17T06:35:15","modified_gmt":"2024-04-17T06:35:15","slug":"fuuthie-soothie-hurricane","status":"publish","type":"product","link":"https:\/\/lowolfcraftbeer.com\/en\/product\/fuuthie-soothie-hurricane\/","title":{"rendered":"F-S HURRICANE"},"content":{"rendered":"<p style=\"text-align: center;\">MENNYIS\u00c9GI KEDVEZM\u00c9NY<\/p>\n<p>Hamarosan&#8230;<\/p>","protected":false},"excerpt":{"rendered":"<p style=\"text-align: left;\"><strong><i>A L\u00f6WOLF Fruuthie-Smoothie HURRICANE egy olyan Smoothie Ale, amelybe \u00f6sszehurrik\u00e1noztunk n\u00e9h\u00e1ny gy\u00fcm\u00f6lcs\u00f6t, majd adtunk hozz\u00e1 egy kis\u00a0lakt\u00f3z. Az eredm\u00e9ny egy gy\u00fcm\u00f6lcs\u00f6s hurricane lett.\u00a0<\/i><\/strong><\/p>\n<div dir=\"auto\">Egy olyan kontraszt s\u00f6r, amelyben keverednek a fanyar, savanyk\u00e1s \u00e9s a selymes, \u00e9desk\u00e9s \u00edzek egyar\u00e1nt.<\/div>\n<div dir=\"auto\">Az els\u0151 korty\u00e9rtet a narancs, graipfruit fanyar, savanyk\u00e1s jegyeit id\u00e9zi, majd ut\u00f3\u00edzk\u00e9nt megjelennek a ban\u00e1n, van\u00edlia \u00e9s a lakt\u00f3znak k\u00f6sz\u00f6nhet\u0151 selymes, \u00e9desk\u00e9s \u00edz jegyek.<\/div>\n<div dir=\"auto\">.<\/div>\n<div dir=\"auto\">Alpha batch, one-time brew, limited Edition<\/div>\n<div dir=\"auto\">.<\/div>\n<div dir=\"auto\">Unfilterd, unpasteurized, made only from natural ingredients.<\/div>\n<div dir=\"auto\">.<\/div>\n<h3 style=\"text-align: left;\"><span style=\"color: #808080;\"><span style=\"color: #333333;\"><strong>Style:<\/strong><\/span>\u00a0Smoothie ALE<\/span><\/h3>\n<p style=\"text-align: left;\"><span style=\"color: #808080;\"><span style=\"color: #333333;\"><strong>ADDED:<\/strong><\/span>\u00a0Narancs, graipfruit, ban\u00e1n, van\u00edlia, lakt\u00f3z<\/span><\/p>\n<p style=\"text-align: left;\"><span style=\"color: #808080;\"><span style=\"color: #333333;\"><strong>CAN<\/strong><\/span> | 0,33l | <span style=\"color: #333333;\"><strong>B<\/strong><\/span>\u00a018 | <span style=\"color: #333333;\"><strong>IBU<\/strong><\/span>\u00a0Who cares | <span style=\"color: #333333;\"><strong>EBC<\/strong><\/span>\u00a023 | <span style=\"color: #333333;\"><strong>ALC.<\/strong><\/span>\u00a06% (V\/V)<\/span><\/p>","protected":false},"featured_media":7749,"comment_status":"open","ping_status":"closed","template":"","meta":{"spay_email":""},"etheme_brands":[],"_links":{"self":[{"href":"https:\/\/lowolfcraftbeer.com\/en\/wp-json\/wp\/v2\/product\/7406"}],"collection":[{"href":"https:\/\/lowolfcraftbeer.com\/en\/wp-json\/wp\/v2\/product"}],"about":[{"href":"https:\/\/lowolfcraftbeer.com\/en\/wp-json\/wp\/v2\/types\/product"}],"replies":[{"embeddable":true,"href":"https:\/\/lowolfcraftbeer.com\/en\/wp-json\/wp\/v2\/comments?post=7406"}],"version-history":[{"count":2,"href":"https:\/\/lowolfcraftbeer.com\/en\/wp-json\/wp\/v2\/product\/7406\/revisions"}],"predecessor-version":[{"id":7525,"href":"https:\/\/lowolfcraftbeer.com\/en\/wp-json\/wp\/v2\/product\/7406\/revisions\/7525"}],"wp:featuredmedia":[{"embeddable":true,"href":"https:\/\/lowolfcraftbeer.com\/en\/wp-json\/wp\/v2\/media\/7749"}],"wp:attachment":[{"href":"https:\/\/lowolfcraftbeer.com\/en\/wp-json\/wp\/v2\/media?parent=7406"}],"wp:term":[{"taxonomy":"brand","embeddable":true,"href":"https:\/\/lowolfcraftbeer.com\/en\/wp-json\/wp\/v2\/etheme_brands?post=7406"}],"curies":[{"name":"wp","href":"https:\/\/api.w.org\/{rel}","templated":true}]}}