{"id":7398,"date":"2022-11-13T10:27:07","date_gmt":"2022-11-13T10:27:07","guid":{"rendered":"https:\/\/lowolfcraftbeer.com\/?post_type=product&#038;p=7398"},"modified":"2025-11-24T17:02:47","modified_gmt":"2025-11-24T17:02:47","slug":"citra-coast","status":"publish","type":"product","link":"https:\/\/lowolfcraftbeer.com\/en\/product\/citra-coast\/","title":{"rendered":"CITRA COAST"},"content":{"rendered":"<p style=\"text-align: center;\">MENNYIS\u00c9GI KEDVEZM\u00c9NY<\/p>\n<p>Hamarosan&#8230;<\/p>","protected":false},"excerpt":{"rendered":"<p style=\"text-align: left;\"><strong><i>A L\u00f6WOLF CITRA COAST egy k\u00f6d\u00f6s, dzs\u00fazos, cs\u00fasz\u00f3s Hazy IPA, amelyet a CITRA koml\u00f3 jellegzetes, ciprusos \u00edzvil\u00e1ga \u00e9s a KVEIK \u00e9leszt\u0151vel alkotott kombin\u00e1ci\u00f3ja tesz egyediv\u00e9. \u00a0<\/i><\/strong><\/p>\n<div dir=\"auto\">Im\u00e1djuk a citrusos \u00edzeket, k\u00fcl\u00f6n\u00f6sen a CITRA koml\u00f3t! \u00c9ppen ez\u00e9rt ezen f\u0151zet\u00fcnket csak CITRA koml\u00f3val k\u00e9sz\u00edtett\u00fck. Szerett\u00fcnk volna valami egyedit k\u00e9sz\u00edteni, ez\u00e9rt adtunk hozz\u00e1 m\u00e9g egy-k\u00e9t k\u00fcl\u00f6nlegess\u00e9get\u2026 P\u00e9ld\u00e1ul egy olyan \u00e9leszt\u0151t a norv\u00e9g fjordokb\u00f3l (KVEIK), amely j\u00f3l t\u00e1mogatj\u00e1k a gy\u00fcm\u00f6lcs\u00f6ss\u00e9get, a s\u00f6rnek egy \u00e9rdekes karaktert ad. A citromh\u00e9j \u00e9s a citromf\u0171 pedig tov\u00e1bb t\u00e1mogatja a h\u00e1tt\u00e9rb\u0151l a citrusos \u00edz- \u00e9s illat\u00e9rzetet.<\/div>\n<div dir=\"auto\">.<\/div>\n<div dir=\"auto\">Alpha batch, one-time brew, limited Edition<\/div>\n<div dir=\"auto\">.<\/div>\n<div dir=\"auto\">Unfilterd, unpasteurized, made only from natural ingredients.<\/div>\n<div dir=\"auto\">.<\/div>\n<h3 style=\"text-align: left;\"><span style=\"color: #808080;\"><span style=\"color: #333333;\"><strong>Style:<\/strong><\/span>\u00a0DDH Citra Hazy KVEIK IPA<\/span><\/h3>\n<p style=\"text-align: left;\"><span style=\"color: #808080;\"><span style=\"color: #333333;\"><strong>ADDED:<\/strong><\/span>\u00a0Citromh\u00e9j, citromf\u0171 (KVEIK \u00e9leszt\u0151vel)<\/span><\/p>\n<p style=\"text-align: left;\"><span style=\"color: #808080;\"><span style=\"color: #333333;\"><strong>CAN<\/strong><\/span> | 0,33l | <span style=\"color: #333333;\"><strong>B<\/strong><\/span>\u00a015 | <span style=\"color: #333333;\"><strong>IBU<\/strong><\/span>\u00a033 | <span style=\"color: #333333;\"><strong>EBC<\/strong><\/span>\u00a09 | <span style=\"color: #333333;\"><strong>ALC.<\/strong><\/span>\u00a06% (V\/V)<\/span><\/p>","protected":false},"featured_media":7597,"comment_status":"open","ping_status":"closed","template":"","meta":{"spay_email":""},"etheme_brands":[],"_links":{"self":[{"href":"https:\/\/lowolfcraftbeer.com\/en\/wp-json\/wp\/v2\/product\/7398"}],"collection":[{"href":"https:\/\/lowolfcraftbeer.com\/en\/wp-json\/wp\/v2\/product"}],"about":[{"href":"https:\/\/lowolfcraftbeer.com\/en\/wp-json\/wp\/v2\/types\/product"}],"replies":[{"embeddable":true,"href":"https:\/\/lowolfcraftbeer.com\/en\/wp-json\/wp\/v2\/comments?post=7398"}],"version-history":[{"count":2,"href":"https:\/\/lowolfcraftbeer.com\/en\/wp-json\/wp\/v2\/product\/7398\/revisions"}],"predecessor-version":[{"id":7527,"href":"https:\/\/lowolfcraftbeer.com\/en\/wp-json\/wp\/v2\/product\/7398\/revisions\/7527"}],"wp:featuredmedia":[{"embeddable":true,"href":"https:\/\/lowolfcraftbeer.com\/en\/wp-json\/wp\/v2\/media\/7597"}],"wp:attachment":[{"href":"https:\/\/lowolfcraftbeer.com\/en\/wp-json\/wp\/v2\/media?parent=7398"}],"wp:term":[{"taxonomy":"brand","embeddable":true,"href":"https:\/\/lowolfcraftbeer.com\/en\/wp-json\/wp\/v2\/etheme_brands?post=7398"}],"curies":[{"name":"wp","href":"https:\/\/api.w.org\/{rel}","templated":true}]}}