{"id":6202,"date":"2021-01-10T23:26:12","date_gmt":"2021-01-10T23:26:12","guid":{"rendered":"https:\/\/lowolfcraftbeer.com\/?post_type=product&#038;p=6202"},"modified":"2021-02-09T21:47:39","modified_gmt":"2021-02-09T21:47:39","slug":"tropical-dreamin-neipa-new-england-ipa","status":"publish","type":"product","link":"https:\/\/lowolfcraftbeer.com\/en\/product\/tropical-dreamin-neipa-new-england-ipa\/","title":{"rendered":"Tropical Dreamin&#8217;"},"content":{"rendered":"<p style=\"text-align: center;\">MENNYIS\u00c9GI KEDVEZM\u00c9NY<\/p>\n<p>Hamarosan&#8230;<\/p>","protected":false},"excerpt":{"rendered":"<h3><span style=\"color: #ff0000;\"><strong>SOLD OUT \u00bb\u00bb\u00bb Jelenleg nem kaphat\u00f3!<\/strong><\/span><\/h3>\n<p><span style=\"color: #808080;\">A L\u00f6WOLF Tropical Dreamin&#8217; egy igazi ny\u00e1ri NEIPA, azaz New England IPA. Koml\u00f3z\u00e1s\u00e1t tekintve egy j\u00f3 adag SABRO \u00e9s IDEHO 7 ker\u00fcltek felhaszn\u00e1l\u00e1sra, melyek biztos\u00edtj\u00e1k a tr\u00f3pusi \u00e1lmot, egy kellemes tr\u00f3pusi vil\u00e1gba rep\u00edtenek. \u00cdze \u00e9s illata szint\u00e9n ezen koml\u00f3knak k\u00f6sz\u00f6nhet\u0151en az anan\u00e1szos, mang\u00f3s, tr\u00f3pusi jegyeket hordoz.<\/span><\/p>\n<h3><strong>Style:<\/strong> <span style=\"color: #808080;\"><strong>NEIPA (New England IPA)<\/strong><\/span><\/h3>\n<p><strong>Hops:<\/strong><span style=\"color: #808080;\">\u00a0SABRO, IDEHO 7<\/span><\/p>\n<p><strong><span style=\"color: #333333;\">BOTTLE<\/span><\/strong>\u00a0<span style=\"color: #808080;\">0,33l<\/span> | <strong><span style=\"color: #333333;\">B<\/span><\/strong> <span style=\"color: #808080;\">16<\/span> | <strong><span style=\"color: #333333;\">IBU<\/span><\/strong> <span style=\"color: #808080;\">35<\/span> | <strong><span style=\"color: #333333;\">ALC.<\/span><\/strong> <span style=\"color: #808080;\">6% (V\/V)<\/span><\/p>","protected":false},"featured_media":6203,"comment_status":"open","ping_status":"closed","template":"","meta":{"spay_email":""},"etheme_brands":[],"_links":{"self":[{"href":"https:\/\/lowolfcraftbeer.com\/en\/wp-json\/wp\/v2\/product\/6202"}],"collection":[{"href":"https:\/\/lowolfcraftbeer.com\/en\/wp-json\/wp\/v2\/product"}],"about":[{"href":"https:\/\/lowolfcraftbeer.com\/en\/wp-json\/wp\/v2\/types\/product"}],"replies":[{"embeddable":true,"href":"https:\/\/lowolfcraftbeer.com\/en\/wp-json\/wp\/v2\/comments?post=6202"}],"version-history":[{"count":4,"href":"https:\/\/lowolfcraftbeer.com\/en\/wp-json\/wp\/v2\/product\/6202\/revisions"}],"predecessor-version":[{"id":7086,"href":"https:\/\/lowolfcraftbeer.com\/en\/wp-json\/wp\/v2\/product\/6202\/revisions\/7086"}],"wp:featuredmedia":[{"embeddable":true,"href":"https:\/\/lowolfcraftbeer.com\/en\/wp-json\/wp\/v2\/media\/6203"}],"wp:attachment":[{"href":"https:\/\/lowolfcraftbeer.com\/en\/wp-json\/wp\/v2\/media?parent=6202"}],"wp:term":[{"taxonomy":"brand","embeddable":true,"href":"https:\/\/lowolfcraftbeer.com\/en\/wp-json\/wp\/v2\/etheme_brands?post=6202"}],"curies":[{"name":"wp","href":"https:\/\/api.w.org\/{rel}","templated":true}]}}