{"id":5954,"date":"2020-12-10T12:55:41","date_gmt":"2020-12-10T12:55:41","guid":{"rendered":"https:\/\/lowolfcraftbeer.com\/?page_id=5954"},"modified":"2021-01-15T20:48:37","modified_gmt":"2021-01-15T20:48:37","slug":"blog","status":"publish","type":"page","link":"https:\/\/lowolfcraftbeer.com\/en\/blog\/","title":{"rendered":"Blog"},"content":{"rendered":"<div data-elementor-type=\"wp-page\" data-elementor-id=\"5954\" class=\"elementor elementor-5954\" data-elementor-settings=\"[]\">\n\t\t\t\t\t\t<div class=\"elementor-inner\">\n\t\t\t\t\t\t\t<div class=\"elementor-section-wrap\">\n\t\t\t\t\t\t\t<section class=\"elementor-section elementor-top-section elementor-element elementor-element-7272ec3 elementor-section-boxed elementor-section-height-default elementor-section-height-default\" data-id=\"7272ec3\" data-element_type=\"section\">\n\t\t\t\t\t\t<div class=\"elementor-container elementor-column-gap-default\">\n\t\t\t\t\t\t\t<div class=\"elementor-row\">\n\t\t\t\t\t<div class=\"elementor-column elementor-col-100 elementor-top-column elementor-element elementor-element-25482b3\" data-id=\"25482b3\" data-element_type=\"column\">\n\t\t\t<div class=\"elementor-column-wrap elementor-element-populated\">\n\t\t\t\t\t\t\t<div class=\"elementor-widget-wrap\">\n\t\t\t\t\t\t<div class=\"elementor-element elementor-element-0b11d8b elementor-grid-3 elementor-grid-tablet-2 elementor-grid-mobile-1 elementor-posts--thumbnail-top elementor-card-shadow-yes elementor-posts__hover-gradient elementor-widget elementor-widget-posts\" data-id=\"0b11d8b\" data-element_type=\"widget\" data-settings=\"{&quot;cards_columns&quot;:&quot;3&quot;,&quot;cards_columns_tablet&quot;:&quot;2&quot;,&quot;cards_columns_mobile&quot;:&quot;1&quot;,&quot;cards_row_gap&quot;:{&quot;unit&quot;:&quot;px&quot;,&quot;size&quot;:35,&quot;sizes&quot;:[]}}\" data-widget_type=\"posts.cards\">\n\t\t\t\t<div class=\"elementor-widget-container\">\n\t\t\t\t\t<div class=\"elementor-posts-container elementor-posts elementor-posts--skin-cards elementor-grid\">\n\t\t\t\t<article class=\"elementor-post elementor-grid-item post-7608 post type-post status-publish format-standard hentry category-online-dating\">\n\t\t\t<div class=\"elementor-post__card\">\n\t\t\t\t<div class=\"elementor-post__text\">\n\t\t\t\t<h3 class=\"elementor-post__title\">\n\t\t\t<a href=\"https:\/\/lowolfcraftbeer.com\/en\/2023\/02\/06\/hook-up-on-tinder\/\" target=\"_blank\">\n\t\t\t\tHook Up on Tinder\t\t\t<\/a>\n\t\t<\/h3>\n\t\t\t\t<div class=\"elementor-post__excerpt\">\n\t\t\t<p>Since dating can be stressful, there is the possibility of humor to try to reduce tensions. In a new study published in the Proceedings of&#8230;<\/p>\n\t\t<\/div>\n\t\t\t\t\t<a class=\"elementor-post__read-more\" href=\"https:\/\/lowolfcraftbeer.com\/en\/2023\/02\/06\/hook-up-on-tinder\/\" target=\"_blank\">\n\t\t\t\tOlvasd tov\u00e1bb \u00bb\t\t\t<\/a>\n\t\t\t\t<\/div>\n\t\t\t\t<div class=\"elementor-post__meta-data\">\n\t\t\t\t\t<span class=\"elementor-post-date\">\n\t\t\tFebruary 6, 2023\t\t<\/span>\n\t\t\t\t<span class=\"elementor-post-avatar\">\n\t\t\tNo Comments\t\t<\/span>\n\t\t\t\t<\/div>\n\t\t\t\t\t<\/div>\n\t\t<\/article>\n\t\t\t\t<article class=\"elementor-post elementor-grid-item post-1 post type-post status-publish format-standard hentry category-uncategorized\">\n\t\t\t<div class=\"elementor-post__card\">\n\t\t\t\t<div class=\"elementor-post__text\">\n\t\t\t\t<h3 class=\"elementor-post__title\">\n\t\t\t<a href=\"https:\/\/lowolfcraftbeer.com\/en\/2020\/11\/27\/hello-world\/\" target=\"_blank\">\n\t\t\t\tHello world!\t\t\t<\/a>\n\t\t<\/h3>\n\t\t\t\t<div class=\"elementor-post__excerpt\">\n\t\t\t<p>Welcome to WordPress. This is your first post. Edit or delete it, then start writing!<\/p>\n\t\t<\/div>\n\t\t\t\t\t<a class=\"elementor-post__read-more\" href=\"https:\/\/lowolfcraftbeer.com\/en\/2020\/11\/27\/hello-world\/\" target=\"_blank\">\n\t\t\t\tOlvasd tov\u00e1bb \u00bb\t\t\t<\/a>\n\t\t\t\t<\/div>\n\t\t\t\t<div class=\"elementor-post__meta-data\">\n\t\t\t\t\t<span class=\"elementor-post-date\">\n\t\t\tNovember 27, 2020\t\t<\/span>\n\t\t\t\t<span class=\"elementor-post-avatar\">\n\t\t\t1 Comment\t\t<\/span>\n\t\t\t\t<\/div>\n\t\t\t\t\t<\/div>\n\t\t<\/article>\n\t\t\t\t<article class=\"elementor-post elementor-grid-item post-2022 post type-post status-publish format-standard has-post-thumbnail hentry category-uncategorized-hu\">\n\t\t\t<div class=\"elementor-post__card\">\n\t\t\t\t<a class=\"elementor-post__thumbnail__link\" href=\"https:\/\/lowolfcraftbeer.com\/en\/2016\/02\/17\/consectetur-vestibulum-aliquet\/\" target=\"_blank\">\n\t\t\t<div class=\"elementor-post__thumbnail\"><img width=\"300\" height=\"185\" src=\"https:\/\/lowolfcraftbeer.com\/wp-content\/uploads\/2016\/02\/1-300x185.jpg\" class=\"attachment-medium size-medium\" alt=\"\" loading=\"lazy\" srcset=\"https:\/\/lowolfcraftbeer.com\/wp-content\/uploads\/2016\/02\/1-300x185.jpg 300w, https:\/\/lowolfcraftbeer.com\/wp-content\/uploads\/2016\/02\/1-1024x630.jpg 1024w, https:\/\/lowolfcraftbeer.com\/wp-content\/uploads\/2016\/02\/1-768x473.jpg 768w, https:\/\/lowolfcraftbeer.com\/wp-content\/uploads\/2016\/02\/1-1x1.jpg 1w, https:\/\/lowolfcraftbeer.com\/wp-content\/uploads\/2016\/02\/1-10x6.jpg 10w, https:\/\/lowolfcraftbeer.com\/wp-content\/uploads\/2016\/02\/1-600x369.jpg 600w, https:\/\/lowolfcraftbeer.com\/wp-content\/uploads\/2016\/02\/1.jpg 1300w\" sizes=\"(max-width: 300px) 100vw, 300px\" \/><\/div>\n\t\t<\/a>\n\t\t\t\t<div class=\"elementor-post__text\">\n\t\t\t\t<h3 class=\"elementor-post__title\">\n\t\t\t<a href=\"https:\/\/lowolfcraftbeer.com\/en\/2016\/02\/17\/consectetur-vestibulum-aliquet\/\" target=\"_blank\">\n\t\t\t\tConsectetur aliquet\t\t\t<\/a>\n\t\t<\/h3>\n\t\t\t\t<div class=\"elementor-post__excerpt\">\n\t\t\t<p>Lorem ipsum donec mattis mi congue non pellentesque luctus, sociosqu justo id ultrices sapien aliquet curabitur iaculis, ullamcorper malesuada neque auctor nunc tortor vestibulum non gravida taciti mauris sem sagittis lectus tellus fringilla ornare consequat.<\/p>\n\t\t<\/div>\n\t\t\t\t\t<a class=\"elementor-post__read-more\" href=\"https:\/\/lowolfcraftbeer.com\/en\/2016\/02\/17\/consectetur-vestibulum-aliquet\/\" target=\"_blank\">\n\t\t\t\tOlvasd tov\u00e1bb \u00bb\t\t\t<\/a>\n\t\t\t\t<\/div>\n\t\t\t\t<div class=\"elementor-post__meta-data\">\n\t\t\t\t\t<span class=\"elementor-post-date\">\n\t\t\tFebruary 17, 2016\t\t<\/span>\n\t\t\t\t<span class=\"elementor-post-avatar\">\n\t\t\tNo Comments\t\t<\/span>\n\t\t\t\t<\/div>\n\t\t\t\t\t<\/div>\n\t\t<\/article>\n\t\t\t\t<article class=\"elementor-post elementor-grid-item post-2004 post type-post status-publish format-standard has-post-thumbnail hentry category-uncategorized-hu\">\n\t\t\t<div class=\"elementor-post__card\">\n\t\t\t\t<a class=\"elementor-post__thumbnail__link\" href=\"https:\/\/lowolfcraftbeer.com\/en\/2016\/01\/30\/dapibus-etiam-tellus\/\" target=\"_blank\">\n\t\t\t<div class=\"elementor-post__thumbnail\"><img width=\"300\" height=\"185\" src=\"https:\/\/lowolfcraftbeer.com\/wp-content\/uploads\/2016\/02\/5-300x185.jpg\" class=\"attachment-medium size-medium\" alt=\"\" loading=\"lazy\" srcset=\"https:\/\/lowolfcraftbeer.com\/wp-content\/uploads\/2016\/02\/5-300x185.jpg 300w, https:\/\/lowolfcraftbeer.com\/wp-content\/uploads\/2016\/02\/5-1024x630.jpg 1024w, https:\/\/lowolfcraftbeer.com\/wp-content\/uploads\/2016\/02\/5-768x473.jpg 768w, https:\/\/lowolfcraftbeer.com\/wp-content\/uploads\/2016\/02\/5-1x1.jpg 1w, https:\/\/lowolfcraftbeer.com\/wp-content\/uploads\/2016\/02\/5-10x6.jpg 10w, https:\/\/lowolfcraftbeer.com\/wp-content\/uploads\/2016\/02\/5-600x369.jpg 600w, https:\/\/lowolfcraftbeer.com\/wp-content\/uploads\/2016\/02\/5.jpg 1300w\" sizes=\"(max-width: 300px) 100vw, 300px\" \/><\/div>\n\t\t<\/a>\n\t\t\t\t<div class=\"elementor-post__text\">\n\t\t\t\t<h3 class=\"elementor-post__title\">\n\t\t\t<a href=\"https:\/\/lowolfcraftbeer.com\/en\/2016\/01\/30\/dapibus-etiam-tellus\/\" target=\"_blank\">\n\t\t\t\tDapibus etiam tellus\t\t\t<\/a>\n\t\t<\/h3>\n\t\t\t\t<div class=\"elementor-post__excerpt\">\n\t\t\t<p>Lorem ipsum donec mattis mi congue non pellentesque luctus, sociosqu justo id ultrices sapien aliquet curabitur iaculis, ullamcorper malesuada neque auctor nunc tortor vestibulum non gravida taciti mauris sem sagittis lectus tellus fringilla ornare consequat.<\/p>\n\t\t<\/div>\n\t\t\t\t\t<a class=\"elementor-post__read-more\" href=\"https:\/\/lowolfcraftbeer.com\/en\/2016\/01\/30\/dapibus-etiam-tellus\/\" target=\"_blank\">\n\t\t\t\tOlvasd tov\u00e1bb \u00bb\t\t\t<\/a>\n\t\t\t\t<\/div>\n\t\t\t\t<div class=\"elementor-post__meta-data\">\n\t\t\t\t\t<span class=\"elementor-post-date\">\n\t\t\tJanuary 30, 2016\t\t<\/span>\n\t\t\t\t<span class=\"elementor-post-avatar\">\n\t\t\tNo Comments\t\t<\/span>\n\t\t\t\t<\/div>\n\t\t\t\t\t<\/div>\n\t\t<\/article>\n\t\t\t\t<article class=\"elementor-post elementor-grid-item post-2036 post type-post status-publish format-standard has-post-thumbnail hentry category-uncategorized-hu tag-post\">\n\t\t\t<div class=\"elementor-post__card\">\n\t\t\t\t<a class=\"elementor-post__thumbnail__link\" href=\"https:\/\/lowolfcraftbeer.com\/en\/2016\/01\/12\/7-tips-to-keep-your-work-fresh\/\" target=\"_blank\">\n\t\t\t<div class=\"elementor-post__thumbnail\"><img width=\"300\" height=\"185\" src=\"https:\/\/lowolfcraftbeer.com\/wp-content\/uploads\/2016\/02\/11-300x185.jpg\" class=\"attachment-medium size-medium\" alt=\"\" loading=\"lazy\" srcset=\"https:\/\/lowolfcraftbeer.com\/wp-content\/uploads\/2016\/02\/11-300x185.jpg 300w, https:\/\/lowolfcraftbeer.com\/wp-content\/uploads\/2016\/02\/11-1024x630.jpg 1024w, https:\/\/lowolfcraftbeer.com\/wp-content\/uploads\/2016\/02\/11-768x473.jpg 768w, https:\/\/lowolfcraftbeer.com\/wp-content\/uploads\/2016\/02\/11-1x1.jpg 1w, https:\/\/lowolfcraftbeer.com\/wp-content\/uploads\/2016\/02\/11-10x6.jpg 10w, https:\/\/lowolfcraftbeer.com\/wp-content\/uploads\/2016\/02\/11-600x369.jpg 600w, https:\/\/lowolfcraftbeer.com\/wp-content\/uploads\/2016\/02\/11.jpg 1300w\" sizes=\"(max-width: 300px) 100vw, 300px\" \/><\/div>\n\t\t<\/a>\n\t\t\t\t<div class=\"elementor-post__text\">\n\t\t\t\t<h3 class=\"elementor-post__title\">\n\t\t\t<a href=\"https:\/\/lowolfcraftbeer.com\/en\/2016\/01\/12\/7-tips-to-keep-your-work-fresh\/\" target=\"_blank\">\n\t\t\t\tAdipiscing duis\t\t\t<\/a>\n\t\t<\/h3>\n\t\t\t\t<div class=\"elementor-post__excerpt\">\n\t\t\t<p>Lorem ipsum donec mattis mi congue non pellentesque luctus, sociosqu justo id ultrices sapien aliquet curabitur iaculis, ullamcorper malesuada neque auctor nunc tortor vestibulum non gravida taciti mauris sem sagittis lectus tellus fringilla ornare consequat.<\/p>\n\t\t<\/div>\n\t\t\t\t\t<a class=\"elementor-post__read-more\" href=\"https:\/\/lowolfcraftbeer.com\/en\/2016\/01\/12\/7-tips-to-keep-your-work-fresh\/\" target=\"_blank\">\n\t\t\t\tOlvasd tov\u00e1bb \u00bb\t\t\t<\/a>\n\t\t\t\t<\/div>\n\t\t\t\t<div class=\"elementor-post__meta-data\">\n\t\t\t\t\t<span class=\"elementor-post-date\">\n\t\t\tJanuary 12, 2016\t\t<\/span>\n\t\t\t\t<span class=\"elementor-post-avatar\">\n\t\t\tNo Comments\t\t<\/span>\n\t\t\t\t<\/div>\n\t\t\t\t\t<\/div>\n\t\t<\/article>\n\t\t\t\t<article class=\"elementor-post elementor-grid-item post-2028 post type-post status-publish format-standard has-post-thumbnail hentry category-uncategorized-hu\">\n\t\t\t<div class=\"elementor-post__card\">\n\t\t\t\t<a class=\"elementor-post__thumbnail__link\" href=\"https:\/\/lowolfcraftbeer.com\/en\/2016\/01\/12\/vestibulum-vulputate-tellus\/\" target=\"_blank\">\n\t\t\t<div class=\"elementor-post__thumbnail\"><img width=\"300\" height=\"185\" src=\"https:\/\/lowolfcraftbeer.com\/wp-content\/uploads\/2016\/02\/6-300x185.jpg\" class=\"attachment-medium size-medium\" alt=\"\" loading=\"lazy\" srcset=\"https:\/\/lowolfcraftbeer.com\/wp-content\/uploads\/2016\/02\/6-300x185.jpg 300w, https:\/\/lowolfcraftbeer.com\/wp-content\/uploads\/2016\/02\/6-1024x630.jpg 1024w, https:\/\/lowolfcraftbeer.com\/wp-content\/uploads\/2016\/02\/6-768x473.jpg 768w, https:\/\/lowolfcraftbeer.com\/wp-content\/uploads\/2016\/02\/6-1x1.jpg 1w, https:\/\/lowolfcraftbeer.com\/wp-content\/uploads\/2016\/02\/6-10x6.jpg 10w, https:\/\/lowolfcraftbeer.com\/wp-content\/uploads\/2016\/02\/6-600x369.jpg 600w, https:\/\/lowolfcraftbeer.com\/wp-content\/uploads\/2016\/02\/6.jpg 1300w\" sizes=\"(max-width: 300px) 100vw, 300px\" \/><\/div>\n\t\t<\/a>\n\t\t\t\t<div class=\"elementor-post__text\">\n\t\t\t\t<h3 class=\"elementor-post__title\">\n\t\t\t<a href=\"https:\/\/lowolfcraftbeer.com\/en\/2016\/01\/12\/vestibulum-vulputate-tellus\/\" target=\"_blank\">\n\t\t\t\tVestibulum vulputate tellus\t\t\t<\/a>\n\t\t<\/h3>\n\t\t\t\t<div class=\"elementor-post__excerpt\">\n\t\t\t<p>\u00dajhull\u00e1mos s\u00f6r\u00f6kkel dolgoz\u00f3 contract brewery vagyunk. Minden s\u00f6r\u00fcnket csak egyszer f\u0151zz\u00fck le. Nem szeretn\u00e9nk, hogy r\u00e1unjatok, na&#8230; Sokat gondolkodtunk azon, hogy mik\u00e9nt kezdhetn\u00e9nk eml\u00e9kezetesen a&#8230;<\/p>\n\t\t<\/div>\n\t\t\t\t\t<a class=\"elementor-post__read-more\" href=\"https:\/\/lowolfcraftbeer.com\/en\/2016\/01\/12\/vestibulum-vulputate-tellus\/\" target=\"_blank\">\n\t\t\t\tOlvasd tov\u00e1bb \u00bb\t\t\t<\/a>\n\t\t\t\t<\/div>\n\t\t\t\t<div class=\"elementor-post__meta-data\">\n\t\t\t\t\t<span class=\"elementor-post-date\">\n\t\t\tJanuary 12, 2016\t\t<\/span>\n\t\t\t\t<span class=\"elementor-post-avatar\">\n\t\t\tNo Comments\t\t<\/span>\n\t\t\t\t<\/div>\n\t\t\t\t\t<\/div>\n\t\t<\/article>\n\t\t\t\t<\/div>\n\t\t\t\t<\/div>\n\t\t\t\t<\/div>\n\t\t\t\t<div class=\"elementor-element elementor-element-740e0c9 elementor-grid-3 elementor-grid-tablet-2 elementor-grid-mobile-1 elementor-posts--thumbnail-top elementor-card-shadow-yes elementor-posts__hover-gradient elementor-widget elementor-widget-posts\" data-id=\"740e0c9\" data-element_type=\"widget\" data-settings=\"{&quot;cards_columns&quot;:&quot;3&quot;,&quot;cards_columns_tablet&quot;:&quot;2&quot;,&quot;cards_columns_mobile&quot;:&quot;1&quot;,&quot;cards_row_gap&quot;:{&quot;unit&quot;:&quot;px&quot;,&quot;size&quot;:35,&quot;sizes&quot;:[]}}\" data-widget_type=\"posts.cards\">\n\t\t\t\t<div class=\"elementor-widget-container\">\n\t\t\t\t\t<div class=\"elementor-posts-container elementor-posts elementor-posts--skin-cards elementor-grid\">\n\t\t\t\t<article class=\"elementor-post elementor-grid-item post-7608 post type-post status-publish format-standard hentry category-online-dating\">\n\t\t\t<div class=\"elementor-post__card\">\n\t\t\t\t<div class=\"elementor-post__text\">\n\t\t\t\t<h3 class=\"elementor-post__title\">\n\t\t\t<a href=\"https:\/\/lowolfcraftbeer.com\/en\/2023\/02\/06\/hook-up-on-tinder\/\" target=\"_blank\">\n\t\t\t\tHook Up on Tinder\t\t\t<\/a>\n\t\t<\/h3>\n\t\t\t\t<div class=\"elementor-post__excerpt\">\n\t\t\t<p>Since dating can be stressful, there is the possibility of humor to try to reduce tensions. In a new study published in the Proceedings of&#8230;<\/p>\n\t\t<\/div>\n\t\t\t\t\t<a class=\"elementor-post__read-more\" href=\"https:\/\/lowolfcraftbeer.com\/en\/2023\/02\/06\/hook-up-on-tinder\/\" target=\"_blank\">\n\t\t\t\tOlvasd tov\u00e1bb \u00bb\t\t\t<\/a>\n\t\t\t\t<\/div>\n\t\t\t\t<div class=\"elementor-post__meta-data\">\n\t\t\t\t\t<span class=\"elementor-post-date\">\n\t\t\tFebruary 6, 2023\t\t<\/span>\n\t\t\t\t<span class=\"elementor-post-avatar\">\n\t\t\tNo Comments\t\t<\/span>\n\t\t\t\t<\/div>\n\t\t\t\t\t<\/div>\n\t\t<\/article>\n\t\t\t\t<article class=\"elementor-post elementor-grid-item post-1 post type-post status-publish format-standard hentry category-uncategorized\">\n\t\t\t<div class=\"elementor-post__card\">\n\t\t\t\t<div class=\"elementor-post__text\">\n\t\t\t\t<h3 class=\"elementor-post__title\">\n\t\t\t<a href=\"https:\/\/lowolfcraftbeer.com\/en\/2020\/11\/27\/hello-world\/\" target=\"_blank\">\n\t\t\t\tHello world!\t\t\t<\/a>\n\t\t<\/h3>\n\t\t\t\t<div class=\"elementor-post__excerpt\">\n\t\t\t<p>Welcome to WordPress. This is your first post. Edit or delete it, then start writing!<\/p>\n\t\t<\/div>\n\t\t\t\t\t<a class=\"elementor-post__read-more\" href=\"https:\/\/lowolfcraftbeer.com\/en\/2020\/11\/27\/hello-world\/\" target=\"_blank\">\n\t\t\t\tOlvasd tov\u00e1bb \u00bb\t\t\t<\/a>\n\t\t\t\t<\/div>\n\t\t\t\t<div class=\"elementor-post__meta-data\">\n\t\t\t\t\t<span class=\"elementor-post-date\">\n\t\t\tNovember 27, 2020\t\t<\/span>\n\t\t\t\t<span class=\"elementor-post-avatar\">\n\t\t\t1 Comment\t\t<\/span>\n\t\t\t\t<\/div>\n\t\t\t\t\t<\/div>\n\t\t<\/article>\n\t\t\t\t<article class=\"elementor-post elementor-grid-item post-2022 post type-post status-publish format-standard has-post-thumbnail hentry category-uncategorized-hu\">\n\t\t\t<div class=\"elementor-post__card\">\n\t\t\t\t<a class=\"elementor-post__thumbnail__link\" href=\"https:\/\/lowolfcraftbeer.com\/en\/2016\/02\/17\/consectetur-vestibulum-aliquet\/\" target=\"_blank\">\n\t\t\t<div class=\"elementor-post__thumbnail\"><img width=\"300\" height=\"185\" src=\"https:\/\/lowolfcraftbeer.com\/wp-content\/uploads\/2016\/02\/1-300x185.jpg\" class=\"attachment-medium size-medium\" alt=\"\" loading=\"lazy\" srcset=\"https:\/\/lowolfcraftbeer.com\/wp-content\/uploads\/2016\/02\/1-300x185.jpg 300w, https:\/\/lowolfcraftbeer.com\/wp-content\/uploads\/2016\/02\/1-1024x630.jpg 1024w, https:\/\/lowolfcraftbeer.com\/wp-content\/uploads\/2016\/02\/1-768x473.jpg 768w, https:\/\/lowolfcraftbeer.com\/wp-content\/uploads\/2016\/02\/1-1x1.jpg 1w, https:\/\/lowolfcraftbeer.com\/wp-content\/uploads\/2016\/02\/1-10x6.jpg 10w, https:\/\/lowolfcraftbeer.com\/wp-content\/uploads\/2016\/02\/1-600x369.jpg 600w, https:\/\/lowolfcraftbeer.com\/wp-content\/uploads\/2016\/02\/1.jpg 1300w\" sizes=\"(max-width: 300px) 100vw, 300px\" \/><\/div>\n\t\t<\/a>\n\t\t\t\t<div class=\"elementor-post__text\">\n\t\t\t\t<h3 class=\"elementor-post__title\">\n\t\t\t<a href=\"https:\/\/lowolfcraftbeer.com\/en\/2016\/02\/17\/consectetur-vestibulum-aliquet\/\" target=\"_blank\">\n\t\t\t\tConsectetur aliquet\t\t\t<\/a>\n\t\t<\/h3>\n\t\t\t\t<div class=\"elementor-post__excerpt\">\n\t\t\t<p>Lorem ipsum donec mattis mi congue non pellentesque luctus, sociosqu justo id ultrices sapien aliquet curabitur iaculis, ullamcorper malesuada neque auctor nunc tortor vestibulum non gravida taciti mauris sem sagittis lectus tellus fringilla ornare consequat.<\/p>\n\t\t<\/div>\n\t\t\t\t\t<a class=\"elementor-post__read-more\" href=\"https:\/\/lowolfcraftbeer.com\/en\/2016\/02\/17\/consectetur-vestibulum-aliquet\/\" target=\"_blank\">\n\t\t\t\tOlvasd tov\u00e1bb \u00bb\t\t\t<\/a>\n\t\t\t\t<\/div>\n\t\t\t\t<div class=\"elementor-post__meta-data\">\n\t\t\t\t\t<span class=\"elementor-post-date\">\n\t\t\tFebruary 17, 2016\t\t<\/span>\n\t\t\t\t<span class=\"elementor-post-avatar\">\n\t\t\tNo Comments\t\t<\/span>\n\t\t\t\t<\/div>\n\t\t\t\t\t<\/div>\n\t\t<\/article>\n\t\t\t\t<article class=\"elementor-post elementor-grid-item post-2004 post type-post status-publish format-standard has-post-thumbnail hentry category-uncategorized-hu\">\n\t\t\t<div class=\"elementor-post__card\">\n\t\t\t\t<a class=\"elementor-post__thumbnail__link\" href=\"https:\/\/lowolfcraftbeer.com\/en\/2016\/01\/30\/dapibus-etiam-tellus\/\" target=\"_blank\">\n\t\t\t<div class=\"elementor-post__thumbnail\"><img width=\"300\" height=\"185\" src=\"https:\/\/lowolfcraftbeer.com\/wp-content\/uploads\/2016\/02\/5-300x185.jpg\" class=\"attachment-medium size-medium\" alt=\"\" loading=\"lazy\" srcset=\"https:\/\/lowolfcraftbeer.com\/wp-content\/uploads\/2016\/02\/5-300x185.jpg 300w, https:\/\/lowolfcraftbeer.com\/wp-content\/uploads\/2016\/02\/5-1024x630.jpg 1024w, https:\/\/lowolfcraftbeer.com\/wp-content\/uploads\/2016\/02\/5-768x473.jpg 768w, https:\/\/lowolfcraftbeer.com\/wp-content\/uploads\/2016\/02\/5-1x1.jpg 1w, https:\/\/lowolfcraftbeer.com\/wp-content\/uploads\/2016\/02\/5-10x6.jpg 10w, https:\/\/lowolfcraftbeer.com\/wp-content\/uploads\/2016\/02\/5-600x369.jpg 600w, https:\/\/lowolfcraftbeer.com\/wp-content\/uploads\/2016\/02\/5.jpg 1300w\" sizes=\"(max-width: 300px) 100vw, 300px\" \/><\/div>\n\t\t<\/a>\n\t\t\t\t<div class=\"elementor-post__text\">\n\t\t\t\t<h3 class=\"elementor-post__title\">\n\t\t\t<a href=\"https:\/\/lowolfcraftbeer.com\/en\/2016\/01\/30\/dapibus-etiam-tellus\/\" target=\"_blank\">\n\t\t\t\tDapibus etiam tellus\t\t\t<\/a>\n\t\t<\/h3>\n\t\t\t\t<div class=\"elementor-post__excerpt\">\n\t\t\t<p>Lorem ipsum donec mattis mi congue non pellentesque luctus, sociosqu justo id ultrices sapien aliquet curabitur iaculis, ullamcorper malesuada neque auctor nunc tortor vestibulum non gravida taciti mauris sem sagittis lectus tellus fringilla ornare consequat.<\/p>\n\t\t<\/div>\n\t\t\t\t\t<a class=\"elementor-post__read-more\" href=\"https:\/\/lowolfcraftbeer.com\/en\/2016\/01\/30\/dapibus-etiam-tellus\/\" target=\"_blank\">\n\t\t\t\tOlvasd tov\u00e1bb \u00bb\t\t\t<\/a>\n\t\t\t\t<\/div>\n\t\t\t\t<div class=\"elementor-post__meta-data\">\n\t\t\t\t\t<span class=\"elementor-post-date\">\n\t\t\tJanuary 30, 2016\t\t<\/span>\n\t\t\t\t<span class=\"elementor-post-avatar\">\n\t\t\tNo Comments\t\t<\/span>\n\t\t\t\t<\/div>\n\t\t\t\t\t<\/div>\n\t\t<\/article>\n\t\t\t\t<article class=\"elementor-post elementor-grid-item post-2036 post type-post status-publish format-standard has-post-thumbnail hentry category-uncategorized-hu tag-post\">\n\t\t\t<div class=\"elementor-post__card\">\n\t\t\t\t<a class=\"elementor-post__thumbnail__link\" href=\"https:\/\/lowolfcraftbeer.com\/en\/2016\/01\/12\/7-tips-to-keep-your-work-fresh\/\" target=\"_blank\">\n\t\t\t<div class=\"elementor-post__thumbnail\"><img width=\"300\" height=\"185\" src=\"https:\/\/lowolfcraftbeer.com\/wp-content\/uploads\/2016\/02\/11-300x185.jpg\" class=\"attachment-medium size-medium\" alt=\"\" loading=\"lazy\" srcset=\"https:\/\/lowolfcraftbeer.com\/wp-content\/uploads\/2016\/02\/11-300x185.jpg 300w, https:\/\/lowolfcraftbeer.com\/wp-content\/uploads\/2016\/02\/11-1024x630.jpg 1024w, https:\/\/lowolfcraftbeer.com\/wp-content\/uploads\/2016\/02\/11-768x473.jpg 768w, https:\/\/lowolfcraftbeer.com\/wp-content\/uploads\/2016\/02\/11-1x1.jpg 1w, https:\/\/lowolfcraftbeer.com\/wp-content\/uploads\/2016\/02\/11-10x6.jpg 10w, https:\/\/lowolfcraftbeer.com\/wp-content\/uploads\/2016\/02\/11-600x369.jpg 600w, https:\/\/lowolfcraftbeer.com\/wp-content\/uploads\/2016\/02\/11.jpg 1300w\" sizes=\"(max-width: 300px) 100vw, 300px\" \/><\/div>\n\t\t<\/a>\n\t\t\t\t<div class=\"elementor-post__text\">\n\t\t\t\t<h3 class=\"elementor-post__title\">\n\t\t\t<a href=\"https:\/\/lowolfcraftbeer.com\/en\/2016\/01\/12\/7-tips-to-keep-your-work-fresh\/\" target=\"_blank\">\n\t\t\t\tAdipiscing duis\t\t\t<\/a>\n\t\t<\/h3>\n\t\t\t\t<div class=\"elementor-post__excerpt\">\n\t\t\t<p>Lorem ipsum donec mattis mi congue non pellentesque luctus, sociosqu justo id ultrices sapien aliquet curabitur iaculis, ullamcorper malesuada neque auctor nunc tortor vestibulum non gravida taciti mauris sem sagittis lectus tellus fringilla ornare consequat.<\/p>\n\t\t<\/div>\n\t\t\t\t\t<a class=\"elementor-post__read-more\" href=\"https:\/\/lowolfcraftbeer.com\/en\/2016\/01\/12\/7-tips-to-keep-your-work-fresh\/\" target=\"_blank\">\n\t\t\t\tOlvasd tov\u00e1bb \u00bb\t\t\t<\/a>\n\t\t\t\t<\/div>\n\t\t\t\t<div class=\"elementor-post__meta-data\">\n\t\t\t\t\t<span class=\"elementor-post-date\">\n\t\t\tJanuary 12, 2016\t\t<\/span>\n\t\t\t\t<span class=\"elementor-post-avatar\">\n\t\t\tNo Comments\t\t<\/span>\n\t\t\t\t<\/div>\n\t\t\t\t\t<\/div>\n\t\t<\/article>\n\t\t\t\t<article class=\"elementor-post elementor-grid-item post-2028 post type-post status-publish format-standard has-post-thumbnail hentry category-uncategorized-hu\">\n\t\t\t<div class=\"elementor-post__card\">\n\t\t\t\t<a class=\"elementor-post__thumbnail__link\" href=\"https:\/\/lowolfcraftbeer.com\/en\/2016\/01\/12\/vestibulum-vulputate-tellus\/\" target=\"_blank\">\n\t\t\t<div class=\"elementor-post__thumbnail\"><img width=\"300\" height=\"185\" src=\"https:\/\/lowolfcraftbeer.com\/wp-content\/uploads\/2016\/02\/6-300x185.jpg\" class=\"attachment-medium size-medium\" alt=\"\" loading=\"lazy\" srcset=\"https:\/\/lowolfcraftbeer.com\/wp-content\/uploads\/2016\/02\/6-300x185.jpg 300w, https:\/\/lowolfcraftbeer.com\/wp-content\/uploads\/2016\/02\/6-1024x630.jpg 1024w, https:\/\/lowolfcraftbeer.com\/wp-content\/uploads\/2016\/02\/6-768x473.jpg 768w, https:\/\/lowolfcraftbeer.com\/wp-content\/uploads\/2016\/02\/6-1x1.jpg 1w, https:\/\/lowolfcraftbeer.com\/wp-content\/uploads\/2016\/02\/6-10x6.jpg 10w, https:\/\/lowolfcraftbeer.com\/wp-content\/uploads\/2016\/02\/6-600x369.jpg 600w, https:\/\/lowolfcraftbeer.com\/wp-content\/uploads\/2016\/02\/6.jpg 1300w\" sizes=\"(max-width: 300px) 100vw, 300px\" \/><\/div>\n\t\t<\/a>\n\t\t\t\t<div class=\"elementor-post__text\">\n\t\t\t\t<h3 class=\"elementor-post__title\">\n\t\t\t<a href=\"https:\/\/lowolfcraftbeer.com\/en\/2016\/01\/12\/vestibulum-vulputate-tellus\/\" target=\"_blank\">\n\t\t\t\tVestibulum vulputate tellus\t\t\t<\/a>\n\t\t<\/h3>\n\t\t\t\t<div class=\"elementor-post__excerpt\">\n\t\t\t<p>\u00dajhull\u00e1mos s\u00f6r\u00f6kkel dolgoz\u00f3 contract brewery vagyunk. Minden s\u00f6r\u00fcnket csak egyszer f\u0151zz\u00fck le. Nem szeretn\u00e9nk, hogy r\u00e1unjatok, na&#8230; Sokat gondolkodtunk azon, hogy mik\u00e9nt kezdhetn\u00e9nk eml\u00e9kezetesen a&#8230;<\/p>\n\t\t<\/div>\n\t\t\t\t\t<a class=\"elementor-post__read-more\" href=\"https:\/\/lowolfcraftbeer.com\/en\/2016\/01\/12\/vestibulum-vulputate-tellus\/\" target=\"_blank\">\n\t\t\t\tOlvasd tov\u00e1bb \u00bb\t\t\t<\/a>\n\t\t\t\t<\/div>\n\t\t\t\t<div class=\"elementor-post__meta-data\">\n\t\t\t\t\t<span class=\"elementor-post-date\">\n\t\t\tJanuary 12, 2016\t\t<\/span>\n\t\t\t\t<span class=\"elementor-post-avatar\">\n\t\t\tNo Comments\t\t<\/span>\n\t\t\t\t<\/div>\n\t\t\t\t\t<\/div>\n\t\t<\/article>\n\t\t\t\t<\/div>\n\t\t\t\t<\/div>\n\t\t\t\t<\/div>\n\t\t\t\t\t\t<\/div>\n\t\t\t\t\t<\/div>\n\t\t<\/div>\n\t\t\t\t\t\t\t\t<\/div>\n\t\t\t\t\t<\/div>\n\t\t<\/section>\n\t\t\t\t\t\t<\/div>\n\t\t\t\t\t\t<\/div>\n\t\t\t\t\t<\/div>","protected":false},"excerpt":{"rendered":"","protected":false},"author":1,"featured_media":0,"parent":0,"menu_order":0,"comment_status":"closed","ping_status":"closed","template":"","meta":{"spay_email":""},"_links":{"self":[{"href":"https:\/\/lowolfcraftbeer.com\/en\/wp-json\/wp\/v2\/pages\/5954"}],"collection":[{"href":"https:\/\/lowolfcraftbeer.com\/en\/wp-json\/wp\/v2\/pages"}],"about":[{"href":"https:\/\/lowolfcraftbeer.com\/en\/wp-json\/wp\/v2\/types\/page"}],"author":[{"embeddable":true,"href":"https:\/\/lowolfcraftbeer.com\/en\/wp-json\/wp\/v2\/users\/1"}],"replies":[{"embeddable":true,"href":"https:\/\/lowolfcraftbeer.com\/en\/wp-json\/wp\/v2\/comments?post=5954"}],"version-history":[{"count":0,"href":"https:\/\/lowolfcraftbeer.com\/en\/wp-json\/wp\/v2\/pages\/5954\/revisions"}],"wp:attachment":[{"href":"https:\/\/lowolfcraftbeer.com\/en\/wp-json\/wp\/v2\/media?parent=5954"}],"curies":[{"name":"wp","href":"https:\/\/api.w.org\/{rel}","templated":true}]}}