{"id":4079,"date":"2016-05-23T11:46:46","date_gmt":"2016-05-23T11:46:46","guid":{"rendered":"http:\/\/8theme.com\/import\/xstore\/?page_id=4079"},"modified":"2022-11-13T21:11:15","modified_gmt":"2022-11-13T21:11:15","slug":"contact","status":"publish","type":"page","link":"https:\/\/lowolfcraftbeer.com\/en\/contact\/","title":{"rendered":"Contact"},"content":{"rendered":"<div data-elementor-type=\"wp-page\" data-elementor-id=\"4079\" class=\"elementor elementor-4079\" data-elementor-settings=\"[]\">\n\t\t\t\t\t\t<div class=\"elementor-inner\">\n\t\t\t\t\t\t\t<div class=\"elementor-section-wrap\">\n\t\t\t\t\t\t\t<section class=\"elementor-section elementor-top-section elementor-element elementor-element-a4c65a8 elementor-section-boxed elementor-section-height-default elementor-section-height-default\" data-id=\"a4c65a8\" data-element_type=\"section\">\n\t\t\t\t\t\t<div class=\"elementor-container elementor-column-gap-default\">\n\t\t\t\t\t\t\t<div class=\"elementor-row\">\n\t\t\t\t\t<div class=\"elementor-column elementor-col-66 elementor-top-column elementor-element elementor-element-588f256\" data-id=\"588f256\" data-element_type=\"column\">\n\t\t\t<div class=\"elementor-column-wrap elementor-element-populated\">\n\t\t\t\t\t\t\t<div class=\"elementor-widget-wrap\">\n\t\t\t\t\t\t<div class=\"elementor-element elementor-element-1dbd372 elementor-widget elementor-widget-heading\" data-id=\"1dbd372\" data-element_type=\"widget\" data-widget_type=\"heading.default\">\n\t\t\t\t<div class=\"elementor-widget-container\">\n\t\t\t<h2 class=\"elementor-heading-title elementor-size-default\">CONTACT:<\/h2>\t\t<\/div>\n\t\t\t\t<\/div>\n\t\t\t\t\t\t<\/div>\n\t\t\t\t\t<\/div>\n\t\t<\/div>\n\t\t\t\t<div class=\"elementor-column elementor-col-33 elementor-top-column elementor-element elementor-element-d43c965\" data-id=\"d43c965\" data-element_type=\"column\">\n\t\t\t<div class=\"elementor-column-wrap\">\n\t\t\t\t\t\t\t<div class=\"elementor-widget-wrap\">\n\t\t\t\t\t\t\t\t<\/div>\n\t\t\t\t\t<\/div>\n\t\t<\/div>\n\t\t\t\t\t\t\t\t<\/div>\n\t\t\t\t\t<\/div>\n\t\t<\/section>\n\t\t\t\t<section class=\"elementor-section elementor-top-section elementor-element elementor-element-33469bf elementor-section-boxed elementor-section-height-default elementor-section-height-default\" data-id=\"33469bf\" data-element_type=\"section\">\n\t\t\t\t\t\t<div class=\"elementor-container elementor-column-gap-default\">\n\t\t\t\t\t\t\t<div class=\"elementor-row\">\n\t\t\t\t\t<div class=\"elementor-column elementor-col-50 elementor-top-column elementor-element elementor-element-8f375d4\" data-id=\"8f375d4\" data-element_type=\"column\">\n\t\t\t<div class=\"elementor-column-wrap elementor-element-populated\">\n\t\t\t\t\t\t\t<div class=\"elementor-widget-wrap\">\n\t\t\t\t\t\t<div class=\"elementor-element elementor-element-ca469a9 elementor-widget elementor-widget-text-editor\" data-id=\"ca469a9\" data-element_type=\"widget\" data-widget_type=\"text-editor.default\">\n\t\t\t\t<div class=\"elementor-widget-container\">\n\t\t\t\t\t<div class=\"elementor-text-editor elementor-clearfix\"><h3><span style=\"color: #000000;\"><strong>L\u00f6WOLF<\/strong><b>\u00a0Craft Beer Co.<\/b><\/span><\/h3><p><em><span style=\"color: #000000;\">New wave &amp; seasonal craft beers, limited editions<strong><br \/><\/strong><\/span><\/em><\/p><p><em><span style=\"color: #000000;\">We are a contract brewery, based in Hungary (EU).\u00a0<\/span><\/em><\/p><p><em><span style=\"color: #000000;\">\u00a0<\/span><\/em><\/p><h3><strong><span style=\"color: #000000;\">Contact us:<\/span><\/strong><\/h3><p><span style=\"color: #000000;\"><span style=\"caret-color: #000000;\"><b>Web: <\/b>lowolfcraftbeer.com<\/span><\/span><\/p><p><span style=\"color: #000000;\"><strong>Email:<\/strong> <a style=\"color: #000000;\" href=\"mailto:andreaskiss.eu@gmail.com\" target=\"_blank\" rel=\"noopener noreferrer\" data-auth=\"NotApplicable\">lowolfcraftbeer@gmail.com<\/a><\/span><\/p><p><span style=\"color: #000000;\"><strong>Tel.:<\/strong>\u00a0 +36 30 205 6116<\/span><\/p><p><span style=\"color: #000000;\">\u00a0<\/span><\/p><h3><span style=\"color: #000000;\"><strong>Social medias:<\/strong><\/span><\/h3><p><strong><span style=\"color: #000000;\">\u2022 Facebook:\u00a0<\/span><\/strong><span style=\"color: #0000ff;\"><a style=\"color: #0000ff;\" href=\"http:\/\/www.facebook.com\/LowolfCraftBeerCo\"><em><span style=\"font-family: var( --e-global-typography-text-font-family ), Sans-serif;\">www.facebook.com\/LowolfCraftBeerCo<\/span><\/em><\/a><\/span><\/p><p><span style=\"color: #000000;\"><strong><span style=\"font-family: var( --e-global-typography-text-font-family ), Sans-serif;\">\u2022 Instagram:\u00a0<\/span><\/strong><\/span><span style=\"color: #0000ff;\"><em><span style=\"font-family: var( --e-global-typography-text-font-family ), Sans-serif;\"><a style=\"color: #0000ff;\" href=\"http:\/\/www.instagram.com\/lowolf_craft_beer_co\">www.instagram.com\/lowolf_craft_beer_co<\/a><\/span><\/em><\/span><\/p><p><span style=\"color: #000000;\"><strong>\u2022 Untappd:\u00a0<\/strong><\/span><span style=\"color: #0000ff;\"><em><span style=\"font-family: var( --e-global-typography-text-font-family ), Sans-serif;\"><a style=\"color: #0000ff;\" href=\"https:\/\/untappd.com\/w\/lowolf-craft-beer-co\/456924\">untappd.com\/w\/lowolf-craft-beer-co\/456924<\/a><\/span><\/em><\/span><\/p><p><em><span style=\"color: #999999;\">\u00a0<\/span><\/em><\/p><h3><span style=\"color: #000000;\"><strong>Distributor: <\/strong><em><\/em><\/span><\/h3><p><em><strong>D\u00f6WOLFER Kft.<\/strong>\u00a0<\/em><\/p><p><i>H-9730 <a href=\"https:\/\/www.google.com\/maps\/place\/K\u0151szeg,+9730\/@49.9433769,11.6459247,6z\/data=!4m5!3m4!1s0x476ea25ffe917fdd:0x251933f44dd53c4d!8m2!3d47.3859176!4d16.5397128\">Koszeg,<\/a>, R\u00e1k\u00f3czi F. u. 18. (Magyarorsz\u00e1g)<\/i><\/p><p>Bank: K&amp;H Bank <em>(BIC: OKHBHUHB)<\/em><\/p><p><strong><i>Bank account: HU81 10400669-50526777-90651011<\/i><\/strong><\/p><\/div>\n\t\t\t\t<\/div>\n\t\t\t\t<\/div>\n\t\t\t\t\t\t<\/div>\n\t\t\t\t\t<\/div>\n\t\t<\/div>\n\t\t\t\t<div class=\"elementor-column elementor-col-50 elementor-top-column elementor-element elementor-element-cee4e0e\" data-id=\"cee4e0e\" data-element_type=\"column\">\n\t\t\t<div class=\"elementor-column-wrap\">\n\t\t\t\t\t\t\t<div class=\"elementor-widget-wrap\">\n\t\t\t\t\t\t\t\t<\/div>\n\t\t\t\t\t<\/div>\n\t\t<\/div>\n\t\t\t\t\t\t\t\t<\/div>\n\t\t\t\t\t<\/div>\n\t\t<\/section>\n\t\t\t\t<section class=\"elementor-section elementor-top-section elementor-element elementor-element-0023551 elementor-section-boxed elementor-section-height-default elementor-section-height-default\" data-id=\"0023551\" data-element_type=\"section\">\n\t\t\t\t\t\t<div class=\"elementor-container elementor-column-gap-default\">\n\t\t\t\t\t\t\t<div class=\"elementor-row\">\n\t\t\t\t\t<div class=\"elementor-column elementor-col-50 elementor-top-column elementor-element elementor-element-e5130a8\" data-id=\"e5130a8\" data-element_type=\"column\">\n\t\t\t<div class=\"elementor-column-wrap elementor-element-populated\">\n\t\t\t\t\t\t\t<div class=\"elementor-widget-wrap\">\n\t\t\t\t\t\t<div class=\"elementor-element elementor-element-4cc4100 elementor-widget elementor-widget-heading\" data-id=\"4cc4100\" data-element_type=\"widget\" data-widget_type=\"heading.default\">\n\t\t\t\t<div class=\"elementor-widget-container\">\n\t\t\t<h2 class=\"elementor-heading-title elementor-size-default\">FOLLOW US:<\/h2>\t\t<\/div>\n\t\t\t\t<\/div>\n\t\t\t\t\t\t<\/div>\n\t\t\t\t\t<\/div>\n\t\t<\/div>\n\t\t\t\t<div class=\"elementor-column elementor-col-50 elementor-top-column elementor-element elementor-element-a8eb7a9\" data-id=\"a8eb7a9\" data-element_type=\"column\">\n\t\t\t<div class=\"elementor-column-wrap\">\n\t\t\t\t\t\t\t<div class=\"elementor-widget-wrap\">\n\t\t\t\t\t\t\t\t<\/div>\n\t\t\t\t\t<\/div>\n\t\t<\/div>\n\t\t\t\t\t\t\t\t<\/div>\n\t\t\t\t\t<\/div>\n\t\t<\/section>\n\t\t\t\t<section class=\"elementor-section elementor-top-section elementor-element elementor-element-b5b96ca elementor-section-boxed elementor-section-height-default elementor-section-height-default\" data-id=\"b5b96ca\" data-element_type=\"section\">\n\t\t\t\t\t\t<div class=\"elementor-container elementor-column-gap-default\">\n\t\t\t\t\t\t\t<div class=\"elementor-row\">\n\t\t\t\t\t<div class=\"elementor-column elementor-col-100 elementor-top-column elementor-element elementor-element-06dcd3f\" data-id=\"06dcd3f\" data-element_type=\"column\">\n\t\t\t<div class=\"elementor-column-wrap\">\n\t\t\t\t\t\t\t<div class=\"elementor-widget-wrap\">\n\t\t\t\t\t\t\t\t<\/div>\n\t\t\t\t\t<\/div>\n\t\t<\/div>\n\t\t\t\t\t\t\t\t<\/div>\n\t\t\t\t\t<\/div>\n\t\t<\/section>\n\t\t\t\t<section class=\"elementor-section elementor-top-section elementor-element elementor-element-50d8f28 elementor-section-boxed elementor-section-height-default elementor-section-height-default\" data-id=\"50d8f28\" data-element_type=\"section\">\n\t\t\t\t\t\t<div class=\"elementor-container elementor-column-gap-default\">\n\t\t\t\t\t\t\t<div class=\"elementor-row\">\n\t\t\t\t\t<div class=\"elementor-column elementor-col-33 elementor-top-column elementor-element elementor-element-d17bc50\" data-id=\"d17bc50\" data-element_type=\"column\">\n\t\t\t<div class=\"elementor-column-wrap elementor-element-populated\">\n\t\t\t\t\t\t\t<div class=\"elementor-widget-wrap\">\n\t\t\t\t\t\t<div class=\"elementor-element elementor-element-e7b6e0a elementor-widget elementor-widget-etheme-follow\" data-id=\"e7b6e0a\" data-element_type=\"widget\" data-widget_type=\"etheme-follow.default\">\n\t\t\t\t<div class=\"elementor-widget-container\">\n\t\t\t\n        <div class=\"et-follow-buttons buttons-size-custom justify-content- follow-633\">\n\n                                    <a href=\"https:\/\/www.facebook.com\/LowolfCraftBeerCo\" class=\"follow-facebook\" target=\"_blank\">\n                            <i class=\"et-icon et-facebook\"><\/i>\n                                                    <\/a>\n                                            <a href=\"https:\/\/www.facebook.com\/LowolfCraftBeerCo\" class=\"follow-instagram\" target=\"_blank\">\n                            <i class=\"et-icon et-instagram\"><\/i>\n                                                    <\/a>\n                    \n        <\/div>\n\n        \t\t<\/div>\n\t\t\t\t<\/div>\n\t\t\t\t\t\t<\/div>\n\t\t\t\t\t<\/div>\n\t\t<\/div>\n\t\t\t\t<div class=\"elementor-column elementor-col-33 elementor-top-column elementor-element elementor-element-972a5a2\" data-id=\"972a5a2\" data-element_type=\"column\">\n\t\t\t<div class=\"elementor-column-wrap\">\n\t\t\t\t\t\t\t<div class=\"elementor-widget-wrap\">\n\t\t\t\t\t\t\t\t<\/div>\n\t\t\t\t\t<\/div>\n\t\t<\/div>\n\t\t\t\t<div class=\"elementor-column elementor-col-33 elementor-top-column elementor-element elementor-element-3972bcf\" data-id=\"3972bcf\" data-element_type=\"column\">\n\t\t\t<div class=\"elementor-column-wrap\">\n\t\t\t\t\t\t\t<div class=\"elementor-widget-wrap\">\n\t\t\t\t\t\t\t\t<\/div>\n\t\t\t\t\t<\/div>\n\t\t<\/div>\n\t\t\t\t\t\t\t\t<\/div>\n\t\t\t\t\t<\/div>\n\t\t<\/section>\n\t\t\t\t<section class=\"elementor-section elementor-top-section elementor-element elementor-element-4bb262f elementor-section-boxed elementor-section-height-default elementor-section-height-default\" data-id=\"4bb262f\" data-element_type=\"section\">\n\t\t\t\t\t\t<div class=\"elementor-container elementor-column-gap-default\">\n\t\t\t\t\t\t\t<div class=\"elementor-row\">\n\t\t\t\t\t<div class=\"elementor-column elementor-col-100 elementor-top-column elementor-element elementor-element-fd87f27\" data-id=\"fd87f27\" data-element_type=\"column\">\n\t\t\t<div class=\"elementor-column-wrap elementor-element-populated\">\n\t\t\t\t\t\t\t<div class=\"elementor-widget-wrap\">\n\t\t\t\t\t\t<div class=\"elementor-element elementor-element-9962925 elementor-widget elementor-widget-spacer\" data-id=\"9962925\" data-element_type=\"widget\" data-widget_type=\"spacer.default\">\n\t\t\t\t<div class=\"elementor-widget-container\">\n\t\t\t\t\t<div class=\"elementor-spacer\">\n\t\t\t<div class=\"elementor-spacer-inner\"><\/div>\n\t\t<\/div>\n\t\t\t\t<\/div>\n\t\t\t\t<\/div>\n\t\t\t\t\t\t<\/div>\n\t\t\t\t\t<\/div>\n\t\t<\/div>\n\t\t\t\t\t\t\t\t<\/div>\n\t\t\t\t\t<\/div>\n\t\t<\/section>\n\t\t\t\t<section class=\"elementor-section elementor-top-section elementor-element elementor-element-f5eb9c2 elementor-section-boxed elementor-section-height-default elementor-section-height-default\" data-id=\"f5eb9c2\" data-element_type=\"section\">\n\t\t\t\t\t\t<div class=\"elementor-container elementor-column-gap-default\">\n\t\t\t\t\t\t\t<div class=\"elementor-row\">\n\t\t\t\t\t<div class=\"elementor-column elementor-col-100 elementor-top-column elementor-element elementor-element-35b9f18\" data-id=\"35b9f18\" data-element_type=\"column\">\n\t\t\t<div class=\"elementor-column-wrap elementor-element-populated\">\n\t\t\t\t\t\t\t<div class=\"elementor-widget-wrap\">\n\t\t\t\t\t\t<div class=\"elementor-element elementor-element-fdc3cc7 elementor-widget elementor-widget-text-editor\" data-id=\"fdc3cc7\" data-element_type=\"widget\" data-widget_type=\"text-editor.default\">\n\t\t\t\t<div class=\"elementor-widget-container\">\n\t\t\t\t\t<div class=\"elementor-text-editor elementor-clearfix\">General terms and conditions, klick <a href=\"https:\/\/lowolfcraftbeer.com\/en\/aszf\/\">\u00bb HERE \u00ab<\/a><\/div>\n\t\t\t\t<\/div>\n\t\t\t\t<\/div>\n\t\t\t\t\t\t<\/div>\n\t\t\t\t\t<\/div>\n\t\t<\/div>\n\t\t\t\t\t\t\t\t<\/div>\n\t\t\t\t\t<\/div>\n\t\t<\/section>\n\t\t\t\t\t\t<\/div>\n\t\t\t\t\t\t<\/div>\n\t\t\t\t\t<\/div>","protected":false},"excerpt":{"rendered":"<p>KAPCSOLAT: L\u00f6WOLF\u00a0Craft Beer Co. New wave &amp; seasonal craft beers, limited editions We are a contract brewery, based in Hungary (EU).\u00a0 \u00a0 L\u00e9pj vel\u00fcnk kapcsolatba:&#8230;<\/p>","protected":false},"author":1,"featured_media":0,"parent":0,"menu_order":0,"comment_status":"closed","ping_status":"closed","template":"","meta":{"spay_email":""},"_links":{"self":[{"href":"https:\/\/lowolfcraftbeer.com\/en\/wp-json\/wp\/v2\/pages\/4079"}],"collection":[{"href":"https:\/\/lowolfcraftbeer.com\/en\/wp-json\/wp\/v2\/pages"}],"about":[{"href":"https:\/\/lowolfcraftbeer.com\/en\/wp-json\/wp\/v2\/types\/page"}],"author":[{"embeddable":true,"href":"https:\/\/lowolfcraftbeer.com\/en\/wp-json\/wp\/v2\/users\/1"}],"replies":[{"embeddable":true,"href":"https:\/\/lowolfcraftbeer.com\/en\/wp-json\/wp\/v2\/comments?post=4079"}],"version-history":[{"count":28,"href":"https:\/\/lowolfcraftbeer.com\/en\/wp-json\/wp\/v2\/pages\/4079\/revisions"}],"predecessor-version":[{"id":7458,"href":"https:\/\/lowolfcraftbeer.com\/en\/wp-json\/wp\/v2\/pages\/4079\/revisions\/7458"}],"wp:attachment":[{"href":"https:\/\/lowolfcraftbeer.com\/en\/wp-json\/wp\/v2\/media?parent=4079"}],"curies":[{"name":"wp","href":"https:\/\/api.w.org\/{rel}","templated":true}]}}