{"id":4060,"date":"2016-05-23T09:27:00","date_gmt":"2016-05-23T09:27:00","guid":{"rendered":"http:\/\/8theme.com\/import\/xstore\/?page_id=4060"},"modified":"2022-11-14T00:18:40","modified_gmt":"2022-11-14T00:18:40","slug":"rolunk","status":"publish","type":"page","link":"https:\/\/lowolfcraftbeer.com\/en\/rolunk\/","title":{"rendered":"About Us"},"content":{"rendered":"<div data-elementor-type=\"wp-page\" data-elementor-id=\"4060\" class=\"elementor elementor-4060\" data-elementor-settings=\"[]\">\n\t\t\t\t\t\t<div class=\"elementor-inner\">\n\t\t\t\t\t\t\t<div class=\"elementor-section-wrap\">\n\t\t\t\t\t\t\t<section class=\"elementor-section elementor-top-section elementor-element elementor-element-7982fae elementor-section-boxed elementor-section-height-default elementor-section-height-default\" data-id=\"7982fae\" data-element_type=\"section\">\n\t\t\t\t\t\t<div class=\"elementor-container elementor-column-gap-default\">\n\t\t\t\t\t\t\t<div class=\"elementor-row\">\n\t\t\t\t\t<div class=\"elementor-column elementor-col-100 elementor-top-column elementor-element elementor-element-d69652c\" data-id=\"d69652c\" data-element_type=\"column\">\n\t\t\t<div class=\"elementor-column-wrap elementor-element-populated\">\n\t\t\t\t\t\t\t<div class=\"elementor-widget-wrap\">\n\t\t\t\t\t\t<div class=\"elementor-element elementor-element-0231775 elementor-widget elementor-widget-heading\" data-id=\"0231775\" data-element_type=\"widget\" data-widget_type=\"heading.default\">\n\t\t\t\t<div class=\"elementor-widget-container\">\n\t\t\t<h2 class=\"elementor-heading-title elementor-size-default\">ABOUT US<\/h2>\t\t<\/div>\n\t\t\t\t<\/div>\n\t\t\t\t\t\t<\/div>\n\t\t\t\t\t<\/div>\n\t\t<\/div>\n\t\t\t\t\t\t\t\t<\/div>\n\t\t\t\t\t<\/div>\n\t\t<\/section>\n\t\t\t\t<section class=\"elementor-section elementor-top-section elementor-element elementor-element-293f762 elementor-section-boxed elementor-section-height-default elementor-section-height-default\" data-id=\"293f762\" data-element_type=\"section\">\n\t\t\t\t\t\t<div class=\"elementor-container elementor-column-gap-default\">\n\t\t\t\t\t\t\t<div class=\"elementor-row\">\n\t\t\t\t\t<div class=\"elementor-column elementor-col-100 elementor-top-column elementor-element elementor-element-6aea802\" data-id=\"6aea802\" data-element_type=\"column\">\n\t\t\t<div class=\"elementor-column-wrap elementor-element-populated\">\n\t\t\t\t\t\t\t<div class=\"elementor-widget-wrap\">\n\t\t\t\t\t\t<div class=\"elementor-element elementor-element-9a8baf5 elementor-widget elementor-widget-heading\" data-id=\"9a8baf5\" data-element_type=\"widget\" data-widget_type=\"heading.default\">\n\t\t\t\t<div class=\"elementor-widget-container\">\n\t\t\t<h6 class=\"elementor-heading-title elementor-size-default\">Friss\u00edtve: 2022.11.10.<\/h6>\t\t<\/div>\n\t\t\t\t<\/div>\n\t\t\t\t\t\t<\/div>\n\t\t\t\t\t<\/div>\n\t\t<\/div>\n\t\t\t\t\t\t\t\t<\/div>\n\t\t\t\t\t<\/div>\n\t\t<\/section>\n\t\t\t\t<section class=\"elementor-section elementor-top-section elementor-element elementor-element-075005a elementor-section-boxed elementor-section-height-default elementor-section-height-default\" data-id=\"075005a\" data-element_type=\"section\">\n\t\t\t\t\t\t<div class=\"elementor-container elementor-column-gap-default\">\n\t\t\t\t\t\t\t<div class=\"elementor-row\">\n\t\t\t\t\t<div class=\"elementor-column elementor-col-100 elementor-top-column elementor-element elementor-element-b5cb616\" data-id=\"b5cb616\" data-element_type=\"column\">\n\t\t\t<div class=\"elementor-column-wrap elementor-element-populated\">\n\t\t\t\t\t\t\t<div class=\"elementor-widget-wrap\">\n\t\t\t\t\t\t<div class=\"elementor-element elementor-element-1b2ea35 elementor-widget elementor-widget-image\" data-id=\"1b2ea35\" data-element_type=\"widget\" data-widget_type=\"image.default\">\n\t\t\t\t<div class=\"elementor-widget-container\">\n\t\t\t\t\t<div class=\"elementor-image\">\n\t\t\t\t\t\t\t\t\t\t<img src=\"https:\/\/lowolfcraftbeer.com\/wp-content\/uploads\/2021\/01\/LoWOLF-Craft-Beer-Co-Tropical-Dreamin-NEIPA-New-England-IPA-Florida-beach-USA.jpg\" title=\"L\u00f6WOLF Craft Beer Co Tropical Dreamin NEIPA New England IPA Florida beach USA\" alt=\"L\u00f6WOLF Craft Beer Co Tropical Dreamin NEIPA New England IPA Florida beach USA\" \/>\t\t\t\t\t\t\t\t\t\t\t<\/div>\n\t\t\t\t<\/div>\n\t\t\t\t<\/div>\n\t\t\t\t\t\t<\/div>\n\t\t\t\t\t<\/div>\n\t\t<\/div>\n\t\t\t\t\t\t\t\t<\/div>\n\t\t\t\t\t<\/div>\n\t\t<\/section>\n\t\t\t\t<section class=\"elementor-section elementor-top-section elementor-element elementor-element-93d288a elementor-section-boxed elementor-section-height-default elementor-section-height-default\" data-id=\"93d288a\" data-element_type=\"section\">\n\t\t\t\t\t\t<div class=\"elementor-container elementor-column-gap-default\">\n\t\t\t\t\t\t\t<div class=\"elementor-row\">\n\t\t\t\t\t<div class=\"elementor-column elementor-col-100 elementor-top-column elementor-element elementor-element-3a5c1c6\" data-id=\"3a5c1c6\" data-element_type=\"column\">\n\t\t\t<div class=\"elementor-column-wrap elementor-element-populated\">\n\t\t\t\t\t\t\t<div class=\"elementor-widget-wrap\">\n\t\t\t\t\t\t<div class=\"elementor-element elementor-element-1df7116 elementor-widget elementor-widget-text-editor\" data-id=\"1df7116\" data-element_type=\"widget\" data-widget_type=\"text-editor.default\">\n\t\t\t\t<div class=\"elementor-widget-container\">\n\t\t\t\t\t<div class=\"elementor-text-editor elementor-clearfix\"><h4><em><strong><span style=\"color: #000000;\">A L\u00f6WOLF Craft Beer Co. egy contract brewery, magyar gy\u00f6kerekkel. S\u00f6reink a mindegyike a HORIZONT f\u0151zd\u00e9j\u00e9ben k\u00e9sz\u00fcltek. Alapvet\u0151en \u00fajhull\u00e1mos, egy-egy szezonban valami\u00e9rt \u00e9rdekes kraft s\u00f6r\u00f6ket k\u00edn\u00e1lunk. Minden t\u00e9tel\u00fcnket, s\u00f6rt\u00edpusunkat csak egyszer f\u0151z\u00fcnk le, \u00edgy mindig valami \u00fajra sz\u00e1m\u00edthattok. (J\u00f3, k\u00f6zk\u00edv\u00e1natra akadhat kiv\u00e9tel&#8230;)&nbsp;<\/span><\/strong><\/em><\/h4>\n<div><em><strong><span style=\"color: #000000;\">&nbsp;<\/span><\/strong><\/em><\/div>\n<p><span style=\"color: #000000;\">&nbsp;<\/span><strong style=\"color: #000000;\"><\/strong><span style=\"color: #000000;\">, mely 2020. janu\u00e1r 1. kezdte meg m\u0171k\u00f6d\u00e9s\u00e9t.&nbsp;<\/span><\/p>\n<p style=\"font-size: 16px;\"><span style=\"color: #000000;\"><strong>L\u00f6WOLF filoz\u00f3fi\u00e1ja<\/strong><\/span><\/p>\n<p style=\"font-size: 16px;\"><strong style=\"font-size: inherit; font-family: var( --e-global-typography-text-font-family ), Sans-serif; color: #000000;\">\u00dajhull\u00e1mos<\/strong><strong style=\"font-size: inherit; font-family: var( --e-global-typography-text-font-family ), Sans-serif; color: #000000;\">, valami\u00e9rt \u00e9rdekes, esetleg szezon\u00e1lis s\u00f6r\u00f6ket k\u00edn\u00e1lunk, limit\u00e1lt kiad\u00e1sban. Minden t\u00e9tel\u00fcnk csak egyszer ker\u00fcl lef\u0151z\u00e9sre&nbsp;<\/strong><em style=\"color: var( --e-global-color-text ); font-family: var( --e-global-typography-text-font-family ), Sans-serif;\">(k\u00f6zk\u00edv\u00e1natra lehetnek kiv\u00e9telek)<\/em><strong style=\"font-size: inherit; font-family: var( --e-global-typography-text-font-family ), Sans-serif; color: #000000;\">.<\/strong><span style=\"font-size: inherit; font-family: var( --e-global-typography-text-font-family ), Sans-serif; color: #000000;\">&nbsp;Nem c\u00e9lunk egy-egy s\u00f6r t\u00f6meggy\u00e1rt\u00e1sa, sokkal ink\u00e1bb a k\u00eds\u00e9rletez\u00e9s, \u00faj kraft s\u00f6r\u00f6k, \u00faj \u00edzek felfedez\u00e9se. A m\u00e1rka inspir\u00e1ci\u00f3ja a nagyvil\u00e1g, nemzetk\u00f6zi kitekint\u00e9s, a leg k\u00fcl\u00f6nb\u00f6z\u0151bb \u00edzek, s\u00f6rfajt\u00e1k, alapanyagok kipr\u00f3b\u00e1l\u00e1sa, legyenek azok a F\u00f6ld b\u00e1rmely pontj\u00e1r\u00f3l is.<\/span><\/p>\n<p><strong><span style=\"color: #000000;\">Mi az a L\u00f6WOLF?<\/span><\/strong><\/p>\n<p><span style=\"color: #000000;\">Egy olyan ragadoz\u00f3, amely j\u00f3 \u00e9s \u00e9rdekes kraft s\u00f6r\u00f6kre szomjas. R<\/span><span style=\"font-family: var( --e-global-typography-text-font-family ), Sans-serif; color: #000000;\">\u00f3latok pedig tudjuk, hogy szint\u00e9n ebbe a ragadoz\u00f3 csal\u00e1dba tartozhatsz (hisz ez\u00e9rt vagy itt, nem?!). Igyeksz\u00fcnk levad\u00e1szni a nagyvil\u00e1g valami\u00e9rt \u00e9rdekes \u00e9s k\u00fcl\u00f6nleges s\u00f6reit, hogy azt \u00e9s annak \u00e9lm\u00e9ny\u00e9t megosszuk veletek.<\/span><\/p>\n<p><span style=\"font-family: var( --e-global-typography-text-font-family ), Sans-serif; color: #000000;\">&nbsp;<\/span><strong style=\"font-size: inherit; color: var( --e-global-color-text ); font-family: var( --e-global-typography-text-font-family ), Sans-serif;\"><span style=\"color: #000000;\">Mik\u00e9nt indult?<\/span><\/strong><\/p>\n<p><font color=\"#000000\">J\u00f3 \u00f6tletnek t\u0171nt, hogy a 20-as \u00e9vek els\u0151 napj\u00e1t egy \u00faj, kraft s\u00f6rm\u00e1rk\u00e1val ind\u00edtsuk, amely teret ad a hatalmas k\u00edv\u00e1ncsis\u00e1gunknak, hogy mindig valami \u00faj \u00e9s \u00e9rdekes s\u00f6rt&nbsp;<span style=\"caret-color: rgb(0, 0, 0);\">k\u00e9sz\u00edthess\u00fcnk,&nbsp;<\/span>oszthassuk Veletek.. Az \u00edg\u00e9retesnek t\u0171n\u0151 \u00e9vr\u0151l&nbsp;<\/font><span style=\"color: #000000; caret-color: #000000;\"><\/span><span style=\"color: #000000;\">&nbsp;kider\u00fclt, hogy a s\u00f6rt\u00f6rt\u00e9nelem tal\u00e1n egyik legs\u00f6t\u00e9tebb \u00e9v\u00e9r\u0151l van sz\u00f3. COVID, bizony\u00e1ra mindenki sz\u00e1m\u00e1ra m<span style=\"caret-color: #000000;\">\u00e9ly<\/span>&nbsp;nyomokat hagyott, csak \u00fagy, mint a s\u00f6riparban is. A L\u00f6WOLF els\u0151 s\u00f6re (One More Bitte) egy n\u00e9met t\u00edpus\u00fa M\u00e4rzen lager, \u00e9ppen azon m\u00e1rciusi h\u00f3napra kezdett kiteljesedni, amikor Eur\u00f3p\u00e1ban is kit\u00f6rt a pand\u00e9mia \u00e9s&nbsp;soha nem l\u00e1tott bez\u00e1r\u00e1sokat, korl\u00e1toz\u00e1sokat vezettek be a vend\u00e9gl\u00e1t\u00f3 iparban.<\/span><\/p>\n<p><span style=\"color: #000000;\">A L\u00f6WOLF els\u0151 s\u00f6r\u00e9nek&nbsp;palackjain, a One More Bitte c<\/span><span style=\"color: #000000; font-size: inherit; font-family: var( --e-global-typography-text-font-family ), Sans-serif;\">&nbsp;<\/span><span style=\"color: #000000; font-family: var( --e-global-typography-text-font-family ), Sans-serif; font-size: inherit;\">M\u00e1rciusban ehelyett j\u00f6ttek a bez\u00e1r\u00e1sok, korl\u00e1toz\u00e1sok, a maradj otthon, \u00faj \u00e9rtelmet nyert az otthon, a szob\u00e1ban val\u00f3 s\u00f6r\u00f6zget\u00e9s. Neh\u00e9z \u00e9s eml\u00e9kezetes kezd\u00e9s egy m\u00e1rka indul\u00e1s\u00e1hoz.&nbsp;<\/span><span style=\"color: #000000; font-size: inherit; font-family: var( --e-global-typography-text-font-family ), Sans-serif;\">Az \u00f3vatoss\u00e1gb\u00f3l kifoly\u00f3lag a L\u00f6WOLF 2020-ra tervezett&nbsp;legt\u00f6bb s\u00f6re v\u00e9g\u00fcl nem is ker\u00fclt lef\u0151z\u00e9sre. Mindett\u0151l f\u00fcggetlen\u00fcl a One More Bitte egy nagyon hamar elkapkodott t\u00e9tel lett \u00e9s optimist\u00e1n \u00e1lltunk a j\u00f6v\u0151 el\u00e9, amely utaz\u00e1snak rem\u00e9lj\u00fck Te is a r\u00e9sze leszel kraft s\u00f6reink t<\/span><span style=\"color: #000000; font-family: var( --e-global-typography-text-font-family ), Sans-serif; font-size: inherit;\">esztel\u00e9s\u00e9vel, fogyaszt\u00e1s\u00e1val.<\/span><\/p>\n<p><strong>Ha nem szeretn\u00e9l lemaradni a leg\u00fajabb s\u00f6reinkr\u0151l, \u00fajdons\u00e1gainkr\u00f3l, akci\u00f3inkr\u00f3l, L\u00f6WOLF h\u00edrekr\u0151l, akkor iratkozz fel a levelez\u0151list\u00e1nkra.&nbsp;\u00c9rtes\u00fcljetek mindenr\u0151l els\u0151 k\u00e9zb\u0151l!<\/strong><\/p>\n<p><span style=\"color: #000000; font-family: var( --e-global-typography-text-font-family ), Sans-serif;\"><span style=\"caret-color: #000000;\"> <strong>HORIZONT<\/strong> is our brewery partner. We as a contract brewery enjoy every moment work with them. We brewed all of our beers there in 2020. We have plenty of plans for 2021.<\/span><\/span><\/p>\n<h4><strong><span style=\"color: #000000; font-family: var( --e-global-typography-text-font-family ), Sans-serif;\"><span style=\"caret-color: #000000;\">K\u00d6VESS MINKET INSTAGRAMON \u00e9s\/vagy FACEBOOON is!<\/span><\/span><\/strong><\/h4>\n<div><strong><span style=\"color: #000000; font-family: var( --e-global-typography-text-font-family ), Sans-serif;\"><span style=\"caret-color: #000000;\">&nbsp;<\/span><\/span><\/strong><\/div>\n<h4><strong><span style=\"color: #000000;\"><span style=\"caret-color: #000000;\">DO NOT FORGET TO SUBSCRIBE! BE WELL INFORMED ABOUT ALL NEWS, DISCOUNTS,  SALE, GOOD DEALS, NEW BEERS and ETC... <\/span><\/span><\/strong><strong><span style=\"color: #000000;\"><span style=\"caret-color: #000000;\"><\/span><\/span><\/strong><\/h4>\n<div><strong><span style=\"color: #000000;\"><span style=\"caret-color: #000000;\">&nbsp;<\/span><\/span><\/strong><\/div><\/div>\n\t\t\t\t<\/div>\n\t\t\t\t<\/div>\n\t\t\t\t\t\t<\/div>\n\t\t\t\t\t<\/div>\n\t\t<\/div>\n\t\t\t\t\t\t\t\t<\/div>\n\t\t\t\t\t<\/div>\n\t\t<\/section>\n\t\t\t\t\t\t<\/div>\n\t\t\t\t\t\t<\/div>\n\t\t\t\t\t<\/div>","protected":false},"excerpt":{"rendered":"<p>R\u00d3LUNK Friss\u00edtve: 2022.11.10. A L\u00f6WOLF Craft Beer Co. egy contract brewery, magyar gy\u00f6kerekkel. S\u00f6reink a mindegyike a HORIZONT f\u0151zd\u00e9j\u00e9ben k\u00e9sz\u00fcltek. Alapvet\u0151en \u00fajhull\u00e1mos, egy-egy szezonban valami\u00e9rt&#8230;<\/p>","protected":false},"author":1,"featured_media":0,"parent":0,"menu_order":0,"comment_status":"closed","ping_status":"closed","template":"","meta":{"spay_email":""},"_links":{"self":[{"href":"https:\/\/lowolfcraftbeer.com\/en\/wp-json\/wp\/v2\/pages\/4060"}],"collection":[{"href":"https:\/\/lowolfcraftbeer.com\/en\/wp-json\/wp\/v2\/pages"}],"about":[{"href":"https:\/\/lowolfcraftbeer.com\/en\/wp-json\/wp\/v2\/types\/page"}],"author":[{"embeddable":true,"href":"https:\/\/lowolfcraftbeer.com\/en\/wp-json\/wp\/v2\/users\/1"}],"replies":[{"embeddable":true,"href":"https:\/\/lowolfcraftbeer.com\/en\/wp-json\/wp\/v2\/comments?post=4060"}],"version-history":[{"count":24,"href":"https:\/\/lowolfcraftbeer.com\/en\/wp-json\/wp\/v2\/pages\/4060\/revisions"}],"predecessor-version":[{"id":7507,"href":"https:\/\/lowolfcraftbeer.com\/en\/wp-json\/wp\/v2\/pages\/4060\/revisions\/7507"}],"wp:attachment":[{"href":"https:\/\/lowolfcraftbeer.com\/en\/wp-json\/wp\/v2\/media?parent=4060"}],"curies":[{"name":"wp","href":"https:\/\/api.w.org\/{rel}","templated":true}]}}